{"id":3373,"date":"2022-05-18T16:48:03","date_gmt":"2022-05-18T14:48:03","guid":{"rendered":"https:\/\/superstore.ee\/?post_type=product&#038;p=3373"},"modified":"2022-08-08T14:02:15","modified_gmt":"2022-08-08T12:02:15","slug":"tommy-hilfigeri-kahene-komplekt-puksid-pikkade-kaistega-t-sark","status":"publish","type":"product","link":"https:\/\/superstore.ee\/index.php\/toode\/tommy-hilfigeri-kahene-komplekt-puksid-pikkade-kaistega-t-sark\/","title":{"rendered":"Laste Tommy Hilfigeri kahene komplekt p\u00fcksid + pikkade k\u00e4istega t-s\u00e4rk"},"content":{"rendered":"","protected":false},"excerpt":{"rendered":"<p><span style=\"font-weight: 400;\">\ud83c\uddea\ud83c\uddeaUus Tommy Hilfigeri kahene komplekt p\u00fcksid + pikkade k\u00e4istega t-s\u00e4rk<\/span><\/p>\n<p><span style=\"font-weight: 400;\">Suurused: 18M (76-81cm\/10-12kg)<\/span><\/p>\n<p>&nbsp;<\/p>\n<p><span style=\"font-weight: 400;\">\ud83c\uddf7\ud83c\uddfa\u041d\u043e\u0432\u044b\u0439 \u043a\u043e\u043c\u043f\u043b\u0435\u043a\u0442 Tommy Hilfiger \u0448\u0442\u0430\u043d\u044b + \u043a\u043e\u0444\u0442\u0430<\/span><\/p>\n<p><span style=\"font-weight: 400;\">\u0420\u0430\u0437\u043c\u0435\u0440\u044b: 18M (76-81cm\/10-12kg)<\/span><\/p>\n<p>&nbsp;<\/p>\n<p><span style=\"font-weight: 400;\">\ud83c\uddfa\ud83c\uddf8New Tommy Hilfiger Joggers and Long Sleeve T-shirt<\/span><\/p>\n<p><span style=\"font-weight: 400;\">Sizes: 18M (76-81cm\/10-12kg)<\/span><\/p>\n","protected":false},"featured_media":3428,"template":"","meta":{"jetpack_publicize_message":"","jetpack_publicize_feature_enabled":true,"jetpack_social_post_already_shared":false,"jetpack_social_options":{"image_generator_settings":{"template":"highway","default_image_id":0,"font":"","enabled":false},"version":2}},"product_brand":[],"product_cat":[15],"product_tag":[],"class_list":{"0":"post-3373","1":"product","2":"type-product","3":"status-publish","4":"has-post-thumbnail","6":"product_cat-maaramata","7":"pa_suurus-18m-76-81cm-10-12kg","9":"first","10":"outofstock","11":"sale","12":"sold-individually","13":"shipping-taxable","14":"product-type-variable"},"jetpack_publicize_connections":[],"jetpack_sharing_enabled":true,"jetpack_likes_enabled":true,"_links":{"self":[{"href":"https:\/\/superstore.ee\/index.php\/wp-json\/wp\/v2\/product\/3373","targetHints":{"allow":["GET"]}}],"collection":[{"href":"https:\/\/superstore.ee\/index.php\/wp-json\/wp\/v2\/product"}],"about":[{"href":"https:\/\/superstore.ee\/index.php\/wp-json\/wp\/v2\/types\/product"}],"wp:featuredmedia":[{"embeddable":true,"href":"https:\/\/superstore.ee\/index.php\/wp-json\/wp\/v2\/media\/3428"}],"wp:attachment":[{"href":"https:\/\/superstore.ee\/index.php\/wp-json\/wp\/v2\/media?parent=3373"}],"wp:term":[{"taxonomy":"product_brand","embeddable":true,"href":"https:\/\/superstore.ee\/index.php\/wp-json\/wp\/v2\/product_brand?post=3373"},{"taxonomy":"product_cat","embeddable":true,"href":"https:\/\/superstore.ee\/index.php\/wp-json\/wp\/v2\/product_cat?post=3373"},{"taxonomy":"product_tag","embeddable":true,"href":"https:\/\/superstore.ee\/index.php\/wp-json\/wp\/v2\/product_tag?post=3373"}],"curies":[{"name":"wp","href":"https:\/\/api.w.org\/{rel}","templated":true}]}}