{"id":3465,"date":"2022-05-25T22:00:54","date_gmt":"2022-05-25T20:00:54","guid":{"rendered":"https:\/\/superstore.ee\/?post_type=product&#038;p=3465"},"modified":"2022-08-02T10:18:58","modified_gmt":"2022-08-02T08:18:58","slug":"naiste-calvin-klein-retuusid-3","status":"publish","type":"product","link":"https:\/\/superstore.ee\/index.php\/toode\/naiste-calvin-klein-retuusid-3\/","title":{"rendered":"Naiste Calvin Klein retuusid"},"content":{"rendered":"","protected":false},"excerpt":{"rendered":"<p><span style=\"font-weight: 400;\">\ud83c\uddea\ud83c\uddea Naiste Calvin Klein retuusid<\/span><\/p>\n<p><span style=\"font-weight: 400;\">Suurus: 16a \/ sobib tavalisele XS suurusele ja pikkusele 170 cm+<\/span><\/p>\n<p><span style=\"font-weight: 400;\">M\u00f5\u00f5tmed: sises\u00e4\u00e4re pikkus 81cm, tuhara \u00fcmberm\u00f5\u00f5t 86cm<\/span><\/p>\n<p><span style=\"font-weight: 400;\">Materjal: 95% puuvill, 5% elastaan<\/span><\/p>\n<p>&nbsp;<\/p>\n<p><span style=\"font-weight: 400;\">\ud83c\uddf7\ud83c\uddfa\u00a0\u0416\u0435\u043d\u0441\u043a\u0438\u0435 \u043b\u0435\u0433\u0433\u0438\u043d\u0441\u044b Calvin Klein<\/span><\/p>\n<p><span style=\"font-weight: 400;\">\u0420\u0430\u0437\u043c\u0435\u0440: 16\u043b\u0435\u0442 \/ \u043f\u043e\u0434\u0445\u043e\u0434\u0438\u0442 \u043d\u0430 \u043e\u0431\u044b\u0447\u043d\u044b\u0439 XS \u0440\u0430\u0437\u043c\u0435\u0440 \u0438 \u0434\u043b\u0438\u043d\u0443 170 \u0441\u043c+<\/span><\/p>\n<p><span style=\"font-weight: 400;\">\u041f\u0430\u0440\u0430\u043c\u0435\u0442\u0440\u044b: \u0432\u043d\u0443\u0442\u0440\u0435\u043d\u043d\u044f\u044f \u0434\u043b\u0438\u043d\u0430 \u0448\u0442\u0430\u043d\u0438\u043d\u044b 81 \u0441\u043c, \u043e\u0431\u0445\u0432\u0430\u0442 \u044f\u0433\u043e\u0434\u0438\u0446 86 \u200b\u200b\u0441\u043c<\/span><\/p>\n<p><span style=\"font-weight: 400;\">\u041c\u0430\u0442\u0435\u0440\u0438\u0430\u043b: 95% \u0445\u043b\u043e\u043f\u043e\u043a, 5% \u044d\u043b\u0430\u0441\u0442\u0430\u043d<\/span><\/p>\n<p>&nbsp;<\/p>\n<p><span style=\"font-weight: 400;\">\ud83c\uddfa\ud83c\uddf8 Women&#8217;s Leggings Calvin Klein<\/span><\/p>\n<p><span style=\"font-weight: 400;\">Sizes: 16y \/ fits standard XS size and length 170cm+<\/span><\/p>\n<p><span style=\"font-weight: 400;\">Parameters: inner leg length 81 cm, buttocks circumference 86 cm<\/span><\/p>\n<p><span style=\"font-weight: 400;\">Material: 95% cotton 5% elastane<\/span><\/p>\n","protected":false},"featured_media":3528,"template":"","meta":{"jetpack_publicize_message":"","jetpack_publicize_feature_enabled":true,"jetpack_social_post_already_shared":false,"jetpack_social_options":{"image_generator_settings":{"template":"highway","default_image_id":0,"font":"","enabled":false},"version":2}},"product_brand":[],"product_cat":[15],"product_tag":[],"class_list":{"0":"post-3465","1":"product","2":"type-product","3":"status-publish","4":"has-post-thumbnail","6":"product_cat-maaramata","8":"first","9":"outofstock","10":"sale","11":"shipping-taxable","12":"purchasable","13":"product-type-simple"},"jetpack_publicize_connections":[],"jetpack_sharing_enabled":true,"jetpack_likes_enabled":true,"_links":{"self":[{"href":"https:\/\/superstore.ee\/index.php\/wp-json\/wp\/v2\/product\/3465","targetHints":{"allow":["GET"]}}],"collection":[{"href":"https:\/\/superstore.ee\/index.php\/wp-json\/wp\/v2\/product"}],"about":[{"href":"https:\/\/superstore.ee\/index.php\/wp-json\/wp\/v2\/types\/product"}],"wp:featuredmedia":[{"embeddable":true,"href":"https:\/\/superstore.ee\/index.php\/wp-json\/wp\/v2\/media\/3528"}],"wp:attachment":[{"href":"https:\/\/superstore.ee\/index.php\/wp-json\/wp\/v2\/media?parent=3465"}],"wp:term":[{"taxonomy":"product_brand","embeddable":true,"href":"https:\/\/superstore.ee\/index.php\/wp-json\/wp\/v2\/product_brand?post=3465"},{"taxonomy":"product_cat","embeddable":true,"href":"https:\/\/superstore.ee\/index.php\/wp-json\/wp\/v2\/product_cat?post=3465"},{"taxonomy":"product_tag","embeddable":true,"href":"https:\/\/superstore.ee\/index.php\/wp-json\/wp\/v2\/product_tag?post=3465"}],"curies":[{"name":"wp","href":"https:\/\/api.w.org\/{rel}","templated":true}]}}