{"id":3599,"date":"2022-05-28T20:49:50","date_gmt":"2022-05-28T18:49:50","guid":{"rendered":"https:\/\/superstore.ee\/?post_type=product&#038;p=3599"},"modified":"2022-09-03T09:41:45","modified_gmt":"2022-09-03T07:41:45","slug":"calvin-klein-kahepoolne-voo-pruun-karamell","status":"publish","type":"product","link":"https:\/\/superstore.ee\/index.php\/toode\/calvin-klein-kahepoolne-voo-pruun-karamell\/","title":{"rendered":"Calvin Klein kahepoolne v\u00f6\u00f6 (tumepruun + karamell)"},"content":{"rendered":"","protected":false},"excerpt":{"rendered":"<p><span style=\"font-weight:400\">\ud83c\uddea\ud83c\uddea Calvin Klein kahepoolne v\u00f6\u00f6 (tumepruun + karamell)<\/span><br \/>\n<span style=\"font-weight:400\">V\u00e4rv: \u00fcks pool on tumepruun, teine pool on karamelli v\u00e4rvi<\/span><br \/>\n<span style=\"font-weight:400\">Laius: 3cm<\/span><br \/>\n<span style=\"font-weight:400\">Suurused: 75, 80, 85<\/span><br \/>\n<span style=\"font-weight:400\">Materjal: pol\u00fcuretaan<\/span><\/p>\n<p><span style=\"font-weight:400\">\ud83c\uddf7\ud83c\uddfa \u0414\u0432\u0443\u0441\u0442\u043e\u0440\u043e\u043d\u043d\u0438\u0439 \u0440\u0435\u043c\u0435\u043d\u044c Calvin Klein (\u0442\u0435\u043c\u043d\u043e-\u043a\u043e\u0440\u0438\u0447\u043d\u0435\u0432\u044b\u0439 + \u043a\u0430\u0440\u0430\u043c\u0435\u043b\u044c)<\/span><br \/>\n<span style=\"font-weight:400\">\u0426\u0432\u0435\u0442: \u043e\u0434\u043d\u0430 \u0441\u0442\u043e\u0440\u043e\u043d\u0430 \u043a\u043e\u0440\u0438\u0447\u043d\u0435\u0432\u0430\u044f, \u0434\u0440\u0443\u0433\u0430\u044f \u0441\u0442\u043e\u0440\u043e\u043d\u0430 \u043a\u0430\u0440\u0430\u043c\u0435\u043b\u044c\u043d\u043e\u0433\u043e \u0446\u0432\u0435\u0442\u0430<\/span><br \/>\n<span style=\"font-weight:400\">\u0428\u0438\u0440\u0438\u043d\u0430: 3\u0441\u043c<\/span><br \/>\n<span style=\"font-weight:400\">\u0420\u0430\u0437\u043c\u0435\u0440\u044b: 75, 80, 85<\/span><br \/>\n<span style=\"font-weight:400\">\u041c\u0430\u0442\u0435\u0440\u0438\u0430\u043b: \u043f\u043e\u043b\u0438\u0443\u0440\u0435\u0442\u0430\u043d<\/span><\/p>\n<p><span style=\"font-weight:400\">\ud83c\uddfa\ud83c\uddf8 Calvin Klein Reversible belt (dark brown + caramel)<\/span><br \/>\n<span style=\"font-weight:400\">Color: one side is brown, the other side is caramel<\/span><br \/>\n<span style=\"font-weight:400\">Width: 3cm<\/span><br \/>\n<span style=\"font-weight:400\">Sizes: 75, 80, 85<\/span><br \/>\n<span style=\"font-weight:400\">Material: polyurethane<\/span><\/p>\n","protected":false},"featured_media":3741,"template":"","meta":{"jetpack_publicize_message":"","jetpack_publicize_feature_enabled":true,"jetpack_social_post_already_shared":false,"jetpack_social_options":{"image_generator_settings":{"template":"highway","default_image_id":0,"font":"","enabled":false},"version":2}},"product_brand":[],"product_cat":[15],"product_tag":[],"class_list":{"0":"post-3599","1":"product","2":"type-product","3":"status-publish","4":"has-post-thumbnail","6":"product_cat-maaramata","7":"pa_suurus-89","8":"pa_suurus-73","9":"pa_suurus-87","11":"first","12":"outofstock","13":"sale","14":"sold-individually","15":"shipping-taxable","16":"product-type-variable"},"jetpack_publicize_connections":[],"jetpack_sharing_enabled":true,"jetpack_likes_enabled":true,"_links":{"self":[{"href":"https:\/\/superstore.ee\/index.php\/wp-json\/wp\/v2\/product\/3599","targetHints":{"allow":["GET"]}}],"collection":[{"href":"https:\/\/superstore.ee\/index.php\/wp-json\/wp\/v2\/product"}],"about":[{"href":"https:\/\/superstore.ee\/index.php\/wp-json\/wp\/v2\/types\/product"}],"wp:featuredmedia":[{"embeddable":true,"href":"https:\/\/superstore.ee\/index.php\/wp-json\/wp\/v2\/media\/3741"}],"wp:attachment":[{"href":"https:\/\/superstore.ee\/index.php\/wp-json\/wp\/v2\/media?parent=3599"}],"wp:term":[{"taxonomy":"product_brand","embeddable":true,"href":"https:\/\/superstore.ee\/index.php\/wp-json\/wp\/v2\/product_brand?post=3599"},{"taxonomy":"product_cat","embeddable":true,"href":"https:\/\/superstore.ee\/index.php\/wp-json\/wp\/v2\/product_cat?post=3599"},{"taxonomy":"product_tag","embeddable":true,"href":"https:\/\/superstore.ee\/index.php\/wp-json\/wp\/v2\/product_tag?post=3599"}],"curies":[{"name":"wp","href":"https:\/\/api.w.org\/{rel}","templated":true}]}}