{"id":369,"date":"2021-12-06T10:03:45","date_gmt":"2021-12-06T10:03:45","guid":{"rendered":"https:\/\/superstore.ee\/?post_type=product&#038;p=369"},"modified":"2022-02-03T21:22:28","modified_gmt":"2022-02-03T19:22:28","slug":"meeste-calvin-klein-nahkvoo","status":"publish","type":"product","link":"https:\/\/superstore.ee\/index.php\/toode\/meeste-calvin-klein-nahkvoo\/","title":{"rendered":"Meeste Calvin Klein nahkv\u00f6\u00f6"},"content":{"rendered":"","protected":false},"excerpt":{"rendered":"<p>Uus meeste originaalne Calvin Klein v\u00f6\u00f6<br \/>\nMaterjal: 100% t\u00e4isnahk<br \/>\nLaius: 3,5cm<\/p>\n<p>\u041d\u043e\u0432\u044b\u0439 \u043e\u0440\u0438\u0433\u0438\u043d\u0430\u043b\u044c\u043d\u044b\u0439 \u043c\u0443\u0436\u0441\u043a\u043e\u0439 \u0440\u0435\u043c\u0435\u043d\u044c Calvin Klein<br \/>\n\u0428\u0438\u0440\u0438\u043d\u0430: 3,5\u0441\u043c<br \/>\n\u041c\u0430\u0442\u0435\u0440\u0438\u0430\u043b: 100% \u043d\u0430\u0441\u0442\u043e\u044f\u0449\u0430\u044f \u043a\u043e\u0436\u0430<\/p>\n","protected":false},"featured_media":365,"template":"","meta":{"jetpack_publicize_message":"","jetpack_publicize_feature_enabled":true,"jetpack_social_post_already_shared":false,"jetpack_social_options":{"image_generator_settings":{"template":"highway","default_image_id":0,"font":"","enabled":false},"version":2}},"product_brand":[],"product_cat":[15],"product_tag":[34,58],"class_list":{"0":"post-369","1":"product","2":"type-product","3":"status-publish","4":"has-post-thumbnail","6":"product_cat-maaramata","7":"product_tag-mehed","8":"product_tag-vood","9":"pa_suurus-74","10":"pa_suurus-75","11":"pa_suurus-73","13":"first","14":"outofstock","15":"sale","16":"shipping-taxable","17":"product-type-variable"},"jetpack_publicize_connections":[],"jetpack_sharing_enabled":true,"jetpack_likes_enabled":true,"_links":{"self":[{"href":"https:\/\/superstore.ee\/index.php\/wp-json\/wp\/v2\/product\/369","targetHints":{"allow":["GET"]}}],"collection":[{"href":"https:\/\/superstore.ee\/index.php\/wp-json\/wp\/v2\/product"}],"about":[{"href":"https:\/\/superstore.ee\/index.php\/wp-json\/wp\/v2\/types\/product"}],"wp:featuredmedia":[{"embeddable":true,"href":"https:\/\/superstore.ee\/index.php\/wp-json\/wp\/v2\/media\/365"}],"wp:attachment":[{"href":"https:\/\/superstore.ee\/index.php\/wp-json\/wp\/v2\/media?parent=369"}],"wp:term":[{"taxonomy":"product_brand","embeddable":true,"href":"https:\/\/superstore.ee\/index.php\/wp-json\/wp\/v2\/product_brand?post=369"},{"taxonomy":"product_cat","embeddable":true,"href":"https:\/\/superstore.ee\/index.php\/wp-json\/wp\/v2\/product_cat?post=369"},{"taxonomy":"product_tag","embeddable":true,"href":"https:\/\/superstore.ee\/index.php\/wp-json\/wp\/v2\/product_tag?post=369"}],"curies":[{"name":"wp","href":"https:\/\/api.w.org\/{rel}","templated":true}]}}