{"id":3912,"date":"2022-06-09T13:01:34","date_gmt":"2022-06-09T11:01:34","guid":{"rendered":"https:\/\/superstore.ee\/?post_type=product&#038;p=3912"},"modified":"2022-12-13T07:50:52","modified_gmt":"2022-12-13T05:50:52","slug":"naiste-pesu-tommy-hilfiger","status":"publish","type":"product","link":"https:\/\/superstore.ee\/index.php\/toode\/naiste-pesu-tommy-hilfiger\/","title":{"rendered":"Naiste pesu Tommy Hilfiger"},"content":{"rendered":"","protected":false},"excerpt":{"rendered":"<p>\ud83c\uddea\ud83c\uddea Naiste pesu Tommy Hilfiger<br \/>\nSuurus: M<br \/>\nMaterjal: 95% puuvill, 5% elastaan<br \/>\nV\u00e4rvid: roosa, valge, valge logoga, tumesinine, hall<br \/>\nNB! Pesu on uus, kuid sildid puuduvad (v\u00f5etud v\u00e4lja \u00fchest pakist)<\/p>\n<p>\ud83c\uddf7\ud83c\uddfa \u0416\u0435\u043d\u0441\u043a\u043e\u0435 \u0431\u0435\u043b\u044c\u0435 Tommy Hilfiger<br \/>\n\u0420\u0430\u0437\u043c\u0435\u0440: M<br \/>\n<span id=\"docs-internal-guid-2b8e98f5-7fff-2024-9536-686b104aa871\" style=\"font-size:8.0pt;font-family:Arial;color:#666666;background-color:#ffffff;font-weight:400;font-style:normal;font-variant:normal;text-decoration:none;vertical-align:baseline\">\u041c\u0430\u0442\u0435\u0440\u0438\u0430\u043b: 95% \u0445\u043b\u043e\u043f\u043e\u043a, 5% \u044d\u043b\u0430\u0441\u0442\u0430\u043d<\/span><br \/>\n\u0426\u0432\u0435\u0442\u0430: \u0442\u0435\u043c\u043d\u043e-\u0441\u0438\u043d\u0438\u0439, \u0441\u0435\u0440\u044b\u0439, \u0431\u0435\u043b\u044b\u0439, \u0431\u0435\u043b\u044b\u0439 \u0441 \u043b\u043e\u0433\u043e, \u0440\u043e\u0437\u043e\u0432\u044b\u0439<br \/>\nNB! \u0411\u0435\u043b\u044c\u0451 \u043d\u043e\u0432\u043e\u0435, \u043d\u043e \u0431\u0438\u0440\u043a\u0438 \u043e\u0442\u0441\u0443\u0442\u0441\u0442\u0432\u0443\u044e\u0442 (\u0432\u0437\u044f\u0442\u043e \u0438\u0437 \u043e\u0434\u043d\u043e\u0439 \u0443\u043f\u0430\u043a\u043e\u0432\u043a\u0438)<\/p>\n<p>\ud83c\uddfa\ud83c\uddf8Tommy Hilfiger Bikini<br \/>\nSize: M<br \/>\n<span id=\"docs-internal-guid-4899bfe1-7fff-b4ef-7672-725aa8805e9f\" style=\"font-size:8.0pt;font-family:Arial;color:#666666;background-color:#ffffff;font-weight:400;font-style:normal;font-variant:normal;text-decoration:none;vertical-align:baseline\">Material: 95% cotton, 5% elastane<\/span><br \/>\nColors: dark blue, gray, white, white with logo, pink<br \/>\nNB! The bikini is new, but the tags are missing (taken from a package that contained several bikinis together)<\/p>\n","protected":false},"featured_media":3905,"template":"","meta":{"jetpack_publicize_message":"","jetpack_publicize_feature_enabled":true,"jetpack_social_post_already_shared":true,"jetpack_social_options":{"image_generator_settings":{"template":"highway","default_image_id":0,"font":"","enabled":false},"version":2}},"product_brand":[],"product_cat":[15],"product_tag":[],"class_list":{"0":"post-3912","1":"product","2":"type-product","3":"status-publish","4":"has-post-thumbnail","6":"product_cat-maaramata","7":"pa_varv-hall","8":"pa_varv-roosa","9":"pa_varv-tumesinine","10":"pa_varv-valge","11":"pa_varv-valge-logoga","13":"first","14":"outofstock","15":"sold-individually","16":"shipping-taxable","17":"product-type-variable"},"jetpack_publicize_connections":[],"jetpack_sharing_enabled":true,"jetpack_likes_enabled":true,"_links":{"self":[{"href":"https:\/\/superstore.ee\/index.php\/wp-json\/wp\/v2\/product\/3912","targetHints":{"allow":["GET"]}}],"collection":[{"href":"https:\/\/superstore.ee\/index.php\/wp-json\/wp\/v2\/product"}],"about":[{"href":"https:\/\/superstore.ee\/index.php\/wp-json\/wp\/v2\/types\/product"}],"wp:featuredmedia":[{"embeddable":true,"href":"https:\/\/superstore.ee\/index.php\/wp-json\/wp\/v2\/media\/3905"}],"wp:attachment":[{"href":"https:\/\/superstore.ee\/index.php\/wp-json\/wp\/v2\/media?parent=3912"}],"wp:term":[{"taxonomy":"product_brand","embeddable":true,"href":"https:\/\/superstore.ee\/index.php\/wp-json\/wp\/v2\/product_brand?post=3912"},{"taxonomy":"product_cat","embeddable":true,"href":"https:\/\/superstore.ee\/index.php\/wp-json\/wp\/v2\/product_cat?post=3912"},{"taxonomy":"product_tag","embeddable":true,"href":"https:\/\/superstore.ee\/index.php\/wp-json\/wp\/v2\/product_tag?post=3912"}],"curies":[{"name":"wp","href":"https:\/\/api.w.org\/{rel}","templated":true}]}}