{"id":4073,"date":"2022-06-13T14:20:52","date_gmt":"2022-06-13T12:20:52","guid":{"rendered":"https:\/\/superstore.ee\/?post_type=product&#038;p=4073"},"modified":"2022-08-09T10:01:19","modified_gmt":"2022-08-09T08:01:19","slug":"calvin-klein-pusa-must-roosa","status":"publish","type":"product","link":"https:\/\/superstore.ee\/index.php\/toode\/calvin-klein-pusa-must-roosa\/","title":{"rendered":"Calvin Klein pusa (must, roosa)"},"content":{"rendered":"","protected":false},"excerpt":{"rendered":"<p>\ud83c\uddea\ud83c\uddea Calvin Klein naiste pusa<br \/>\nV\u00e4rvid: must, roosa<br \/>\nSuurus: 16a, sobib tavalisele S suurusele (pildil on S suuruse kandja)<br \/>\nMaterjal: 100% puuvill<br \/>\nT\u00e4ishind: 65\u20ac<br \/>\n\ud83e\udde9 Must pusa: rind 100cm, \u00fcldpikkus \u00f5last 62cm, varruka pikkus \u00f5last 64cm, \u00f5lg 8cm<br \/>\n\ud83e\udde9 Roosa pusa: rind 102cm, \u00fcldpikkus \u00f5last 53cm, varruka pikkus \u00f5last 62cm, \u00f5lg 10cm<\/p>\n<p>\ud83c\uddf7\ud83c\uddfa Calvin Klein \u0445\u0443\u0434\u0438<br \/>\n\u0426\u0432\u0435\u0442\u0430: \u0447\u0435\u0440\u043d\u044b\u0439, \u0440\u043e\u0437\u043e\u0432\u044b\u0439<br \/>\n\u0420\u0430\u0437\u043c\u0435\u0440: 16\u043b\u0435\u0442, \u043f\u043e\u0434\u0445\u043e\u0434\u0438\u0442 \u043d\u0430 \u043e\u0431\u044b\u0447\u043d\u044b\u0439 S \u0440\u0430\u0437\u043c\u0435\u0440 (\u0434\u0435\u0432\u0443\u0448\u043a\u0430, \u0447\u0442\u043e \u043d\u0430 \u0444\u043e\u0442\u043e, \u043d\u043e\u0441\u0438\u0442 \u0440\u0430\u0437\u043c\u0435\u0440 S)<br \/>\n\u041c\u0430\u0442\u0435\u0440\u0438\u0430\u043b: 100% \u0445\u043b\u043e\u043f\u043e\u043a<br \/>\n\u041f\u043e\u043b\u043d\u0430\u044f \u0446\u0435\u043d\u0430: 65\u20ac<br \/>\n\ud83e\udde9 \u0427\u0451\u0440\u043d\u0430\u044f \u0445\u0443\u0434\u0438: \u0433\u0440\u0443\u0434\u044c 100\u0441\u043c, \u043e\u0431\u0449\u0430\u044f \u0434\u043b\u0438\u043d\u0430 \u043e\u0442 \u043f\u043b\u0435\u0447\u0430 62\u0441\u043c, \u0434\u043b\u0438\u043d\u0430 \u0440\u0443\u043a\u0430\u0432\u0430 \u043e\u0442 \u043f\u043b\u0435\u0447\u0430 64\u0441\u043c, \u043f\u043b\u0435\u0447\u043e 8\u0441\u043c<br \/>\n\ud83e\udde9 \u0420\u043e\u0437\u043e\u0432\u0430\u044f \u0445\u0443\u0434\u0438: \u0433\u0440\u0443\u0434\u044c 102\u0441\u043c, \u043e\u0431\u0449\u0430\u044f \u0434\u043b\u0438\u043d\u0430 \u043e\u0442 \u043f\u043b\u0435\u0447\u0430 53\u0441\u043c, \u0434\u043b\u0438\u043d\u0430 \u0440\u0443\u043a\u0430\u0432\u0430 \u043e\u0442 \u043f\u043b\u0435\u0447\u0430 62\u0441\u043c, \u043f\u043b\u0435\u0447\u043e 10\u0441\u043c<\/p>\n<p>\ud83c\uddfa\ud83c\uddf8 Calvin Klein hoodie<br \/>\nColors: black, pink<br \/>\nSize: 16y, fits S size<br \/>\nMaterial: 100% cotton<br \/>\nFull price: 65\u20ac<br \/>\n\ud83e\udde9 Black hoodie: chest 100cm, total length from shoulder 62cm, sleeve length from shoulder 64cm, shoulder 8cm<br \/>\n\ud83e\udde9 Pink hoodie: chest 102cm, total length from shoulder 53cm, sleeve length from shoulder 62cm, shoulder 10cm<\/p>\n","protected":false},"featured_media":4086,"template":"","meta":{"jetpack_publicize_message":"","jetpack_publicize_feature_enabled":true,"jetpack_social_post_already_shared":true,"jetpack_social_options":{"image_generator_settings":{"template":"highway","default_image_id":0,"font":"","enabled":false},"version":2}},"product_brand":[],"product_cat":[15],"product_tag":[],"class_list":{"0":"post-4073","1":"product","2":"type-product","3":"status-publish","4":"has-post-thumbnail","6":"product_cat-maaramata","7":"pa_varv-must","8":"pa_varv-roosa","10":"first","11":"outofstock","12":"sale","13":"sold-individually","14":"shipping-taxable","15":"product-type-variable"},"jetpack_publicize_connections":[],"jetpack_sharing_enabled":true,"jetpack_likes_enabled":true,"_links":{"self":[{"href":"https:\/\/superstore.ee\/index.php\/wp-json\/wp\/v2\/product\/4073","targetHints":{"allow":["GET"]}}],"collection":[{"href":"https:\/\/superstore.ee\/index.php\/wp-json\/wp\/v2\/product"}],"about":[{"href":"https:\/\/superstore.ee\/index.php\/wp-json\/wp\/v2\/types\/product"}],"wp:featuredmedia":[{"embeddable":true,"href":"https:\/\/superstore.ee\/index.php\/wp-json\/wp\/v2\/media\/4086"}],"wp:attachment":[{"href":"https:\/\/superstore.ee\/index.php\/wp-json\/wp\/v2\/media?parent=4073"}],"wp:term":[{"taxonomy":"product_brand","embeddable":true,"href":"https:\/\/superstore.ee\/index.php\/wp-json\/wp\/v2\/product_brand?post=4073"},{"taxonomy":"product_cat","embeddable":true,"href":"https:\/\/superstore.ee\/index.php\/wp-json\/wp\/v2\/product_cat?post=4073"},{"taxonomy":"product_tag","embeddable":true,"href":"https:\/\/superstore.ee\/index.php\/wp-json\/wp\/v2\/product_tag?post=4073"}],"curies":[{"name":"wp","href":"https:\/\/api.w.org\/{rel}","templated":true}]}}