{"id":4119,"date":"2022-06-21T22:39:52","date_gmt":"2022-06-21T20:39:52","guid":{"rendered":"https:\/\/superstore.ee\/?post_type=product&#038;p=4119"},"modified":"2022-09-22T14:11:36","modified_gmt":"2022-09-22T12:11:36","slug":"poiste-calvin-klein-kolmene-komplekt-2-t-sarki-luhikesed-puksid","status":"publish","type":"product","link":"https:\/\/superstore.ee\/index.php\/toode\/poiste-calvin-klein-kolmene-komplekt-2-t-sarki-luhikesed-puksid\/","title":{"rendered":"Poiste Calvin Klein kolmene komplekt 2 t-s\u00e4rki + l\u00fchikesed p\u00fcksid"},"content":{"rendered":"","protected":false},"excerpt":{"rendered":"<p><span style=\"font-weight: 400;\">\ud83c\uddea\ud83c\uddea Poiste Calvin Klein kolmene komplekt 2 t-s\u00e4rki + l\u00fchikesed p\u00fcksid<\/span><\/p>\n<p><span style=\"font-weight: 400;\">Suurused:<br \/>\n3T (91-97cm\/15-16kg),<br \/>\n5(107-114cm\/18-20kg),<br \/>\n6(114-122cm\/20-23kg),<br \/>\n7(122-130cm\/23-25kg)<br \/>\n<\/span><\/p>\n<p><span style=\"font-weight: 400;\">T-s\u00e4rgid: 100% puuvill<\/span><\/p>\n<p><span style=\"font-weight: 400;\">L\u00fchikesed p\u00fcksid: 60% puuvilla, 40% pol\u00fcester<\/span><\/p>\n<p>&nbsp;<\/p>\n<p><span style=\"font-weight: 400;\">\ud83c\uddf7\ud83c\uddfa \u041a\u043e\u043c\u043f\u043b\u0435\u043a\u0442 Calvin Klein \u043d\u0430 \u043c\u0430\u043b\u044c\u0447\u0438\u043a\u0430 2 \u0444\u0443\u0442\u0431\u043e\u043b\u043a\u0438 + \u0448\u043e\u0440\u0442\u044b<\/span><\/p>\n<p><span style=\"font-weight: 400;\">\u0420\u0430\u0437\u043c\u0435\u0440\u044b:<br \/>\n3T (91-97cm\/15-16kg),<br \/>\n5(107-114cm\/18-20kg),<br \/>\n6(114-122cm\/20-23kg),<br \/>\n7(122-130cm\/23-25kg)<\/span><\/p>\n<p><span style=\"font-weight: 400;\">\u0424\u0443\u0442\u0431\u043e\u043b\u043a\u0438: 100% \u0445\u043b\u043e\u043f\u043e\u043a<\/span><\/p>\n<p><span style=\"font-weight: 400;\">\u0428\u043e\u0440\u0442\u044b: 60% \u0445\u043b\u043e\u043f\u043e\u043a, 40% \u043f\u043e\u043b\u0438\u044d\u0441\u0442\u0435\u0440<\/span><\/p>\n<p>&nbsp;<\/p>\n<p><span style=\"font-weight: 400;\">\ud83c\uddfa\ud83c\uddf8 Boy\u2019s Calvin Klein 3-piece Set 2 t-shirts &amp; Shorts<\/span><\/p>\n<p><span style=\"font-weight: 400;\">Sizes:<br \/>\n3T (91-97cm\/15-16kg),<br \/>\n5(107-114cm\/18-20kg),<br \/>\n6(114-122cm\/20-23kg),<br \/>\n7(122-130cm\/23-25kg)<\/span><\/p>\n<p><span style=\"font-weight: 400;\">T-shirts: 100% Cotton<\/span><\/p>\n<p><span style=\"font-weight: 400;\">Shorts: 60% Cotton, 40% Polyester<\/span><\/p>\n","protected":false},"featured_media":4127,"template":"","meta":{"jetpack_publicize_message":"","jetpack_publicize_feature_enabled":true,"jetpack_social_post_already_shared":true,"jetpack_social_options":{"image_generator_settings":{"template":"highway","default_image_id":0,"font":"","enabled":false},"version":2}},"product_brand":[],"product_cat":[15],"product_tag":[],"class_list":{"0":"post-4119","1":"product","2":"type-product","3":"status-publish","4":"has-post-thumbnail","6":"product_cat-maaramata","7":"pa_suurus-3t-91-97cm-15-16kg","8":"pa_suurus-4t-97-102cm-16-18kg","9":"pa_suurus-5-107-114cm-18-20kg","10":"pa_suurus-6-114-122cm-20-23kg","11":"pa_suurus-7-122-130cm-23-25kg","13":"first","14":"outofstock","15":"sale","16":"shipping-taxable","17":"product-type-variable"},"jetpack_publicize_connections":[],"jetpack_sharing_enabled":true,"jetpack_likes_enabled":true,"_links":{"self":[{"href":"https:\/\/superstore.ee\/index.php\/wp-json\/wp\/v2\/product\/4119","targetHints":{"allow":["GET"]}}],"collection":[{"href":"https:\/\/superstore.ee\/index.php\/wp-json\/wp\/v2\/product"}],"about":[{"href":"https:\/\/superstore.ee\/index.php\/wp-json\/wp\/v2\/types\/product"}],"wp:featuredmedia":[{"embeddable":true,"href":"https:\/\/superstore.ee\/index.php\/wp-json\/wp\/v2\/media\/4127"}],"wp:attachment":[{"href":"https:\/\/superstore.ee\/index.php\/wp-json\/wp\/v2\/media?parent=4119"}],"wp:term":[{"taxonomy":"product_brand","embeddable":true,"href":"https:\/\/superstore.ee\/index.php\/wp-json\/wp\/v2\/product_brand?post=4119"},{"taxonomy":"product_cat","embeddable":true,"href":"https:\/\/superstore.ee\/index.php\/wp-json\/wp\/v2\/product_cat?post=4119"},{"taxonomy":"product_tag","embeddable":true,"href":"https:\/\/superstore.ee\/index.php\/wp-json\/wp\/v2\/product_tag?post=4119"}],"curies":[{"name":"wp","href":"https:\/\/api.w.org\/{rel}","templated":true}]}}