{"id":4129,"date":"2022-06-21T22:45:54","date_gmt":"2022-06-21T20:45:54","guid":{"rendered":"https:\/\/superstore.ee\/?post_type=product&#038;p=4129"},"modified":"2024-06-08T13:43:53","modified_gmt":"2024-06-08T11:43:53","slug":"tudrukute-calvin-klein-kolmene-komplekt-2-t-sarki-luhikesed-puksid","status":"publish","type":"product","link":"https:\/\/superstore.ee\/index.php\/toode\/tudrukute-calvin-klein-kolmene-komplekt-2-t-sarki-luhikesed-puksid\/","title":{"rendered":"T\u00fcdrukute Calvin Klein kolmene komplekt 2 t-s\u00e4rki + l\u00fchikesed p\u00fcksid"},"content":{"rendered":"","protected":false},"excerpt":{"rendered":"<p><span style=\"font-weight: 400;\">\ud83c\uddea\ud83c\uddea T\u00fcdrukute Calvin Klein kolmene komplekt 2 t-s\u00e4rki + l\u00fchikesed p\u00fcksid<\/span><br \/>\n<span style=\"font-weight: 400;\">Suurused: 3T (89-94cm\/15-16kg)<\/span><br \/>\n<span style=\"font-weight: 400;\">Materjal: 100% puuvill<\/span><\/p>\n<p><span style=\"font-weight: 400;\">\ud83c\uddf7\ud83c\uddfa \u041a\u043e\u043c\u043f\u043b\u0435\u043a\u0442 Calvin Klein \u043d\u0430 \u0434\u0435\u0432\u043e\u0447\u043a\u0443 \u0444\u0443\u0442\u0431\u043e\u043b\u043a\u0430 + \u043c\u0430\u0439\u043a\u0430 + \u0448\u043e\u0440\u0442\u044b<\/span><br \/>\n<span style=\"font-weight: 400;\">\u0420\u0430\u0437\u043c\u0435\u0440\u044b: 3T (89-94cm\/15-16kg)<\/span><\/p>\n<p>\u041c\u0430\u0442\u0435\u0440\u0438\u0430\u043b<span style=\"font-weight: 400;\">: 100% \u0445\u043b\u043e\u043f\u043e\u043a<\/span><\/p>\n<p><span style=\"font-weight: 400;\">\ud83c\uddfa\ud83c\uddf8 Girl\u2019s Calvin Klein 3-piece Set T-shirt &amp; Tank Top &amp; Shorts<\/span><br \/>\n<span style=\"font-weight: 400;\">Sizes: 3T (89-94cm\/15-16kg)<\/span><\/p>\n<p>Material:<span style=\"font-weight: 400;\"> 100% Cotton<\/span><\/p>\n","protected":false},"featured_media":4137,"template":"","meta":{"jetpack_publicize_message":"","jetpack_publicize_feature_enabled":true,"jetpack_social_post_already_shared":true,"jetpack_social_options":{"image_generator_settings":{"template":"highway","default_image_id":0,"font":"","enabled":false},"version":2}},"product_brand":[],"product_cat":[631],"product_tag":[],"class_list":{"0":"post-4129","1":"product","2":"type-product","3":"status-publish","4":"has-post-thumbnail","6":"product_cat-sale","7":"pa_suurus-3a","8":"pa_suurus-3t-89-94cm-15-16kg","9":"pa_suurus-3t-ainult-kleit-defektiga","10":"pa_suurus-4a","11":"pa_suurus-4t-99-104cm-16-18kg","13":"first","14":"outofstock","15":"sale","16":"shipping-taxable","17":"purchasable","18":"product-type-simple"},"jetpack_publicize_connections":[],"jetpack_sharing_enabled":true,"jetpack_likes_enabled":true,"_links":{"self":[{"href":"https:\/\/superstore.ee\/index.php\/wp-json\/wp\/v2\/product\/4129","targetHints":{"allow":["GET"]}}],"collection":[{"href":"https:\/\/superstore.ee\/index.php\/wp-json\/wp\/v2\/product"}],"about":[{"href":"https:\/\/superstore.ee\/index.php\/wp-json\/wp\/v2\/types\/product"}],"wp:featuredmedia":[{"embeddable":true,"href":"https:\/\/superstore.ee\/index.php\/wp-json\/wp\/v2\/media\/4137"}],"wp:attachment":[{"href":"https:\/\/superstore.ee\/index.php\/wp-json\/wp\/v2\/media?parent=4129"}],"wp:term":[{"taxonomy":"product_brand","embeddable":true,"href":"https:\/\/superstore.ee\/index.php\/wp-json\/wp\/v2\/product_brand?post=4129"},{"taxonomy":"product_cat","embeddable":true,"href":"https:\/\/superstore.ee\/index.php\/wp-json\/wp\/v2\/product_cat?post=4129"},{"taxonomy":"product_tag","embeddable":true,"href":"https:\/\/superstore.ee\/index.php\/wp-json\/wp\/v2\/product_tag?post=4129"}],"curies":[{"name":"wp","href":"https:\/\/api.w.org\/{rel}","templated":true}]}}