{"id":45,"date":"2021-12-04T23:25:27","date_gmt":"2021-12-04T21:25:27","guid":{"rendered":"https:\/\/superstore.ee\/?post_type=product&#038;p=45"},"modified":"2024-08-15T21:07:51","modified_gmt":"2024-08-15T19:07:51","slug":"meeste-calvin-klein-korge-kaelusega-pluus","status":"publish","type":"product","link":"https:\/\/superstore.ee\/index.php\/toode\/meeste-calvin-klein-korge-kaelusega-pluus\/","title":{"rendered":"Meeste Calvin Klein k\u00f5rge kaelusega pluus"},"content":{"rendered":"","protected":false},"excerpt":{"rendered":"<p>\ud83c\uddea\ud83c\uddea Uus originaalne meeste Calvin Klein k\u00f5rge kaelusega pluus<br \/>\nSuurus: S (sobib M suurusele)<br \/>\nM\u00f5\u00f5tmed: rind 108cm, \u00fcldpikkus 67cm, varruka pikkus kaenla alt 51cm, varruka pikkus \u00f5last 64cm<br \/>\nMaterjal: 100% puuvill<\/p>\n<p>\ud83c\uddf7\ud83c\uddfa\u041d\u043e\u0432\u0430\u044f \u043e\u0440\u0438\u0433\u0438\u043d\u0430\u043b\u044c\u043d\u0430\u044f \u043c\u0443\u0436\u0441\u043a\u0430\u044f \u0432\u043e\u0434\u043e\u043b\u0430\u0437\u043a\u0430 Calvin Klein<br \/>\n\u0420\u0430\u0437\u043c\u0435\u0440: S (\u043f\u043e\u0434\u0445\u043e\u0434\u0438\u0442 \u043d\u0430 M \u0440\u0430\u0437\u043c\u0435\u0440)<br \/>\n\u041f\u0430\u0440\u0430\u043c\u0435\u0442\u0440\u044b: \u043e\u0431\u0445\u0432\u0430\u0442 \u0433\u0440\u0443\u0434\u0438 108 \u0441\u043c, \u043e\u0431\u0449\u0430\u044f \u0434\u043b\u0438\u043d\u0430 67 \u0441\u043c, \u0434\u043b\u0438\u043d\u0430 \u0440\u0443\u043a\u0430\u0432\u0430 \u043f\u043e\u0434 \u043c\u044b\u0448\u043a\u043e\u0439 51 \u0441\u043c, \u0434\u043b\u0438\u043d\u0430 \u0440\u0443\u043a\u0430\u0432\u0430 \u043e\u0442 \u043f\u043b\u0435\u0447\u0430 64 \u0441\u043c.<br \/>\n\u041c\u0430\u0442\u0435\u0440\u0438\u0430\u043b: 100% \u0445\u043b\u043e\u043f\u043e\u043a<\/p>\n<p>\ud83c\uddfa\ud83c\uddf8 Men&#8217;s Calvin Klein long sleeve t-shirt<br \/>\nSize: S fits M<br \/>\nMaterial: 100% cotton<br \/>\nParameters: chest 108cm, total length 67cm, sleeve length under the armpit 51cm, sleeve length from the shoulder 64cm<\/p>\n","protected":false},"featured_media":973,"template":"","meta":{"jetpack_publicize_message":"","jetpack_publicize_feature_enabled":true,"jetpack_social_post_already_shared":false,"jetpack_social_options":{"image_generator_settings":{"template":"highway","default_image_id":0,"font":"","enabled":false},"version":2}},"product_brand":[],"product_cat":[15],"product_tag":[34,46,43],"class_list":{"0":"post-45","1":"product","2":"type-product","3":"status-publish","4":"has-post-thumbnail","6":"product_cat-maaramata","7":"product_tag-mehed","8":"product_tag-pusad","9":"product_tag-riided","11":"first","12":"outofstock","13":"shipping-taxable","14":"purchasable","15":"product-type-simple"},"jetpack_publicize_connections":[],"jetpack_sharing_enabled":true,"jetpack_likes_enabled":true,"_links":{"self":[{"href":"https:\/\/superstore.ee\/index.php\/wp-json\/wp\/v2\/product\/45","targetHints":{"allow":["GET"]}}],"collection":[{"href":"https:\/\/superstore.ee\/index.php\/wp-json\/wp\/v2\/product"}],"about":[{"href":"https:\/\/superstore.ee\/index.php\/wp-json\/wp\/v2\/types\/product"}],"wp:featuredmedia":[{"embeddable":true,"href":"https:\/\/superstore.ee\/index.php\/wp-json\/wp\/v2\/media\/973"}],"wp:attachment":[{"href":"https:\/\/superstore.ee\/index.php\/wp-json\/wp\/v2\/media?parent=45"}],"wp:term":[{"taxonomy":"product_brand","embeddable":true,"href":"https:\/\/superstore.ee\/index.php\/wp-json\/wp\/v2\/product_brand?post=45"},{"taxonomy":"product_cat","embeddable":true,"href":"https:\/\/superstore.ee\/index.php\/wp-json\/wp\/v2\/product_cat?post=45"},{"taxonomy":"product_tag","embeddable":true,"href":"https:\/\/superstore.ee\/index.php\/wp-json\/wp\/v2\/product_tag?post=45"}],"curies":[{"name":"wp","href":"https:\/\/api.w.org\/{rel}","templated":true}]}}