{"id":4802,"date":"2022-07-19T17:23:36","date_gmt":"2022-07-19T15:23:36","guid":{"rendered":"https:\/\/superstore.ee\/?post_type=product&#038;p=4802"},"modified":"2024-02-02T23:17:43","modified_gmt":"2024-02-02T21:17:43","slug":"naiste-calvin-klein-kleit","status":"publish","type":"product","link":"https:\/\/superstore.ee\/index.php\/toode\/naiste-calvin-klein-kleit\/","title":{"rendered":"Naiste Calvin Klein kleit (valge) L"},"content":{"rendered":"","protected":false},"excerpt":{"rendered":"<p><span style=\"font-weight: 400;\">\ud83c\uddea\ud83c\uddea Naiste Calvin Klein kleit<\/span><br \/>\n<span style=\"font-weight: 400;\">Suurus: XL <\/span>(sobib pigem L suurusele!!!)<\/p>\n<p>XL: rind 106, v\u00f6\u00f6 96, \u00fcldpikkus \u00f5last 88.5, \u00f5lg 10cm, varruka pikkus \u00f5last 16.5cm<br \/>\n<span style=\"font-weight: 400;\">Materjal: 55% pima puuvill, 37% modaal, 8% spandeks<\/span><br \/>\n<span style=\"font-weight: 400;\">V\u00e4rvid: hall,<\/span> valge<\/p>\n<p><span style=\"font-weight: 400;\">\ud83c\uddf7\ud83c\uddfa \u0416\u0435\u043d\u0441\u043a\u043e\u0435 \u043f\u043b\u0430\u0442\u044c\u0435 Calvin Klein<\/span><br \/>\n<span style=\"font-weight: 400;\">\u0420\u0430\u0437\u043c\u0435\u0440: XL <\/span>(\u043f\u043e\u0434\u043e\u0439\u0434\u0451\u0442 \u0431\u043e\u043b\u044c\u0448\u0435 \u043d\u0430 L \u0440\u0430\u0437\u043c\u0435\u0440!!!)<br \/>\n<span style=\"font-weight: 400;\">\u041c\u0430\u0442\u0435\u0440\u0438\u0430\u043b: 55% \u0445\u043b\u043e\u043f\u043e\u043a \u043f\u0438\u043c\u0430, 37% \u043c\u043e\u0434\u0430\u043b, 8% \u0441\u043f\u0430\u043d\u0434\u0435\u043a\u0441<\/span><br \/>\n<span style=\"font-weight: 400;\">\u0426\u0432\u0435\u0442\u0430: \u0441\u0435\u0440\u044b\u0439,<\/span> \u0431\u0435\u043b\u044b\u0439<\/p>\n<p><span style=\"font-weight: 400;\">\ud83c\uddfa\ud83c\uddf8 Women\u2019s Calvin Klein dress<\/span><br \/>\n<span style=\"font-weight: 400;\">Size: XL but fits L size!!!<\/span><br \/>\n<span style=\"font-weight: 400;\">Material: 55% pima cotton, 37% modal, 8% spandex<\/span><br \/>\n<span style=\"font-weight: 400;\">Colors: gray,<\/span> white<\/p>\n","protected":false},"featured_media":4954,"template":"","meta":{"jetpack_publicize_message":"","jetpack_publicize_feature_enabled":true,"jetpack_social_post_already_shared":false,"jetpack_social_options":{"image_generator_settings":{"template":"highway","default_image_id":0,"font":"","enabled":false},"version":2}},"product_brand":[],"product_cat":[631],"product_tag":[],"class_list":{"0":"post-4802","1":"product","2":"type-product","3":"status-publish","4":"has-post-thumbnail","6":"product_cat-sale","7":"pa_suurus-l","8":"pa_suurus-xl","9":"pa_varv-hall","10":"pa_varv-valge","12":"first","13":"outofstock","14":"sale","15":"shipping-taxable","16":"purchasable","17":"product-type-simple"},"jetpack_publicize_connections":[],"jetpack_sharing_enabled":true,"jetpack_likes_enabled":true,"_links":{"self":[{"href":"https:\/\/superstore.ee\/index.php\/wp-json\/wp\/v2\/product\/4802","targetHints":{"allow":["GET"]}}],"collection":[{"href":"https:\/\/superstore.ee\/index.php\/wp-json\/wp\/v2\/product"}],"about":[{"href":"https:\/\/superstore.ee\/index.php\/wp-json\/wp\/v2\/types\/product"}],"wp:featuredmedia":[{"embeddable":true,"href":"https:\/\/superstore.ee\/index.php\/wp-json\/wp\/v2\/media\/4954"}],"wp:attachment":[{"href":"https:\/\/superstore.ee\/index.php\/wp-json\/wp\/v2\/media?parent=4802"}],"wp:term":[{"taxonomy":"product_brand","embeddable":true,"href":"https:\/\/superstore.ee\/index.php\/wp-json\/wp\/v2\/product_brand?post=4802"},{"taxonomy":"product_cat","embeddable":true,"href":"https:\/\/superstore.ee\/index.php\/wp-json\/wp\/v2\/product_cat?post=4802"},{"taxonomy":"product_tag","embeddable":true,"href":"https:\/\/superstore.ee\/index.php\/wp-json\/wp\/v2\/product_tag?post=4802"}],"curies":[{"name":"wp","href":"https:\/\/api.w.org\/{rel}","templated":true}]}}