{"id":4904,"date":"2022-07-24T22:49:40","date_gmt":"2022-07-24T20:49:40","guid":{"rendered":"https:\/\/superstore.ee\/?post_type=product&#038;p=4904"},"modified":"2025-02-14T12:07:48","modified_gmt":"2025-02-14T10:07:48","slug":"naiste-tommy-hilfiger-dressikleit-fliisvoodriga","status":"publish","type":"product","link":"https:\/\/superstore.ee\/index.php\/toode\/naiste-tommy-hilfiger-dressikleit-fliisvoodriga\/","title":{"rendered":"Naiste Tommy Hilfiger dressikleit fliisvoodriga XS-S"},"content":{"rendered":"","protected":false},"excerpt":{"rendered":"<p><span style=\"font-weight: 400;\">\ud83c\uddea\ud83c\uddea Naiste <\/span><span style=\"font-weight: 400;\">Tommy Hilfiger<\/span><span style=\"font-weight: 400;\"> dressikleit fliisvoodriga <\/span><br \/>\n<span style=\"font-weight: 400;\">Suurus: XS (sobib XS-S suurusele)<\/span><\/p>\n<p>XS: rind 98, \u00fcldpikkus \u00f5last 90, \u00f5lg+varruka pikkus 65cm<\/p>\n<p><span style=\"font-weight: 400;\">Materjal: 73% orgaaniline puuvill, 23% poliester (fliisvooder)<\/span><br \/>\n<span style=\"font-weight: 400;\">V\u00e4rvid: punane<\/span><\/p>\n<p><span style=\"font-weight: 400;\">\ud83c\uddf7\ud83c\uddfa \u0416\u0435\u043d\u0441\u043a\u043e\u0435 \u043f\u043b\u0430\u0442\u044c\u0435 \u0441\u0432\u0438\u0442\u0448\u043e\u0442 <\/span><span style=\"font-weight: 400;\">Tommy Hilfiger <\/span><span style=\"font-weight: 400;\">\u0444\u043b\u0438\u0441\u043e\u0432\u0430\u044f \u0432\u043d\u0443\u0442\u0440\u0438 <\/span><br \/>\n<span style=\"font-weight: 400;\">\u0420\u0430\u0437\u043c\u0435\u0440: XS (\u043f\u043e\u0434\u0445\u043e\u0434\u0438\u0442 \u043d\u0430 XS-S \u0440\u0430\u0437\u043c\u0435\u0440)<\/span><br \/>\n<span style=\"font-weight: 400;\">\u041c\u0430\u0442\u0435\u0440\u0438\u0430\u043b: 73% \u043e\u0440\u0433\u0430\u043d\u0438\u0447\u0435\u0441\u043a\u0438\u0439 \u0445\u043b\u043e\u043f\u043e\u043a, 23% \u043f\u043e\u043b\u0438\u044d\u0441\u0442\u0435\u0440 (\u0444\u043b\u0438\u0441\u043e\u0432\u0430\u044f \u043f\u043e\u0434\u043a\u043b\u0430\u0434\u043a\u0430)<\/span><br \/>\n<span style=\"font-weight: 400;\">\u0426\u0432\u0435\u0442\u0430: \u043a\u0440\u0430\u0441\u043d\u044b\u0439<\/span><\/p>\n<p><span style=\"font-weight: 400;\">\ud83c\uddfa\ud83c\uddf8 Women\u2019s <\/span><span style=\"font-weight: 400;\">Tommy Hilfiger<\/span><span style=\"font-weight: 400;\"> sweatshirt dress <\/span><span style=\"font-weight: 400;\">fleece lining<\/span><br \/>\n<span style=\"font-weight: 400;\">Size: XS (fits XS-S size)<\/span><br \/>\n<span style=\"font-weight: 400;\">Material: 73% organic cotton, 23% polyester (fleece lining)<\/span><br \/>\n<span style=\"font-weight: 400;\">Colors: red<\/span><\/p>\n","protected":false},"featured_media":4905,"template":"","meta":{"jetpack_publicize_message":"","jetpack_publicize_feature_enabled":true,"jetpack_social_post_already_shared":true,"jetpack_social_options":{"image_generator_settings":{"template":"highway","default_image_id":0,"font":"","enabled":false},"version":2}},"product_brand":[],"product_cat":[631],"product_tag":[],"class_list":{"0":"post-4904","1":"product","2":"type-product","3":"status-publish","4":"has-post-thumbnail","6":"product_cat-sale","7":"pa_suurus-s-sobib-s-m-suurusele","8":"pa_suurus-xs-sobib-xs-s-suurusele","10":"first","11":"instock","12":"sale","13":"shipping-taxable","14":"purchasable","15":"product-type-variable"},"jetpack_publicize_connections":[],"jetpack_sharing_enabled":true,"jetpack_likes_enabled":true,"_links":{"self":[{"href":"https:\/\/superstore.ee\/index.php\/wp-json\/wp\/v2\/product\/4904","targetHints":{"allow":["GET"]}}],"collection":[{"href":"https:\/\/superstore.ee\/index.php\/wp-json\/wp\/v2\/product"}],"about":[{"href":"https:\/\/superstore.ee\/index.php\/wp-json\/wp\/v2\/types\/product"}],"wp:featuredmedia":[{"embeddable":true,"href":"https:\/\/superstore.ee\/index.php\/wp-json\/wp\/v2\/media\/4905"}],"wp:attachment":[{"href":"https:\/\/superstore.ee\/index.php\/wp-json\/wp\/v2\/media?parent=4904"}],"wp:term":[{"taxonomy":"product_brand","embeddable":true,"href":"https:\/\/superstore.ee\/index.php\/wp-json\/wp\/v2\/product_brand?post=4904"},{"taxonomy":"product_cat","embeddable":true,"href":"https:\/\/superstore.ee\/index.php\/wp-json\/wp\/v2\/product_cat?post=4904"},{"taxonomy":"product_tag","embeddable":true,"href":"https:\/\/superstore.ee\/index.php\/wp-json\/wp\/v2\/product_tag?post=4904"}],"curies":[{"name":"wp","href":"https:\/\/api.w.org\/{rel}","templated":true}]}}