{"id":5188,"date":"2022-08-05T21:48:53","date_gmt":"2022-08-05T19:48:53","guid":{"rendered":"https:\/\/superstore.ee\/?post_type=product&#038;p=5188"},"modified":"2023-10-24T10:56:06","modified_gmt":"2023-10-24T08:56:06","slug":"laste-calvin-klein-komplekt-dressipuksid-4tk","status":"publish","type":"product","link":"https:\/\/superstore.ee\/index.php\/toode\/laste-calvin-klein-komplekt-dressipuksid-4tk\/","title":{"rendered":"Laste Calvin Klein komplekt p\u00fcksid + sokid + m\u00fcts + t-s\u00e4rk, 4tk."},"content":{"rendered":"","protected":false},"excerpt":{"rendered":"<p>\ud83c\uddea\ud83c\uddea Laste Calvin Klein komplekt p\u00fcksid + sokid + m\u00fcts + t-s\u00e4rk, 4tk.<br \/>\nSuurused: 12M (71-76cm\/8-10kg), 18M (76-81cm\/10-12kg)<br \/>\nMaterjal: 100% puuvill<br \/>\nV\u00e4rvid: helesinine<\/p>\n<p>\ud83c\uddf7\ud83c\uddfa \u0414\u0435\u0442\u0441\u043a\u0438\u0439 \u043a\u043e\u043c\u043f\u043b\u0435\u043a\u0442 Calvin Klein \u0448\u0442\u0430\u043d\u044b + \u043a\u043e\u0444\u0442\u0430 + \u043d\u043e\u0441\u043a\u0438 + \u0448\u0430\u043f\u043a\u0430, 4\u0448\u0442.<br \/>\n\u0420\u0430\u0437\u043c\u0435\u0440\u044b: 12M (71-76cm\/8-10kg), 18M (76-81cm\/10-12kg)<br \/>\n\u041c\u0430\u0442\u0435\u0440\u0438\u0430\u043b: 100% \u0445\u043b\u043e\u043f\u043e\u043a<br \/>\n\u0426\u0432\u0435\u0442\u0430: \u0433\u043e\u043b\u0443\u0431\u043e\u0439<\/p>\n<p>\ud83c\uddfa\ud83c\uddf8 Kids Calvin Klein Set pants &amp; t-shirt &amp; socks &amp; hat, 4 piece<br \/>\nSizes: 12M (71-76cm\/8-10kg), 18M (76-81cm\/10-12kg)<br \/>\nMaterial: 100% cotton<br \/>\nColors: blue<\/p>\n","protected":false},"featured_media":5305,"template":"","meta":{"jetpack_publicize_message":"","jetpack_publicize_feature_enabled":true,"jetpack_social_post_already_shared":false,"jetpack_social_options":{"image_generator_settings":{"template":"highway","default_image_id":0,"font":"","enabled":false},"version":2}},"product_brand":[],"product_cat":[15],"product_tag":[],"class_list":{"0":"post-5188","1":"product","2":"type-product","3":"status-publish","4":"has-post-thumbnail","6":"product_cat-maaramata","7":"pa_suurus-12m-71-76cm-8-10kg","8":"pa_suurus-18m-76-81cm-10-12kg","10":"first","11":"outofstock","12":"sale","13":"shipping-taxable","14":"product-type-variable"},"jetpack_publicize_connections":[],"jetpack_sharing_enabled":true,"jetpack_likes_enabled":true,"_links":{"self":[{"href":"https:\/\/superstore.ee\/index.php\/wp-json\/wp\/v2\/product\/5188","targetHints":{"allow":["GET"]}}],"collection":[{"href":"https:\/\/superstore.ee\/index.php\/wp-json\/wp\/v2\/product"}],"about":[{"href":"https:\/\/superstore.ee\/index.php\/wp-json\/wp\/v2\/types\/product"}],"wp:featuredmedia":[{"embeddable":true,"href":"https:\/\/superstore.ee\/index.php\/wp-json\/wp\/v2\/media\/5305"}],"wp:attachment":[{"href":"https:\/\/superstore.ee\/index.php\/wp-json\/wp\/v2\/media?parent=5188"}],"wp:term":[{"taxonomy":"product_brand","embeddable":true,"href":"https:\/\/superstore.ee\/index.php\/wp-json\/wp\/v2\/product_brand?post=5188"},{"taxonomy":"product_cat","embeddable":true,"href":"https:\/\/superstore.ee\/index.php\/wp-json\/wp\/v2\/product_cat?post=5188"},{"taxonomy":"product_tag","embeddable":true,"href":"https:\/\/superstore.ee\/index.php\/wp-json\/wp\/v2\/product_tag?post=5188"}],"curies":[{"name":"wp","href":"https:\/\/api.w.org\/{rel}","templated":true}]}}