{"id":5236,"date":"2022-08-06T19:34:43","date_gmt":"2022-08-06T17:34:43","guid":{"rendered":"https:\/\/superstore.ee\/?post_type=product&#038;p=5236"},"modified":"2024-01-19T11:55:55","modified_gmt":"2024-01-19T09:55:55","slug":"laste-tommy-hilfiger-komplekt-dressipuksid-pusa-fliisvooder-3","status":"publish","type":"product","link":"https:\/\/superstore.ee\/index.php\/toode\/laste-tommy-hilfiger-komplekt-dressipuksid-pusa-fliisvooder-3\/","title":{"rendered":"Laste Tommy Hilfiger komplekt dressip\u00fcksid + pusa (fliisvooder)"},"content":{"rendered":"","protected":false},"excerpt":{"rendered":"<p><span style=\"font-weight: 400;\">\ud83c\uddea\ud83c\uddea Laste <\/span><span style=\"font-weight: 400;\">Tommy Hilfiger<\/span><span style=\"font-weight: 400;\"> komplekt dressip\u00fcksid + pusa (fliisvooder)<\/span><\/p>\n<p><span style=\"font-weight: 400;\">Suurused: 6 (112-119cm\/20-23kg), 6X (119-123cm\/23-24kg)<\/span><\/p>\n<p><span style=\"font-weight: 400;\">M\u00f5\u00f5tmed:\u00a0<\/span><\/p>\n<p><span style=\"font-weight: 400;\">6y \u2013 sises\u00e4\u00e4re pikkus 48.5cm, <\/span><span style=\"font-weight: 400;\">tuhara \u00fcmberm\u00f5\u00f5t 71cm\u00a0<\/span><\/p>\n<p><span style=\"font-weight: 400;\">6X \u2013 sises\u00e4\u00e4re pikkus 51cm, <\/span><span style=\"font-weight: 400;\">tuhara \u00fcmberm\u00f5\u00f5t 75cm<\/span><\/p>\n<p><span style=\"font-weight: 400;\">Materjal: 60% puuvill, 40% pol\u00fcester<\/span><\/p>\n<p><span style=\"font-weight: 400;\">V\u00e4rv: hall<\/span><\/p>\n<p>&nbsp;<\/p>\n<p><span style=\"font-weight: 400;\">\ud83c\uddf7\ud83c\uddfa \u0414\u0435\u0442\u0441\u043a\u0438\u0439 \u043a\u043e\u043c\u043f\u043b\u0435\u043a\u0442 <\/span><span style=\"font-weight: 400;\">Tommy Hilfiger<\/span><span style=\"font-weight: 400;\"> \u0448\u0442\u0430\u043d\u044b + \u0445\u0443\u0434\u0438 (\u0444\u043b\u0438\u0441\u043e\u0432\u0430\u044f \u043f\u043e\u0434\u043a\u043b\u0430\u0434\u043a\u0430)<\/span><\/p>\n<p><span style=\"font-weight: 400;\">\u0420\u0430\u0437\u043c\u0435\u0440\u044b: 6 (112-119cm\/20-23kg), 6X (119-123cm\/23-24kg)\u00a0<\/span><\/p>\n<p><span style=\"font-weight: 400;\">\u041f\u0430\u0440\u0430\u043c\u0435\u0442\u0440\u044b:<\/span><\/p>\n<p><span style=\"font-weight: 400;\">6y \u2013 \u0432\u043d\u0443\u0442\u0440\u0435\u043d\u043d\u044f\u044f \u0434\u043b\u0438\u043d\u0430 \u0448\u0442\u0430\u043d\u0438\u043d\u044b 48.5 \u0441\u043c, \u043e\u0431\u0445\u0432\u0430\u0442 \u044f\u0433\u043e\u0434\u0438\u0446 71 \u200b\u200b\u0441\u043c<\/span><\/p>\n<p><span style=\"font-weight: 400;\">6X \u2013 \u0432\u043d\u0443\u0442\u0440\u0435\u043d\u043d\u044f\u044f \u0434\u043b\u0438\u043d\u0430 \u0448\u0442\u0430\u043d\u0438\u043d\u044b 51 \u0441\u043c, \u043e\u0431\u0445\u0432\u0430\u0442 \u044f\u0433\u043e\u0434\u0438\u0446 75 \u200b\u200b\u0441\u043c<\/span><\/p>\n<p><span style=\"font-weight: 400;\">\u041c\u0430\u0442\u0435\u0440\u0438\u0430\u043b: 60% \u0445\u043b\u043e\u043f\u043e\u043a, 40% \u043f\u043e\u043b\u0438\u044d\u0441\u0442\u0435\u0440<\/span><\/p>\n<p><span style=\"font-weight: 400;\">\u0426\u0432\u0435\u0442: \u0441\u0435\u0440\u044b\u0439<\/span><\/p>\n<p>&nbsp;<\/p>\n<p><span style=\"font-weight: 400;\">\ud83c\uddfa\ud83c\uddf8 Kids <\/span><span style=\"font-weight: 400;\">Tommy Hilfiger <\/span><span style=\"font-weight: 400;\">Hoodie &amp; Joggers Set (fleece lining)<\/span><\/p>\n<p><span style=\"font-weight: 400;\">Sizes: 6 (112-119cm\/20-23kg), 6X (119-123cm\/23-24kg)<\/span><\/p>\n<p><span style=\"font-weight: 400;\">Material: 60% cotton, 40% polyester<\/span><\/p>\n<p><span style=\"font-weight: 400;\">Color: gray<\/span><\/p>\n","protected":false},"featured_media":5572,"template":"","meta":{"jetpack_publicize_message":"","jetpack_publicize_feature_enabled":true,"jetpack_social_post_already_shared":false,"jetpack_social_options":{"image_generator_settings":{"template":"highway","default_image_id":0,"font":"","enabled":false},"version":2}},"product_brand":[],"product_cat":[631],"product_tag":[],"class_list":{"0":"post-5236","1":"product","2":"type-product","3":"status-publish","4":"has-post-thumbnail","6":"product_cat-sale","7":"pa_suurus-6-112-119cm-20-23kg-2","8":"pa_suurus-6x-119-123cm-23-24kg","10":"first","11":"outofstock","12":"sale","13":"shipping-taxable","14":"product-type-variable"},"jetpack_publicize_connections":[],"jetpack_sharing_enabled":true,"jetpack_likes_enabled":true,"_links":{"self":[{"href":"https:\/\/superstore.ee\/index.php\/wp-json\/wp\/v2\/product\/5236","targetHints":{"allow":["GET"]}}],"collection":[{"href":"https:\/\/superstore.ee\/index.php\/wp-json\/wp\/v2\/product"}],"about":[{"href":"https:\/\/superstore.ee\/index.php\/wp-json\/wp\/v2\/types\/product"}],"wp:featuredmedia":[{"embeddable":true,"href":"https:\/\/superstore.ee\/index.php\/wp-json\/wp\/v2\/media\/5572"}],"wp:attachment":[{"href":"https:\/\/superstore.ee\/index.php\/wp-json\/wp\/v2\/media?parent=5236"}],"wp:term":[{"taxonomy":"product_brand","embeddable":true,"href":"https:\/\/superstore.ee\/index.php\/wp-json\/wp\/v2\/product_brand?post=5236"},{"taxonomy":"product_cat","embeddable":true,"href":"https:\/\/superstore.ee\/index.php\/wp-json\/wp\/v2\/product_cat?post=5236"},{"taxonomy":"product_tag","embeddable":true,"href":"https:\/\/superstore.ee\/index.php\/wp-json\/wp\/v2\/product_tag?post=5236"}],"curies":[{"name":"wp","href":"https:\/\/api.w.org\/{rel}","templated":true}]}}