{"id":5375,"date":"2022-08-10T18:06:38","date_gmt":"2022-08-10T16:06:38","guid":{"rendered":"https:\/\/superstore.ee\/?post_type=product&#038;p=5375"},"modified":"2022-11-09T22:24:33","modified_gmt":"2022-11-09T20:24:33","slug":"naiste-ressikostuum-calvin-klein-puksid-pusa-fliisvooder","status":"publish","type":"product","link":"https:\/\/superstore.ee\/index.php\/toode\/naiste-ressikostuum-calvin-klein-puksid-pusa-fliisvooder\/","title":{"rendered":"Naiste dressikost\u00fc\u00fcm Calvin Klein p\u00fcksid + pusa (fliisvooder)"},"content":{"rendered":"","protected":false},"excerpt":{"rendered":"<p><span style=\"font-weight: 400;\">\ud83c\uddea\ud83c\uddea Naiste dressikost\u00fc\u00fcm Calvin Klein p\u00fcksid + pusa (fliisvooder)<\/span><br \/>\n<span style=\"font-weight: 400;\">Suurus: 16a (sobib tavalisele XS ja S suurusele, pikkus 170cm)<\/span><br \/>\n<span style=\"font-weight: 400;\">Materjal: 90% puuvill, 10% poliester<\/span><br \/>\n<span style=\"font-weight: 400;\">V\u00e4rv: hall<\/span><br \/>\n<span style=\"font-weight: 400;\"> \ud83c\udf81 Tasuta tarne + kinkepakend <\/span><\/p>\n<p><span style=\"font-weight: 400;\">\ud83c\uddf7\ud83c\uddfa \u0416\u0435\u043d\u0441\u043a\u0438\u0439 Calvin Klein \u043a\u043e\u0441\u0442\u044e\u043c \u0448\u0442\u0430\u043d\u044b + \u0445\u0443\u0434\u0438 (\u0444\u043b\u0438\u0441\u043e\u0432\u0430\u044f \u043f\u043e\u0434\u043a\u043b\u0430\u0434\u043a\u0430)<\/span><br \/>\n<span style=\"font-weight: 400;\">\u0420\u0430\u0437\u043c\u0435\u0440: 16\u043b\u0435\u0442 (\u043f\u043e\u0434\u0445\u043e\u0434\u0438\u0442 \u043d\u0430 \u043e\u0431\u044b\u0447\u043d\u044b\u0439 XS \u0438 S \u0440\u0430\u0437\u043c\u0435\u0440, \u0440\u043e\u0441\u0442 170 \u0441\u043c)<\/span><br \/>\n<span style=\"font-weight: 400;\">\u041c\u0430\u0442\u0435\u0440\u0438\u0430\u043b: 90% \u0445\u043b\u043e\u043f\u043e\u043a, 10% \u043f\u043e\u043b\u0438\u044d\u0441\u0442\u0435\u0440<\/span><br \/>\n<span style=\"font-weight: 400;\">\u0426\u0432\u0435\u0442: \u0441\u0435\u0440\u044b\u0439<\/span><br \/>\n<span style=\"font-weight: 400;\">\ud83c\udf81 \u0411\u0435\u0441\u043f\u043b\u0430\u0442\u043d\u0430\u044f \u0434\u043e\u0441\u0442\u0430\u0432\u043a\u0430 + \u043f\u043e\u0434\u0430\u0440\u043e\u0447\u043d\u0430\u044f \u0443\u043f\u0430\u043a\u043e\u0432\u043a\u0430<\/span><\/p>\n<p><span style=\"font-weight: 400;\">\ud83c\uddfa\ud83c\uddf8 Women\u2019s Calvin Klein set joggers + hoodie (fleece lining)<\/span><br \/>\n<span style=\"font-weight: 400;\">Size: 16y (fits regular XS and S size, height 170cm)<\/span><br \/>\n<span style=\"font-weight: 400;\">Material: 90% cotton, 10% polyester<\/span><br \/>\n<span style=\"font-weight: 400;\">Color: gray<\/span><br \/>\n<span style=\"font-weight: 400;\">\ud83c\udf81 Free shipping + gift package <\/span><\/p>\n","protected":false},"featured_media":5390,"template":"","meta":{"jetpack_publicize_message":"","jetpack_publicize_feature_enabled":true,"jetpack_social_post_already_shared":false,"jetpack_social_options":{"image_generator_settings":{"template":"highway","default_image_id":0,"font":"","enabled":false},"version":2}},"product_brand":[],"product_cat":[15],"product_tag":[],"class_list":{"0":"post-5375","1":"product","2":"type-product","3":"status-publish","4":"has-post-thumbnail","6":"product_cat-maaramata","7":"pa_suurus-16a-sobib-tavalisele-xs-ja-s-suurusele","9":"first","10":"outofstock","11":"sale","12":"shipping-taxable","13":"product-type-variable"},"jetpack_publicize_connections":[],"jetpack_sharing_enabled":true,"jetpack_likes_enabled":true,"_links":{"self":[{"href":"https:\/\/superstore.ee\/index.php\/wp-json\/wp\/v2\/product\/5375","targetHints":{"allow":["GET"]}}],"collection":[{"href":"https:\/\/superstore.ee\/index.php\/wp-json\/wp\/v2\/product"}],"about":[{"href":"https:\/\/superstore.ee\/index.php\/wp-json\/wp\/v2\/types\/product"}],"wp:featuredmedia":[{"embeddable":true,"href":"https:\/\/superstore.ee\/index.php\/wp-json\/wp\/v2\/media\/5390"}],"wp:attachment":[{"href":"https:\/\/superstore.ee\/index.php\/wp-json\/wp\/v2\/media?parent=5375"}],"wp:term":[{"taxonomy":"product_brand","embeddable":true,"href":"https:\/\/superstore.ee\/index.php\/wp-json\/wp\/v2\/product_brand?post=5375"},{"taxonomy":"product_cat","embeddable":true,"href":"https:\/\/superstore.ee\/index.php\/wp-json\/wp\/v2\/product_cat?post=5375"},{"taxonomy":"product_tag","embeddable":true,"href":"https:\/\/superstore.ee\/index.php\/wp-json\/wp\/v2\/product_tag?post=5375"}],"curies":[{"name":"wp","href":"https:\/\/api.w.org\/{rel}","templated":true}]}}