{"id":5384,"date":"2022-08-10T14:39:30","date_gmt":"2022-08-10T12:39:30","guid":{"rendered":"https:\/\/superstore.ee\/?post_type=product&#038;p=5384"},"modified":"2023-03-08T17:19:16","modified_gmt":"2023-03-08T15:19:16","slug":"naiste-tommy-hilfiger-oosark","status":"publish","type":"product","link":"https:\/\/superstore.ee\/index.php\/toode\/naiste-tommy-hilfiger-oosark\/","title":{"rendered":"Naiste Tommy Hilfiger \u00f6\u00f6s\u00e4rk (roosa)"},"content":{"rendered":"","protected":false},"excerpt":{"rendered":"<p>\ud83c\uddea\ud83c\uddea Tommy Hilfiger \u00f6\u00f6s\u00e4rk<\/p>\n<p>Materjal: 59% puuvill, 41% elastaan<\/p>\n<p>V\u00e4rvid: roosa<\/p>\n<p>\ud83c\uddf7\ud83c\uddfa Tommy Hilfiger \u043f\u0438\u0436\u0430\u043c\u0430<\/p>\n<p>\u041c\u0430\u0442\u0435\u0440\u0438\u0430\u043b: 59% \u0445\u043b\u043e\u043f\u043e\u043a, 41% \u044d\u043b\u0430\u0441\u0442\u0430\u043d<\/p>\n<p>\u0426\u0432\u0435\u0442\u0430: \u0440\u043e\u0437\u043e\u0432\u044b\u0439<\/p>\n<p>\ud83c\uddfa\ud83c\uddf8Night T-shirt\/Dress Tommy Hilfiger<\/p>\n<p>Material: 59% cotton, 41% elastane<\/p>\n<p>Colors: pink<\/p>\n","protected":false},"featured_media":5383,"template":"","meta":{"jetpack_publicize_message":"","jetpack_publicize_feature_enabled":true,"jetpack_social_post_already_shared":false,"jetpack_social_options":{"image_generator_settings":{"template":"highway","default_image_id":0,"font":"","enabled":false},"version":2}},"product_brand":[],"product_cat":[15],"product_tag":[],"class_list":{"0":"post-5384","1":"product","2":"type-product","3":"status-publish","4":"has-post-thumbnail","6":"product_cat-maaramata","7":"pa_suurus-l","8":"pa_varv-helesinine","9":"pa_varv-roosa","11":"first","12":"outofstock","13":"sale","14":"sold-individually","15":"shipping-taxable","16":"product-type-variable"},"jetpack_publicize_connections":[],"jetpack_sharing_enabled":true,"jetpack_likes_enabled":true,"_links":{"self":[{"href":"https:\/\/superstore.ee\/index.php\/wp-json\/wp\/v2\/product\/5384","targetHints":{"allow":["GET"]}}],"collection":[{"href":"https:\/\/superstore.ee\/index.php\/wp-json\/wp\/v2\/product"}],"about":[{"href":"https:\/\/superstore.ee\/index.php\/wp-json\/wp\/v2\/types\/product"}],"wp:featuredmedia":[{"embeddable":true,"href":"https:\/\/superstore.ee\/index.php\/wp-json\/wp\/v2\/media\/5383"}],"wp:attachment":[{"href":"https:\/\/superstore.ee\/index.php\/wp-json\/wp\/v2\/media?parent=5384"}],"wp:term":[{"taxonomy":"product_brand","embeddable":true,"href":"https:\/\/superstore.ee\/index.php\/wp-json\/wp\/v2\/product_brand?post=5384"},{"taxonomy":"product_cat","embeddable":true,"href":"https:\/\/superstore.ee\/index.php\/wp-json\/wp\/v2\/product_cat?post=5384"},{"taxonomy":"product_tag","embeddable":true,"href":"https:\/\/superstore.ee\/index.php\/wp-json\/wp\/v2\/product_tag?post=5384"}],"curies":[{"name":"wp","href":"https:\/\/api.w.org\/{rel}","templated":true}]}}