{"id":5620,"date":"2022-08-19T07:27:09","date_gmt":"2022-08-19T05:27:09","guid":{"rendered":"https:\/\/superstore.ee\/?post_type=product&#038;p=5620"},"modified":"2023-03-09T10:46:17","modified_gmt":"2023-03-09T08:46:17","slug":"naiste-tommy-hilfiger-magamiskleit","status":"publish","type":"product","link":"https:\/\/superstore.ee\/index.php\/toode\/naiste-tommy-hilfiger-magamiskleit\/","title":{"rendered":"Naiste Tommy Hilfiger \u00f6\u00f6s\u00e4rk (roosa)"},"content":{"rendered":"","protected":false},"excerpt":{"rendered":"<p><span style=\"font-weight:400\">\ud83c\uddea\ud83c\uddea Naiste Tommy Hilfiger<\/span> \u00f6\u00f6s\u00e4rk<\/p>\n<p><span style=\"font-weight:400\">Suurus: M (sobib S-M suurusele)<\/span><\/p>\n<p><span style=\"font-weight:400\">Materjal: 59% puuvill, 41% pol\u00fcester <\/span><\/p>\n<p><span style=\"font-weight:400\">V\u00e4rvid: roosa<\/span><br \/>\n<span style=\"font-weight:400\">\ud83c\uddf7\ud83c\uddfa \u0416\u0435\u043d\u0441\u043a\u043e\u0435 Tommy Hilfiger<\/span> \u043f\u0438\u0436\u0430\u043c\u0430<\/p>\n<p><span style=\"font-weight:400\">\u0420\u0430\u0437\u043c\u0435\u0440: M (\u043f\u043e\u0434\u043e\u0439\u0434\u0451\u0442 \u043d\u0430 S-M)<\/span><\/p>\n<p><span style=\"font-weight:400\">\u041c\u0430\u0442\u0435\u0440\u0438\u0430\u043b: 59% \u0445\u043b\u043e\u043f\u043e\u043a, 41% \u043f\u043e\u043b\u0438\u044d\u0441\u0442\u0435\u0440<\/span><\/p>\n<p><span style=\"font-weight:400\">\u0426\u0432\u0435\u0442\u0430: \u0440\u043e\u0437\u043e\u0432\u044b\u0439<\/span><\/p>\n<p><span style=\"font-weight:400\">\ud83c\uddfa\ud83c\uddf8 Women\u2019s Tommy Hilfiger sleep dress <\/span><br \/>\n<span style=\"font-weight:400\">Size: M (fits S-M)<\/span><br \/>\n<span style=\"font-weight:400\">Material: 59% cotton, 41% polyester<\/span><br \/>\n<span style=\"font-weight:400\">Colors: pink<\/span><\/p>\n","protected":false},"featured_media":5680,"template":"","meta":{"jetpack_publicize_message":"","jetpack_publicize_feature_enabled":true,"jetpack_social_post_already_shared":false,"jetpack_social_options":{"image_generator_settings":{"template":"highway","default_image_id":0,"font":"","enabled":false},"version":2}},"product_brand":[],"product_cat":[15],"product_tag":[],"class_list":{"0":"post-5620","1":"product","2":"type-product","3":"status-publish","4":"has-post-thumbnail","6":"product_cat-maaramata","7":"pa_suurus-l","8":"pa_varv-helesinine","9":"pa_varv-roosa","11":"first","12":"outofstock","13":"sale","14":"shipping-taxable","15":"purchasable","16":"product-type-simple"},"jetpack_publicize_connections":[],"jetpack_sharing_enabled":true,"jetpack_likes_enabled":true,"_links":{"self":[{"href":"https:\/\/superstore.ee\/index.php\/wp-json\/wp\/v2\/product\/5620","targetHints":{"allow":["GET"]}}],"collection":[{"href":"https:\/\/superstore.ee\/index.php\/wp-json\/wp\/v2\/product"}],"about":[{"href":"https:\/\/superstore.ee\/index.php\/wp-json\/wp\/v2\/types\/product"}],"wp:featuredmedia":[{"embeddable":true,"href":"https:\/\/superstore.ee\/index.php\/wp-json\/wp\/v2\/media\/5680"}],"wp:attachment":[{"href":"https:\/\/superstore.ee\/index.php\/wp-json\/wp\/v2\/media?parent=5620"}],"wp:term":[{"taxonomy":"product_brand","embeddable":true,"href":"https:\/\/superstore.ee\/index.php\/wp-json\/wp\/v2\/product_brand?post=5620"},{"taxonomy":"product_cat","embeddable":true,"href":"https:\/\/superstore.ee\/index.php\/wp-json\/wp\/v2\/product_cat?post=5620"},{"taxonomy":"product_tag","embeddable":true,"href":"https:\/\/superstore.ee\/index.php\/wp-json\/wp\/v2\/product_tag?post=5620"}],"curies":[{"name":"wp","href":"https:\/\/api.w.org\/{rel}","templated":true}]}}