{"id":5947,"date":"2022-08-27T15:55:20","date_gmt":"2022-08-27T13:55:20","guid":{"rendered":"https:\/\/superstore.ee\/?post_type=product&#038;p=5947"},"modified":"2022-08-27T21:44:22","modified_gmt":"2022-08-27T19:44:22","slug":"naiste-calvin-klein-kerge-jope-fliisvooder","status":"publish","type":"product","link":"https:\/\/superstore.ee\/index.php\/toode\/naiste-calvin-klein-kerge-jope-fliisvooder\/","title":{"rendered":"Naiste Calvin Klein kerge jope (fliisvooder)"},"content":{"rendered":"","protected":false},"excerpt":{"rendered":"<p><span style=\"font-weight:400\">\ud83c\uddea\ud83c\uddea Naiste <\/span><span style=\"font-weight:400\">Calvin Klein<\/span><span style=\"font-weight:400\"> kerge jope <\/span><\/p>\n<p><span style=\"font-weight:400\">Suurused: <\/span><span style=\"font-weight:400\">XS (sobib S suurusele), S (sobib M suurusele), M (sobib L suurusele), L (sobib XL suurusele)<\/span><\/p>\n<p><span style=\"font-weight:400\">Materjal: 100% poliester <\/span>(fliisvooder)<\/p>\n<p><span style=\"font-weight:400\">V\u00e4rvid: must<\/span><\/p>\n<p>S: rind 104cm, v\u00f6\u00f6 96cm, \u00fcldpikkus \u00f5last 67cm<\/p>\n<p>M: rind 109cm, v\u00f6\u00f6 103cm, \u00fcldpikkus \u00f5last 67cm<\/p>\n<p>L: rind 117cm, v\u00f6\u00f6 110cm, \u00fcldpikkus \u00f5last 69cm, \u00f5lg 11cm, varruka pikkus \u00f5last 63cm<br \/>\n<span style=\"font-weight:400\">\ud83c\uddf7\ud83c\uddfa \u0416\u0435\u043d\u0441\u043a\u0430\u044f \u0432\u0435\u0442\u0440\u043e\u0432\u043a\u0430 <\/span><span style=\"font-weight:400\">Calvin Klein<\/span><\/p>\n<p><span style=\"font-weight:400\">\u0420\u0430\u0437\u043c\u0435\u0440\u044b: <\/span><span style=\"font-weight:400\">XS (\u043f\u043e\u0434\u0445\u043e\u0434\u0438\u0442 \u0434\u043b\u044f \u0440\u0430\u0437\u043c\u0435\u0440\u0430 S), S (\u043f\u043e\u0434\u0445\u043e\u0434\u0438\u0442 \u0434\u043b\u044f \u0440\u0430\u0437\u043c\u0435\u0440\u0430 M), M (\u043f\u043e\u0434\u0445\u043e\u0434\u0438\u0442 \u0434\u043b\u044f \u0440\u0430\u0437\u043c\u0435\u0440\u0430 L), L (\u043f\u043e\u0434\u0445\u043e\u0434\u0438\u0442 \u0434\u043b\u044f \u0440\u0430\u0437\u043c\u0435\u0440\u0430 XL)<\/span><\/p>\n<p><span style=\"font-weight:400\">\u041c\u0430\u0442\u0435\u0440\u0438\u0430\u043b: 100% \u043f\u043e\u043b\u0438\u044d\u0441\u0442\u0435\u0440 <\/span>(\u0444\u043b\u0438\u0441\u043e\u0432\u0430\u044f \u043f\u043e\u0434\u043a\u043b\u0430\u0434\u043a\u0430)<\/p>\n<p><span style=\"font-weight:400\">\u0426\u0432\u0435\u0442\u0430: \u0447\u0451\u0440\u043d\u044b\u0439<\/span><br \/>\n<span style=\"font-weight:400\">\ud83c\uddfa\ud83c\uddf8 Women\u2019s <\/span><span style=\"font-weight:400\">Calvin Klein<\/span><span style=\"font-weight:400\"> windbreaker<\/span><\/p>\n<p><span style=\"font-weight:400\">Size: S (fits S size), S (fits M size), M (fits L size), L (fits XL size)<\/span><\/p>\n<p><span style=\"font-weight:400\">Material: 100% polyester <\/span>(fleece lining)<\/p>\n<p><span style=\"font-weight:400\">Colors: black<\/span><\/p>\n","protected":false},"featured_media":4630,"template":"","meta":{"jetpack_publicize_message":"","jetpack_publicize_feature_enabled":true,"jetpack_social_post_already_shared":false,"jetpack_social_options":{"image_generator_settings":{"template":"highway","default_image_id":0,"font":"","enabled":false},"version":2}},"product_brand":[],"product_cat":[15],"product_tag":[],"class_list":{"0":"post-5947","1":"product","2":"type-product","3":"status-publish","4":"has-post-thumbnail","6":"product_cat-maaramata","7":"pa_suurus-l-sobib-xl-suurusele","8":"pa_suurus-m-sobib-l-suurusele","9":"pa_suurus-s-sobib-m-suurusele","10":"pa_suurus-xs-sobib-s-suurusele-2","12":"first","13":"outofstock","14":"shipping-taxable","15":"product-type-variable"},"jetpack_publicize_connections":[],"jetpack_sharing_enabled":true,"jetpack_likes_enabled":true,"_links":{"self":[{"href":"https:\/\/superstore.ee\/index.php\/wp-json\/wp\/v2\/product\/5947","targetHints":{"allow":["GET"]}}],"collection":[{"href":"https:\/\/superstore.ee\/index.php\/wp-json\/wp\/v2\/product"}],"about":[{"href":"https:\/\/superstore.ee\/index.php\/wp-json\/wp\/v2\/types\/product"}],"wp:featuredmedia":[{"embeddable":true,"href":"https:\/\/superstore.ee\/index.php\/wp-json\/wp\/v2\/media\/4630"}],"wp:attachment":[{"href":"https:\/\/superstore.ee\/index.php\/wp-json\/wp\/v2\/media?parent=5947"}],"wp:term":[{"taxonomy":"product_brand","embeddable":true,"href":"https:\/\/superstore.ee\/index.php\/wp-json\/wp\/v2\/product_brand?post=5947"},{"taxonomy":"product_cat","embeddable":true,"href":"https:\/\/superstore.ee\/index.php\/wp-json\/wp\/v2\/product_cat?post=5947"},{"taxonomy":"product_tag","embeddable":true,"href":"https:\/\/superstore.ee\/index.php\/wp-json\/wp\/v2\/product_tag?post=5947"}],"curies":[{"name":"wp","href":"https:\/\/api.w.org\/{rel}","templated":true}]}}