{"id":6047,"date":"2022-09-04T19:51:50","date_gmt":"2022-09-04T17:51:50","guid":{"rendered":"https:\/\/superstore.ee\/?post_type=product&#038;p=6047"},"modified":"2024-05-10T15:59:34","modified_gmt":"2024-05-10T13:59:34","slug":"naiste-guess-pluus","status":"publish","type":"product","link":"https:\/\/superstore.ee\/index.php\/toode\/naiste-guess-pluus\/","title":{"rendered":"Naiste Guess pluus"},"content":{"rendered":"","protected":false},"excerpt":{"rendered":"<p>\ud83c\uddea\ud83c\uddea Naiste Guess pluus<\/p>\n<p>Suurused: S\/XS, M\/S<\/p>\n<p>Materjal: 82% pol\u00fcester, 8% spandex<\/p>\n<p>L: rind 84cm, \u00fcldpikkus \u00f5last 55cm, materjal venib v\u00e4ga h\u00e4sti<\/p>\n<p>\ud83c\uddf7\ud83c\uddfa \u0416\u0435\u043d\u0441\u043a\u0430\u044f \u0431\u043b\u0443\u0437\u043a\u0430 Guess<\/p>\n<p>\u0420\u0430\u0437\u043c\u0435\u0440\u044b: S\/XS, M\/S<\/p>\n<p>\u041c\u0430\u0442\u0435\u0440\u0438\u0430\u043b: 82% \u043f\u043e\u043b\u0438\u044d\u0441\u0442\u0435\u0440, 8% \u0441\u043f\u0430\u043d\u0434\u0435\u043a\u0441<\/p>\n<p>\ud83c\uddfa\ud83c\uddf8 Women\u2019s Guess blouse<\/p>\n<p>Sizes: S\/XS, M\/S<\/p>\n<p>Material: 82% polyester, 8% spandex<\/p>\n","protected":false},"featured_media":6051,"template":"","meta":{"jetpack_publicize_message":"","jetpack_publicize_feature_enabled":true,"jetpack_social_post_already_shared":false,"jetpack_social_options":{"image_generator_settings":{"template":"highway","default_image_id":0,"font":"","enabled":false},"version":2}},"product_brand":[],"product_cat":[631],"product_tag":[],"class_list":{"0":"post-6047","1":"product","2":"type-product","3":"status-publish","4":"has-post-thumbnail","6":"product_cat-sale","7":"pa_suurus-l","8":"pa_suurus-m","9":"pa_suurus-s","11":"first","12":"outofstock","13":"sale","14":"sold-individually","15":"shipping-taxable","16":"product-type-variable"},"jetpack_publicize_connections":[],"jetpack_sharing_enabled":true,"jetpack_likes_enabled":true,"_links":{"self":[{"href":"https:\/\/superstore.ee\/index.php\/wp-json\/wp\/v2\/product\/6047","targetHints":{"allow":["GET"]}}],"collection":[{"href":"https:\/\/superstore.ee\/index.php\/wp-json\/wp\/v2\/product"}],"about":[{"href":"https:\/\/superstore.ee\/index.php\/wp-json\/wp\/v2\/types\/product"}],"wp:featuredmedia":[{"embeddable":true,"href":"https:\/\/superstore.ee\/index.php\/wp-json\/wp\/v2\/media\/6051"}],"wp:attachment":[{"href":"https:\/\/superstore.ee\/index.php\/wp-json\/wp\/v2\/media?parent=6047"}],"wp:term":[{"taxonomy":"product_brand","embeddable":true,"href":"https:\/\/superstore.ee\/index.php\/wp-json\/wp\/v2\/product_brand?post=6047"},{"taxonomy":"product_cat","embeddable":true,"href":"https:\/\/superstore.ee\/index.php\/wp-json\/wp\/v2\/product_cat?post=6047"},{"taxonomy":"product_tag","embeddable":true,"href":"https:\/\/superstore.ee\/index.php\/wp-json\/wp\/v2\/product_tag?post=6047"}],"curies":[{"name":"wp","href":"https:\/\/api.w.org\/{rel}","templated":true}]}}