{"id":6251,"date":"2022-09-11T19:46:58","date_gmt":"2022-09-11T17:46:58","guid":{"rendered":"https:\/\/superstore.ee\/?post_type=product&#038;p=6251"},"modified":"2024-03-03T23:27:27","modified_gmt":"2024-03-03T21:27:27","slug":"naiste-calvin-klein-dressikleit-7","status":"publish","type":"product","link":"https:\/\/superstore.ee\/index.php\/toode\/naiste-calvin-klein-dressikleit-7\/","title":{"rendered":"Naiste Calvin Klein dressikleit M"},"content":{"rendered":"","protected":false},"excerpt":{"rendered":"<p><span style=\"font-weight: 400;\">\ud83c\uddea\ud83c\uddea Naiste Calvin Klein dressikleit<\/span><br \/>\n<span style=\"font-weight: 400;\">Suurus: S, M, L<\/span><br \/>\n<span style=\"font-weight: 400;\">Materjal: 60% puuvill, 40% pol\u00fcester<\/span><br \/>\n<span style=\"font-weight: 400;\">V\u00e4rv: sinine<\/span><\/p>\n<p>S: \u00fcldpikkus \u00f5last 85cm, rind 102cm, puusa\u00fcmberm\u00f5\u00f5t 103cm, \u00f5lg 8cm, varruka pikkus \u00f5last 62.5cm<\/p>\n<p>M: \u00fcldpikkus \u00f5last 89cm, rind 108cm, puusa\u00fcmberm\u00f5\u00f5t 112cm, \u00f5lg 7.5cm, varruka pikkus \u00f5last 63cm<\/p>\n<p>L: rind 112cm, \u00fcldpikkus \u00f5last 85cm<\/p>\n<p><span style=\"font-weight: 400;\">\ud83c\uddf7\ud83c\uddfa \u0416\u0435\u043d\u0441\u043a\u043e\u0435 \u043f\u043b\u0430\u0442\u044c\u0435 Calvin Klein<\/span><br \/>\n<span style=\"font-weight: 400;\">\u0420\u0430\u0437\u043c\u0435\u0440: S, M, L<\/span><br \/>\n<span style=\"font-weight: 400;\">\u041c\u0430\u0442\u0435\u0440\u0438\u0430\u043b: 60% \u0445\u043b\u043e\u043f\u043e\u043a, 40% \u043f\u043e\u043b\u0438\u044d\u0441\u0442\u0435\u0440<\/span><br \/>\n<span style=\"font-weight: 400;\">\u0426\u0432\u0435\u0442: \u0441\u0438\u043d\u0438\u0439<\/span><\/p>\n<p><span style=\"font-weight: 400;\">\ud83c\uddfa\ud83c\uddf8 Women\u2019s Calvin Klein Dress<\/span><br \/>\n<span style=\"font-weight: 400;\">Size: S, M, L<\/span><br \/>\n<span style=\"font-weight: 400;\">Material: 60% cotton, 40% polyester<\/span><br \/>\n<span style=\"font-weight: 400;\">Color: dark blue<\/span><\/p>\n","protected":false},"featured_media":6252,"template":"","meta":{"jetpack_publicize_message":"","jetpack_publicize_feature_enabled":true,"jetpack_social_post_already_shared":false,"jetpack_social_options":{"image_generator_settings":{"template":"highway","default_image_id":0,"font":"","enabled":false},"version":2}},"product_brand":[],"product_cat":[631],"product_tag":[],"class_list":{"0":"post-6251","1":"product","2":"type-product","3":"status-publish","4":"has-post-thumbnail","6":"product_cat-sale","7":"pa_suurus-l","8":"pa_suurus-m","9":"pa_suurus-s","11":"first","12":"outofstock","13":"sale","14":"shipping-taxable","15":"product-type-variable"},"jetpack_publicize_connections":[],"jetpack_sharing_enabled":true,"jetpack_likes_enabled":true,"_links":{"self":[{"href":"https:\/\/superstore.ee\/index.php\/wp-json\/wp\/v2\/product\/6251","targetHints":{"allow":["GET"]}}],"collection":[{"href":"https:\/\/superstore.ee\/index.php\/wp-json\/wp\/v2\/product"}],"about":[{"href":"https:\/\/superstore.ee\/index.php\/wp-json\/wp\/v2\/types\/product"}],"wp:featuredmedia":[{"embeddable":true,"href":"https:\/\/superstore.ee\/index.php\/wp-json\/wp\/v2\/media\/6252"}],"wp:attachment":[{"href":"https:\/\/superstore.ee\/index.php\/wp-json\/wp\/v2\/media?parent=6251"}],"wp:term":[{"taxonomy":"product_brand","embeddable":true,"href":"https:\/\/superstore.ee\/index.php\/wp-json\/wp\/v2\/product_brand?post=6251"},{"taxonomy":"product_cat","embeddable":true,"href":"https:\/\/superstore.ee\/index.php\/wp-json\/wp\/v2\/product_cat?post=6251"},{"taxonomy":"product_tag","embeddable":true,"href":"https:\/\/superstore.ee\/index.php\/wp-json\/wp\/v2\/product_tag?post=6251"}],"curies":[{"name":"wp","href":"https:\/\/api.w.org\/{rel}","templated":true}]}}