{"id":6258,"date":"2022-09-10T21:33:31","date_gmt":"2022-09-10T19:33:31","guid":{"rendered":"https:\/\/superstore.ee\/?post_type=product&#038;p=6258"},"modified":"2023-03-08T14:45:26","modified_gmt":"2023-03-08T12:45:26","slug":"naiste-calvin-klein-dressikleit-8","status":"publish","type":"product","link":"https:\/\/superstore.ee\/index.php\/toode\/naiste-calvin-klein-dressikleit-8\/","title":{"rendered":"Naiste Calvin Klein dressikleit"},"content":{"rendered":"","protected":false},"excerpt":{"rendered":"<p><span style=\"font-weight: 400;\">\ud83c\uddea\ud83c\uddea Naiste Calvin Klein dressikleit<\/span><br \/>\n<span style=\"font-weight: 400;\">Suurus: XS, S, M<\/span><br \/>\n<span style=\"font-weight: 400;\">Materjal: 60% puuvill, 40% pol\u00fcester<\/span><br \/>\n<span style=\"font-weight: 400;\">V\u00e4rv: roosa<\/span><\/p>\n<p>S: \u00fcldpikkus \u00f5last 85cm, rind 102cm, puusa\u00fcmberm\u00f5\u00f5t 103cm, \u00f5lg 8cm, varruka pikkus \u00f5last 62.5cm<\/p>\n<p>M: \u00fcldpikkus \u00f5last 89cm, rind 108cm, puusa\u00fcmberm\u00f5\u00f5t 112cm, \u00f5lg 7.5cm, varruka pikkus \u00f5last 63cm<\/p>\n<p>L: rind 112cm, \u00fcldpikkus \u00f5last 85cm<\/p>\n<p><span style=\"font-weight: 400;\">\ud83c\uddf7\ud83c\uddfa \u0416\u0435\u043d\u0441\u043a\u043e\u0435 \u043f\u043b\u0430\u0442\u044c\u0435 Calvin Klein<\/span><br \/>\n<span style=\"font-weight: 400;\">\u0420\u0430\u0437\u043c\u0435\u0440: XS, S, M<\/span><br \/>\n<span style=\"font-weight: 400;\">\u041c\u0430\u0442\u0435\u0440\u0438\u0430\u043b: 60% \u0445\u043b\u043e\u043f\u043e\u043a, 40% \u043f\u043e\u043b\u0438\u044d\u0441\u0442\u0435\u0440<\/span><br \/>\n<span style=\"font-weight: 400;\">\u0426\u0432\u0435\u0442: \u0440\u043e\u0437\u043e\u0432\u044b\u0439<\/span><\/p>\n<p><span style=\"font-weight: 400;\">\ud83c\uddfa\ud83c\uddf8 Women\u2019s Calvin Klein Dress<\/span><br \/>\n<span style=\"font-weight: 400;\">Size: XS, S, M<\/span><br \/>\n<span style=\"font-weight: 400;\">Material: 60% cotton, 40% polyester<\/span><br \/>\n<span style=\"font-weight: 400;\">Color: pink<\/span><\/p>\n","protected":false},"featured_media":6262,"template":"","meta":{"jetpack_publicize_message":"","jetpack_publicize_feature_enabled":true,"jetpack_social_post_already_shared":false,"jetpack_social_options":{"image_generator_settings":{"template":"highway","default_image_id":0,"font":"","enabled":false},"version":2}},"product_brand":[],"product_cat":[15],"product_tag":[],"class_list":{"0":"post-6258","1":"product","2":"type-product","3":"status-publish","4":"has-post-thumbnail","6":"product_cat-maaramata","7":"pa_suurus-m","8":"pa_suurus-s","9":"pa_suurus-xs","11":"first","12":"outofstock","13":"sale","14":"shipping-taxable","15":"product-type-variable"},"jetpack_publicize_connections":[],"jetpack_sharing_enabled":true,"jetpack_likes_enabled":true,"_links":{"self":[{"href":"https:\/\/superstore.ee\/index.php\/wp-json\/wp\/v2\/product\/6258","targetHints":{"allow":["GET"]}}],"collection":[{"href":"https:\/\/superstore.ee\/index.php\/wp-json\/wp\/v2\/product"}],"about":[{"href":"https:\/\/superstore.ee\/index.php\/wp-json\/wp\/v2\/types\/product"}],"wp:featuredmedia":[{"embeddable":true,"href":"https:\/\/superstore.ee\/index.php\/wp-json\/wp\/v2\/media\/6262"}],"wp:attachment":[{"href":"https:\/\/superstore.ee\/index.php\/wp-json\/wp\/v2\/media?parent=6258"}],"wp:term":[{"taxonomy":"product_brand","embeddable":true,"href":"https:\/\/superstore.ee\/index.php\/wp-json\/wp\/v2\/product_brand?post=6258"},{"taxonomy":"product_cat","embeddable":true,"href":"https:\/\/superstore.ee\/index.php\/wp-json\/wp\/v2\/product_cat?post=6258"},{"taxonomy":"product_tag","embeddable":true,"href":"https:\/\/superstore.ee\/index.php\/wp-json\/wp\/v2\/product_tag?post=6258"}],"curies":[{"name":"wp","href":"https:\/\/api.w.org\/{rel}","templated":true}]}}