{"id":6313,"date":"2022-09-13T11:01:44","date_gmt":"2022-09-13T09:01:44","guid":{"rendered":"https:\/\/superstore.ee\/?post_type=product&#038;p=6313"},"modified":"2024-03-16T19:20:48","modified_gmt":"2024-03-16T17:20:48","slug":"naiste-guess-t-sark-3","status":"publish","type":"product","link":"https:\/\/superstore.ee\/index.php\/toode\/naiste-guess-t-sark-3\/","title":{"rendered":"Naiste Guess t-s\u00e4rk M-L"},"content":{"rendered":"","protected":false},"excerpt":{"rendered":"<p>\ud83c\uddea\ud83c\uddea\u00a0Naiste Guess t-s\u00e4rk<\/p>\n<p>Suurused: S, M, L<\/p>\n<p>M: rind 90, v\u00f6\u00f6 72cm, \u00fcldpikkus \u00f5last 61cm, materjal venib v\u00e4ga h\u00e4sti<\/p>\n<p>Materjal: 87% puuvill, 8% viskoos, 5% elastaan<\/p>\n<p>\ud83c\uddf7\ud83c\uddfa\u00a0\u0416\u0435\u043d\u0441\u043a\u0430\u044f Guess \u0444\u0443\u0442\u0431\u043e\u043b\u043a\u0430<\/p>\n<p>\u0420\u0430\u0437\u043c\u0435\u0440\u044b: S, M, L<\/p>\n<p>\u041c\u0430\u0442\u0435\u0440\u0438\u0430\u043b: 87 % \u0445\u043b\u043e\u043f\u043e\u043a, 8 % \u0432\u0438\u0441\u043a\u043e\u0437\u0430, 5 % \u044d\u043b\u0430\u0441\u0442\u0430\u043d.<\/p>\n<p>\ud83c\uddfa\ud83c\uddf8\u00a0Women\u2019s Guess t-shirt<\/p>\n<p>Sizes: S, M, L<\/p>\n<p>Material: 87% cotton, 8% viscose, 5% elastane<\/p>\n","protected":false},"featured_media":6072,"template":"","meta":{"jetpack_publicize_message":"","jetpack_publicize_feature_enabled":true,"jetpack_social_post_already_shared":false,"jetpack_social_options":{"image_generator_settings":{"template":"highway","default_image_id":0,"font":"","enabled":false},"version":2}},"product_brand":[],"product_cat":[631],"product_tag":[],"class_list":{"0":"post-6313","1":"product","2":"type-product","3":"status-publish","4":"has-post-thumbnail","6":"product_cat-sale","7":"pa_suurus-l","8":"pa_suurus-m","10":"first","11":"outofstock","12":"sale","13":"shipping-taxable","14":"product-type-variable"},"jetpack_publicize_connections":[],"jetpack_sharing_enabled":true,"jetpack_likes_enabled":true,"_links":{"self":[{"href":"https:\/\/superstore.ee\/index.php\/wp-json\/wp\/v2\/product\/6313","targetHints":{"allow":["GET"]}}],"collection":[{"href":"https:\/\/superstore.ee\/index.php\/wp-json\/wp\/v2\/product"}],"about":[{"href":"https:\/\/superstore.ee\/index.php\/wp-json\/wp\/v2\/types\/product"}],"wp:featuredmedia":[{"embeddable":true,"href":"https:\/\/superstore.ee\/index.php\/wp-json\/wp\/v2\/media\/6072"}],"wp:attachment":[{"href":"https:\/\/superstore.ee\/index.php\/wp-json\/wp\/v2\/media?parent=6313"}],"wp:term":[{"taxonomy":"product_brand","embeddable":true,"href":"https:\/\/superstore.ee\/index.php\/wp-json\/wp\/v2\/product_brand?post=6313"},{"taxonomy":"product_cat","embeddable":true,"href":"https:\/\/superstore.ee\/index.php\/wp-json\/wp\/v2\/product_cat?post=6313"},{"taxonomy":"product_tag","embeddable":true,"href":"https:\/\/superstore.ee\/index.php\/wp-json\/wp\/v2\/product_tag?post=6313"}],"curies":[{"name":"wp","href":"https:\/\/api.w.org\/{rel}","templated":true}]}}