{"id":70,"date":"2021-12-04T23:55:30","date_gmt":"2021-12-04T21:55:30","guid":{"rendered":"https:\/\/superstore.ee\/?post_type=product&#038;p=70"},"modified":"2022-01-18T12:28:49","modified_gmt":"2022-01-18T10:28:49","slug":"naiste-calvin-klein-korge-kaelusega-dressipluus","status":"publish","type":"product","link":"https:\/\/superstore.ee\/index.php\/toode\/naiste-calvin-klein-korge-kaelusega-dressipluus\/","title":{"rendered":"Naiste Calvin Klein k\u00f5rge kaelusega dressipluus"},"content":{"rendered":"","protected":false},"excerpt":{"rendered":"<p>\ud83c\uddea\ud83c\uddea Uus originaalne naiste Calvin Klein k\u00f5rge kaelusega dressipluus<\/p>\n<p>Suurus: S sobib S-M suurusele. M\u00f5\u00f5tmed: rind 94cm, \u00fcldpikkus \u00f5last 51cm<\/p>\n<p>Materjal: 77% pol\u00fcester 19% viskoos 4% elastaan<\/p>\n<p>T\u00e4ishind: 80\u20ac<\/p>\n<p>\ud83c\uddf7\ud83c\uddfa \u041d\u043e\u0432\u0430\u044f \u043e\u0440\u0438\u0433\u0438\u043d\u0430\u043b\u044c\u043d\u0430\u044f \u0436\u0435\u043d\u0441\u043a\u0430\u044f \u0432\u043e\u0434\u043e\u043b\u0430\u0437\u043a\u0430 Calvin Klein<\/p>\n<p>\u0420\u0430\u0437\u043c\u0435\u0440: S \u043f\u043e\u0434\u0445\u043e\u0434\u0438\u0442 \u043d\u0430 S-M \u0440\u0430\u0437\u043c\u0435\u0440. \u041f\u0430\u0440\u0430\u043c\u0435\u0442\u0440\u044b: \u0433\u0440\u0443\u0434\u044c 94\u0441\u043c, \u043e\u0431\u0449\u0430\u044f \u0434\u043b\u0438\u043d\u0430 \u043e\u0442 \u043f\u043b\u0435\u0447\u0430 51\u0441\u043c<\/p>\n<p>\u041c\u0430\u0442\u0435\u0440\u0438\u0430\u043b: 77% \u043f\u043e\u043b\u0438\u044d\u0441\u0442\u0435\u0440 19% \u0432\u0438\u0441\u043a\u043e\u0437\u0430 4% \u044d\u043b\u0430\u0441\u0442\u0430\u043d<\/p>\n<p>\u041f\u043e\u043b\u043d\u0430\u044f \u0446\u0435\u043d\u0430: 80\u20ac<\/p>\n<p>\ud83c\uddfa\ud83c\uddf8 Women\u2019s Calvin Klein lon<\/p>\n<p>Size: S, fits S-M size<\/p>\n<p>Full price: 80\u20ac<\/p>\n","protected":false},"featured_media":71,"template":"","meta":{"jetpack_publicize_message":"","jetpack_publicize_feature_enabled":true,"jetpack_social_post_already_shared":false,"jetpack_social_options":{"image_generator_settings":{"template":"highway","default_image_id":0,"font":"","enabled":false},"version":2}},"product_brand":[],"product_cat":[15],"product_tag":[33,46,43],"class_list":{"0":"post-70","1":"product","2":"type-product","3":"status-publish","4":"has-post-thumbnail","6":"product_cat-maaramata","7":"product_tag-naised","8":"product_tag-pusad","9":"product_tag-riided","11":"first","12":"outofstock","13":"sale","14":"shipping-taxable","15":"purchasable","16":"product-type-simple"},"jetpack_publicize_connections":[],"jetpack_sharing_enabled":true,"jetpack_likes_enabled":true,"_links":{"self":[{"href":"https:\/\/superstore.ee\/index.php\/wp-json\/wp\/v2\/product\/70","targetHints":{"allow":["GET"]}}],"collection":[{"href":"https:\/\/superstore.ee\/index.php\/wp-json\/wp\/v2\/product"}],"about":[{"href":"https:\/\/superstore.ee\/index.php\/wp-json\/wp\/v2\/types\/product"}],"wp:featuredmedia":[{"embeddable":true,"href":"https:\/\/superstore.ee\/index.php\/wp-json\/wp\/v2\/media\/71"}],"wp:attachment":[{"href":"https:\/\/superstore.ee\/index.php\/wp-json\/wp\/v2\/media?parent=70"}],"wp:term":[{"taxonomy":"product_brand","embeddable":true,"href":"https:\/\/superstore.ee\/index.php\/wp-json\/wp\/v2\/product_brand?post=70"},{"taxonomy":"product_cat","embeddable":true,"href":"https:\/\/superstore.ee\/index.php\/wp-json\/wp\/v2\/product_cat?post=70"},{"taxonomy":"product_tag","embeddable":true,"href":"https:\/\/superstore.ee\/index.php\/wp-json\/wp\/v2\/product_tag?post=70"}],"curies":[{"name":"wp","href":"https:\/\/api.w.org\/{rel}","templated":true}]}}