{"id":7069,"date":"2023-01-11T16:28:55","date_gmt":"2023-01-11T14:28:55","guid":{"rendered":"https:\/\/superstore.ee\/?post_type=product&#038;p=7069"},"modified":"2023-04-09T13:38:57","modified_gmt":"2023-04-09T11:38:57","slug":"victorias-secret-huulelaigete-komplekt-5tk","status":"publish","type":"product","link":"https:\/\/superstore.ee\/index.php\/toode\/victorias-secret-huulelaigete-komplekt-5tk\/","title":{"rendered":"Victoria&#8217;s Secret huulel\u00e4igete komplekt (5tk)"},"content":{"rendered":"","protected":false},"excerpt":{"rendered":"<p><span style=\"font-weight: 400;\">\ud83c\uddea\ud83c\uddea <\/span><span style=\"font-weight: 400;\">Victoria&#8217;s Secret huulel\u00e4igete komplekt. Komplektis on 5 huulel\u00e4iget, mis maitsevad ja l\u00f5hnavad nagu:<\/span><\/p>\n<ul>\n<li><span style=\"font-weight: 400;\">Candy Baby (kommid)<\/span><\/li>\n<li><span style=\"font-weight: 400;\">Juicy Melon (melon)<\/span><\/li>\n<li><span style=\"font-weight: 400;\">Strawberry Fizz(maasikas)<\/span><\/li>\n<li><span style=\"font-weight: 400;\">Coconut Craze (kookosp\u00e4hkel)<\/span><\/li>\n<li><span style=\"font-weight: 400;\">Sugar High (suhkur)<\/span><\/li>\n<\/ul>\n<p><strong>NB! Kosmeetika ostmisel palun valige tarneviisiks Smartpost!<\/strong><\/p>\n<p><span style=\"font-weight: 400;\">\ud83c\uddf7\ud83c\uddfa <\/span><span style=\"font-weight: 400;\">\u041a\u043e\u043c\u043f\u043b\u0435\u043a\u0442 \u043e\u0442 Victoria&#8217;s Secret \u0438\u0437 5 \u0430\u0440\u043e\u043c\u0430\u0442\u043d\u044b\u0445 \u0431\u043b\u0435\u0441\u043a\u043e\u0432 \u0434\u043b\u044f \u0433\u0443\u0431 \u0441\u043e \u0432\u043a\u0443\u0441\u0430\u043c\u0438:<\/span><\/p>\n<ul>\n<li><span style=\"font-weight: 400;\">Candy Baby (\u043a\u043e\u043d\u0444\u0435\u0442\u043d\u044b\u0439)<\/span><\/li>\n<li><span style=\"font-weight: 400;\">Juicy Melon\u00a0 (\u0441\u043e\u0447\u043d\u0430\u044f \u0434\u044b\u043d\u044f)<\/span><\/li>\n<li><span style=\"font-weight: 400;\">Strawberry Fizz (\u043a\u043b\u0443\u0431\u043d\u0438\u043a\u0430)<\/span><\/li>\n<li><span style=\"font-weight: 400;\">Coconut Craze (\u043a\u043e\u043a\u043e\u0441)<\/span><\/li>\n<li><span style=\"font-weight: 400;\">Sugar High (\u0441\u0430\u0445\u0430\u0440\u043d\u044b\u0439)<\/span><\/li>\n<\/ul>\n<p><strong>NB! \u041f\u0440\u0438 \u043f\u043e\u043a\u0443\u043f\u043a\u0435 \u043a\u043e\u0441\u043c\u0435\u0442\u0438\u043a\u0438 \u0432\u044b\u0431\u0435\u0440\u0438\u0442\u0435 \u043f\u043e\u0436\u0430\u043b\u0443\u0439\u0441\u0442\u0430 Smartpost \u0434\u043e\u0441\u0442\u0430\u0432\u043a\u0443!<\/strong><\/p>\n<p><span style=\"font-weight: 400;\">\ud83c\uddfa\ud83c\uddf8 <\/span><span style=\"font-weight: 400;\">5 Victoria&#8217;s Secret flavored lip glosses in a gift set. Non-sticky formula. Includes:<\/span><\/p>\n<ul>\n<li><span style=\"font-weight: 400;\">Sugar High\u00a0<\/span><\/li>\n<li><span style=\"font-weight: 400;\">Candy Baby\u00a0<\/span><\/li>\n<li><span style=\"font-weight: 400;\">Juicy Melon\u00a0<\/span><\/li>\n<li><span style=\"font-weight: 400;\">Strawberry Fizz\u00a0<\/span><\/li>\n<li><span style=\"font-weight: 400;\">Coconut Craze<\/span><\/li>\n<\/ul>\n<p><strong>NB! When buying cosmetics, please choose a Smartpos delivery!<\/strong><\/p>\n","protected":false},"featured_media":7075,"template":"","meta":{"jetpack_publicize_message":"","jetpack_publicize_feature_enabled":true,"jetpack_social_post_already_shared":false,"jetpack_social_options":{"image_generator_settings":{"template":"highway","default_image_id":0,"font":"","enabled":false},"version":2}},"product_brand":[],"product_cat":[342,341],"product_tag":[],"class_list":{"0":"post-7069","1":"product","2":"type-product","3":"status-publish","4":"has-post-thumbnail","6":"product_cat-komplektid-victorias-secret","7":"product_cat-victorias-secret","9":"first","10":"outofstock","11":"sale","12":"shipping-taxable","13":"purchasable","14":"product-type-simple"},"jetpack_publicize_connections":[],"jetpack_sharing_enabled":true,"jetpack_likes_enabled":true,"_links":{"self":[{"href":"https:\/\/superstore.ee\/index.php\/wp-json\/wp\/v2\/product\/7069","targetHints":{"allow":["GET"]}}],"collection":[{"href":"https:\/\/superstore.ee\/index.php\/wp-json\/wp\/v2\/product"}],"about":[{"href":"https:\/\/superstore.ee\/index.php\/wp-json\/wp\/v2\/types\/product"}],"wp:featuredmedia":[{"embeddable":true,"href":"https:\/\/superstore.ee\/index.php\/wp-json\/wp\/v2\/media\/7075"}],"wp:attachment":[{"href":"https:\/\/superstore.ee\/index.php\/wp-json\/wp\/v2\/media?parent=7069"}],"wp:term":[{"taxonomy":"product_brand","embeddable":true,"href":"https:\/\/superstore.ee\/index.php\/wp-json\/wp\/v2\/product_brand?post=7069"},{"taxonomy":"product_cat","embeddable":true,"href":"https:\/\/superstore.ee\/index.php\/wp-json\/wp\/v2\/product_cat?post=7069"},{"taxonomy":"product_tag","embeddable":true,"href":"https:\/\/superstore.ee\/index.php\/wp-json\/wp\/v2\/product_tag?post=7069"}],"curies":[{"name":"wp","href":"https:\/\/api.w.org\/{rel}","templated":true}]}}