{"id":7173,"date":"2023-01-14T15:40:47","date_gmt":"2023-01-14T13:40:47","guid":{"rendered":"https:\/\/superstore.ee\/?post_type=product&#038;p=7173"},"modified":"2023-11-07T13:46:24","modified_gmt":"2023-11-07T11:46:24","slug":"victorias-secret-huulekoorija-huulemask-huulepalsam-huulelaige-1tk","status":"publish","type":"product","link":"https:\/\/superstore.ee\/index.php\/toode\/victorias-secret-huulekoorija-huulemask-huulepalsam-huulelaige-1tk\/","title":{"rendered":"Victoria&#8217;s Secret huulekoorija"},"content":{"rendered":"","protected":false},"excerpt":{"rendered":"<p><span style=\"font-weight: 400;\">\ud83c\uddea\ud83c\uddea <\/span><span style=\"font-weight: 400;\">Victoria\u2019s Secret huulekoorija, huulemask, huulepalsam v\u00f5i huulel\u00e4ige <\/span>(1tk)<\/p>\n<ul>\n<li style=\"font-weight: 400;\"><span style=\"font-weight: 400;\"><strong>Kooriv huulekoorija<\/strong> (Smooth Scrub Exfoliating Lip Polish) \u2013 puhastab, poleerib ja toidab huuli, j\u00e4ttes need pehmeks ja v\u00e4rvimiseks valmis. Sheav\u00f5i ja \u00f5lid: viinamarjaseemned, mangoseemned ja avokaado<\/span><\/li>\n<li style=\"font-weight: 400;\"><span style=\"font-weight: 400;\"><strong>Toitev huulemask<\/strong> (Lip Mask Nourishing Lip Treatment ) \u2013 sisaldab sheav\u00f5id, vaniljemaitseline 8-tunnine niisutav huulemask p\u00e4evaseks v\u00f5i \u00f6iseks niisutamiseks.<\/span><\/li>\n<li style=\"font-weight: 400;\"><span style=\"font-weight: 400;\"><strong>Niisutav huulepalsam<\/strong> (Moisture Balm Hydrating Lip Balm) \u2013 sisaldab sheav\u00f5id ja E-vitamiini. Vanillimaitseline 4-tunnine niisutav huulepalsam j\u00e4tab huuled uskumatult pehmeks ja toidetuks<\/span><\/li>\n<li style=\"font-weight: 400;\"><span style=\"font-weight: 400;\"><strong>V\u00e4rskendav huulel\u00e4ige<\/strong> (Minty Shine Refreshing Lip Gloss ) \u2013 sisaldab piparm\u00fcndi\u00f5li. Piparm\u00fcndi koostis annab huultele jahutava efekti, j\u00e4ttes need s\u00e4ravaks ja siledaks.<\/span><\/li>\n<\/ul>\n<p><span style=\"font-weight: 400;\">Kasutusjuhend:<\/span><\/p>\n<ol>\n<li style=\"font-weight: 400;\"><span style=\"font-weight: 400;\">Kasutage huulte puhastamiseks ja ettevalmistamiseks Smooth Scrub Exfoliating Lip Polish huulekoorijat.<\/span><\/li>\n<li style=\"font-weight: 400;\"><span style=\"font-weight: 400;\">Enne magamaminekut kandke huultele rohkelt Lip Mask Nourishing Lip Treatment huulemaski, et neid niisutada. Mask on m\u00f5eldud intensiivseks 8-tunniseks niisutamiseks.<\/span><\/li>\n<li style=\"font-weight: 400;\"><span style=\"font-weight: 400;\">P\u00e4eva jooksul niisutage huuli Moisture Balm Hydrating Lip Balm huulepalsamiga, et huuled oleksid h\u00fcdreeritud ja pehmed.<\/span><\/li>\n<li style=\"font-weight: 400;\"><span style=\"font-weight: 400;\">Kasutage v\u00e4rskendavat Minty Shine Refreshing Lip Gloss huulel\u00e4iget, et huuled oleksid v\u00e4rsked ja siledad.<\/span><\/li>\n<\/ol>\n<p><strong>NB! Kosmeetika ostmisel palun valige tarneviisiks Smartpost!<\/strong><\/p>\n<p><span style=\"font-weight: 400;\">\ud83c\uddf7\ud83c\uddfa <\/span><span style=\"font-weight: 400;\">Victoria\u2019s Secret \u0443\u0445\u043e\u0434 \u0437\u0430 \u0433\u0443\u0431\u0430\u043c\u0438: \u0441\u043a\u0440\u0430\u0431 \u0434\u043b\u044f \u0433\u0443\u0431, \u043c\u0430\u0441\u043a\u0430, \u0431\u0430\u043b\u044c\u0437\u0430\u043c \u0438\u043b\u0438 \u0431\u043b\u0435\u0441\u043a<\/span> (1\u0448\u0442)<\/p>\n<ul>\n<li style=\"font-weight: 400;\"><span style=\"font-weight: 400;\"><strong>\u041e\u0442\u0448\u0435\u043b\u0443\u0448\u0438\u0432\u0430\u044e\u0449\u0438\u0439 \u0441\u043a\u0440\u0430\u0431 \u0434\u043b\u044f \u0433\u0443\u0431<\/strong> (Smooth Scrub Exfoliating Lip Polish) \u2013 \u043e\u0447\u0438\u0449\u0430\u0435\u0442, \u043f\u043e\u043b\u0438\u0440\u0443\u0435\u0442 \u0438 \u043f\u0438\u0442\u0430\u0435\u0442 \u0433\u0443\u0431\u044b, \u0434\u0435\u043b\u0430\u044f \u0438\u0445 \u043c\u044f\u0433\u043a\u0438\u043c\u0438 \u0438 \u0433\u043e\u0442\u043e\u0432\u044b\u043c\u0438 \u043a \u0446\u0432\u0435\u0442\u0443. \u0421\u043e\u0434\u0435\u0440\u0436\u0438\u0442 \u043c\u0430\u0441\u043b\u043e \u0448\u0438 \u0438 \u043c\u0430\u0441\u043b\u0430: \u043a\u043e\u0441\u0442\u043e\u0447\u0435\u043a \u0432\u0438\u043d\u043e\u0433\u0440\u0430\u0434\u0430, \u043a\u043e\u0441\u0442\u043e\u0447\u0435\u043a \u043c\u0430\u043d\u0433\u043e \u0438 \u0430\u0432\u043e\u043a\u0430\u0434\u043e.<\/span><\/li>\n<li style=\"font-weight: 400;\"><span style=\"font-weight: 400;\"><strong>\u041f\u0438\u0442\u0430\u0442\u0435\u043b\u044c\u043d\u0430\u044f \u043c\u0430\u0441\u043a\u0430 \u0434\u043b\u044f \u0433\u0443\u0431<\/strong> (Lip Mask Nourishing Lip Treatment ) \u2013 \u0441\u043e\u0434\u0435\u0440\u0436\u0438\u0442 \u043c\u0430\u0441\u043b, \u0441\u043e \u0432\u043a\u0443\u0441\u043e\u043c \u0432\u0430\u043d\u0438\u043b\u0438, 8-\u0447\u0430\u0441\u043e\u0432\u0430\u044f \u0443\u0432\u043b\u0430\u0436\u043d\u044f\u044e\u0449\u0430\u044f \u043c\u0430\u0441\u043a\u0430 \u0434\u043b\u044f \u0433\u0443\u0431, \u0434\u043b\u044f \u0434\u043d\u0435\u0432\u043d\u043e\u0433\u043e \u0438\u043b\u0438 \u043d\u043e\u0447\u043d\u043e\u0433\u043e \u0443\u0432\u043b\u0430\u0436\u043d\u0435\u043d\u0438\u044f.<\/span><\/li>\n<li style=\"font-weight: 400;\"><span style=\"font-weight: 400;\"><strong>\u0423\u0432\u043b\u0430\u0436\u043d\u044f\u044e\u0449\u0438\u0439 \u0431\u0430\u043b\u044c\u0437\u0430\u043c \u0434\u043b\u044f \u0433\u0443\u0431<\/strong> (Moisture Balm Hydrating Lip Balm) \u2013 \u0441\u043e\u0434\u0435\u0440\u0436\u0438\u0442 \u043c\u0430\u0441\u043b\u043e \u0448\u0438 \u0438 \u0432\u0438\u0442\u0430\u043c\u0438\u043d \u0415. \u0421\u043e \u0432\u043a\u0443\u0441\u043e\u043c \u0432\u0430\u043d\u0438\u043b\u0438 4-\u0447\u0430\u0441\u043e\u0432\u0430\u044f \u0443\u0432\u043b\u0430\u0436\u043d\u044f\u044e\u0449\u0430\u044f \u0444\u043e\u0440\u043c\u0443\u043b\u0430 \u0434\u0435\u043b\u0430\u0435\u0442 \u0433\u0443\u0431\u044b \u043d\u0435\u0432\u0435\u0440\u043e\u044f\u0442\u043d\u043e \u043c\u044f\u0433\u043a\u0438\u043c\u0438 \u0438 \u043d\u0430\u043f\u0438\u0442\u0430\u043d\u043d\u044b\u043c\u0438<\/span><\/li>\n<li style=\"font-weight: 400;\"><span style=\"font-weight: 400;\"><strong>\u041e\u0441\u0432\u0435\u0436\u0430\u044e\u0449\u0438\u0439 \u0431\u043b\u0435\u0441\u043a \u0434\u043b\u044f<\/strong> <strong>\u0433\u0443\u0431 <\/strong>(Minty Shine Refreshing Lip Gloss) \u2013 \u0421\u043e\u0434\u0435\u0440\u0436\u0438\u0442 \u043c\u044f\u0442\u043d\u043e\u0435 \u043c\u0430\u0441\u043b\u043e. \u041c\u044f\u0442\u043d\u0430\u044f \u0444\u043e\u0440\u043c\u0443\u043b\u0430 \u043f\u0440\u0438\u0434\u0430\u0435\u0442 \u0433\u0443\u0431\u0430\u043c \u043e\u0445\u043b\u0430\u0436\u0434\u0430\u044e\u0449\u0438\u0439 \u044d\u0444\u0444\u0435\u043a\u0442, \u043f\u0440\u0438\u0434\u0430\u0432\u0430\u044f \u0438\u043c \u0441\u0438\u044f\u044e\u0449\u0438\u0439 \u0438 \u0433\u043b\u0430\u0434\u043a\u0438\u0439 \u0432\u0438\u0434.<\/span><\/li>\n<\/ul>\n<p><span style=\"font-weight: 400;\">\u0418\u043d\u0441\u0442\u0440\u0443\u043a\u0446\u0438\u044f \u043f\u043e \u0438\u0441\u043f\u043e\u043b\u044c\u0437\u043e\u0432\u0430\u043d\u0438\u044e:<\/span><\/p>\n<ol>\n<li style=\"font-weight: 400;\"><span style=\"font-weight: 400;\">\u0418\u0441\u043f\u043e\u043b\u044c\u0437\u0443\u0439\u0442\u0435 \u0441\u043a\u0440\u0430\u0431 \u0434\u043b\u044f \u0433\u0443\u0431 Smooth Scrub Exfoliating Lip Polish \u0447\u0442\u043e\u0431\u044b \u043e\u0447\u0438\u0441\u0442\u0438\u0442\u044c \u0438 \u043f\u043e\u0434\u0433\u043e\u0442\u043e\u0432\u0438\u0442\u044c \u0433\u0443\u0431\u044b.<\/span><\/li>\n<li style=\"font-weight: 400;\"><span style=\"font-weight: 400;\">\u0418\u0441\u043f\u043e\u043b\u044c\u0437\u0443\u0439\u0442\u0435 \u043c\u0430\u0441\u043a\u0443 \u0434\u043b\u044f \u0433\u0443\u0431 Lip Mask Nourishing Lip Treatment \u0434\u043b\u044f \u0438\u043d\u0442\u0435\u043d\u0441\u0438\u0432\u043d\u043e\u0433\u043e 8-\u0447\u0430\u0441\u043e\u0432\u043e\u0433\u043e \u0443\u0432\u043b\u0430\u0436\u043d\u0435\u043d\u0438\u044f, \u043a\u043e\u0442\u043e\u0440\u043e\u0435 \u043e\u0441\u0442\u0430\u0432\u0438\u0442 \u0433\u0443\u0431\u044b \u0443\u0432\u043b\u0430\u0436\u043d\u0435\u043d\u043d\u044b\u043c\u0438 \u0432 \u0442\u0435\u0447\u0435\u043d\u0438\u0435 \u0432\u0441\u0435\u0433\u043e \u0434\u043d\u044f \u0438\u043b\u0438 \u043d\u043e\u0447\u0438.<\/span><\/li>\n<li style=\"font-weight: 400;\"><span style=\"font-weight: 400;\">\u041d\u0430\u043d\u0435\u0441\u0438\u0442\u0435 \u0443\u0432\u043b\u0430\u0436\u043d\u044f\u044e\u0449\u0438\u0439 \u0431\u0430\u043b\u044c\u0437\u0430\u043c \u0434\u043b\u044f \u0433\u0443\u0431 Moisture Balm Hydrating Lip Balm, \u0447\u0442\u043e\u0431\u044b \u0433\u0443\u0431\u044b \u0431\u044b\u043b\u0438 \u0443\u0432\u043b\u0430\u0436\u043d\u0435\u043d\u043d\u044b\u043c\u0438 \u0438 \u043c\u044f\u0433\u043a\u0438\u043c\u0438.<\/span><\/li>\n<li style=\"font-weight: 400;\"><span style=\"font-weight: 400;\">\u0418\u0441\u043f\u043e\u043b\u044c\u0437\u0443\u0439\u0442\u0435 \u043e\u0441\u0432\u0435\u0436\u0430\u044e\u0449\u0438\u0439 \u0431\u043b\u0435\u0441\u043a \u0434\u043b\u044f \u0433\u0443\u0431 Minty Shine, \u0447\u0442\u043e\u0431\u044b \u043e\u0449\u0443\u0442\u0438\u0442\u044c \u0441\u0432\u0435\u0436\u0435\u0441\u0442\u044c \u0433\u0443\u0431 \u0438 \u043f\u0440\u0438\u0434\u0430\u0442\u044c \u0438\u043c \u0433\u043b\u0430\u0434\u043a\u043e\u0441\u0442\u044c.<\/span><\/li>\n<\/ol>\n<p><strong>NB! \u041f\u0440\u0438 \u043f\u043e\u043a\u0443\u043f\u043a\u0435 \u043a\u043e\u0441\u043c\u0435\u0442\u0438\u043a\u0438 \u0432\u044b\u0431\u0435\u0440\u0438\u0442\u0435 \u043f\u043e\u0436\u0430\u043b\u0443\u0439\u0441\u0442\u0430 Smartpost \u0434\u043e\u0441\u0442\u0430\u0432\u043a\u0443!<\/strong><\/p>\n<p><span style=\"font-weight: 400;\">\ud83c\uddfa\ud83c\uddf8 <\/span><span style=\"font-weight: 400;\">Victoria\u2019s Secret Lip Care: lip scrub, mask, balm or gloss <\/span>(1pcs)<\/p>\n<ul>\n<li style=\"font-weight: 400;\"><span style=\"font-weight: 400;\"><strong>Smooth Scrub Exfoliating Lip Polish<\/strong> \u2013 refines by buffing and nourishing for soft, color-ready lips. <\/span><\/li>\n<li style=\"font-weight: 400;\"><span style=\"font-weight: 400;\">Shea Butter &amp; Oils: Grape Seed, Mango Seed, and Avocado<\/span><\/li>\n<li style=\"font-weight: 400;\"><span style=\"font-weight: 400;\"><strong>Lip Mask Nourishing Lip Treatment<\/strong> \u2013 vanilla flavor, 8-hour moisturizing lip mask, for day or night hydration. Shea butter.<\/span><\/li>\n<li style=\"font-weight: 400;\"><span style=\"font-weight: 400;\"><strong>Moisture Balm Hydrating Lip Balm<\/strong> \u2013 vanilla flavor, 4-hour hydrating formula leaves lips feeling ultra-soft and nourished. Shea butter &amp; Vitamin E.<\/span><\/li>\n<li style=\"font-weight: 400;\"><span style=\"font-weight: 400;\"><strong>Minty Shine Refreshing Lip Gloss<\/strong> \u2013 minty-fresh formula gives lips a cooling buzz for a glistening, smooth finish. Peppermint Oil<\/span><\/li>\n<\/ul>\n<p><span style=\"font-weight: 400;\">Instruction on how to use:<\/span><\/p>\n<ol>\n<li style=\"font-weight: 400;\"><span style=\"font-weight: 400;\">Use Smooth Scrub Exfoliating Lip Polish to refine and prep lips.<\/span><\/li>\n<li style=\"font-weight: 400;\"><span style=\"font-weight: 400;\">Use Lip Mask Nourishing Lip Treatment for an intense 8-hour moisture, it will leave lips hydrated all day or night. <\/span><\/li>\n<li style=\"font-weight: 400;\"><span style=\"font-weight: 400;\">Apply Moisture Balm Hydrating Lip Balm alone, to prime, or to layer on for hydrated, soft feeling lips. <\/span><\/li>\n<li style=\"font-weight: 400;\"><span style=\"font-weight: 400;\">Use Minty Shine Refreshing Lip Gloss to feel fresh lips and to have a smooth look.<\/span><\/li>\n<\/ol>\n<p><strong>NB! When buying cosmetics, please choose a Smartpos delivery!<\/strong><\/p>\n","protected":false},"featured_media":7183,"template":"","meta":{"jetpack_publicize_message":"","jetpack_publicize_feature_enabled":true,"jetpack_social_post_already_shared":false,"jetpack_social_options":{"image_generator_settings":{"template":"highway","default_image_id":0,"font":"","enabled":false},"version":2}},"product_brand":[],"product_cat":[341],"product_tag":[],"class_list":{"0":"post-7173","1":"product","2":"type-product","3":"status-publish","4":"has-post-thumbnail","6":"product_cat-victorias-secret","7":"pa_varv-huulekoorija-smooth-scrub-exfoliating-lip-polish","8":"pa_varv-huulelaige-minty-shine-refreshing-lip-gloss","9":"pa_varv-huulemask-lip-mask-nourishing-lip-treatment","10":"pa_varv-huulepalsam-moisture-balm-hydrating-lip-balm","12":"first","13":"outofstock","14":"sale","15":"shipping-taxable","16":"product-type-variable"},"jetpack_publicize_connections":[],"jetpack_sharing_enabled":true,"jetpack_likes_enabled":true,"_links":{"self":[{"href":"https:\/\/superstore.ee\/index.php\/wp-json\/wp\/v2\/product\/7173","targetHints":{"allow":["GET"]}}],"collection":[{"href":"https:\/\/superstore.ee\/index.php\/wp-json\/wp\/v2\/product"}],"about":[{"href":"https:\/\/superstore.ee\/index.php\/wp-json\/wp\/v2\/types\/product"}],"wp:featuredmedia":[{"embeddable":true,"href":"https:\/\/superstore.ee\/index.php\/wp-json\/wp\/v2\/media\/7183"}],"wp:attachment":[{"href":"https:\/\/superstore.ee\/index.php\/wp-json\/wp\/v2\/media?parent=7173"}],"wp:term":[{"taxonomy":"product_brand","embeddable":true,"href":"https:\/\/superstore.ee\/index.php\/wp-json\/wp\/v2\/product_brand?post=7173"},{"taxonomy":"product_cat","embeddable":true,"href":"https:\/\/superstore.ee\/index.php\/wp-json\/wp\/v2\/product_cat?post=7173"},{"taxonomy":"product_tag","embeddable":true,"href":"https:\/\/superstore.ee\/index.php\/wp-json\/wp\/v2\/product_tag?post=7173"}],"curies":[{"name":"wp","href":"https:\/\/api.w.org\/{rel}","templated":true}]}}