{"id":7284,"date":"2023-01-21T17:16:24","date_gmt":"2023-01-21T15:16:24","guid":{"rendered":"https:\/\/superstore.ee\/?post_type=product&#038;p=7284"},"modified":"2023-12-14T20:41:38","modified_gmt":"2023-12-14T18:41:38","slug":"victorias-secret-parfumeeritud-kehalosjoon-236ml-limited-edition-royal-garden","status":"publish","type":"product","link":"https:\/\/superstore.ee\/index.php\/toode\/victorias-secret-parfumeeritud-kehalosjoon-236ml-limited-edition-royal-garden\/","title":{"rendered":"Victoria\u2019s Secret parf\u00fcmeeritud kehalosjoon (236ml) Limited Edition Royal Garden"},"content":{"rendered":"","protected":false},"excerpt":{"rendered":"<p><span style=\"font-weight: 400;\">\ud83c\uddea\ud83c\uddeaVictoria\u2019s Secret parf\u00fcmeeritud kehalosjoon (236ml) \u00a0Limited Edition Royal Garden Fragrance Lotion<\/span><\/p>\n<p><strong>Nectar Drip <\/strong><span style=\"font-weight: 400;\">T\u00fc\u00fcp: Lillemuskus, <\/span><span style=\"font-weight: 400;\">Noodid: s\u00fcgisene jasmiin, pralinee muskus, tsitruse nektar<\/span><\/p>\n<p><span style=\"font-weight: 400;\">\u00a0<\/span><strong>Floral Affair <\/strong><span style=\"font-weight: 400;\">T\u00fc\u00fcp: V\u00e4rske lilleline, <\/span><span style=\"font-weight: 400;\">Noodid: kreemjas gardeenia, bergamott, suhkur. \u00d5itsevad lilled.<\/span><\/p>\n<p><strong>Garden Daydream <\/strong><span style=\"font-weight: 400;\">T\u00fc\u00fcp: lilleline muskus, <\/span><span style=\"font-weight: 400;\">Noodid: granaat\u00f5un liilia ja virsikuga. V\u00f5rgutavad kroonlehed.<\/span><\/p>\n<p><strong>NB! Kosmeetika ostmisel palun valige tarneviisiks Smartpost!<\/strong><\/p>\n<p><span style=\"font-weight: 400;\">\ud83c\uddf7\ud83c\uddfa Victoria\u2019s Secret \u043f\u0430\u0440\u0444\u044e\u043c\u0438\u0440\u043e\u0432\u0430\u043d\u043d\u044b\u0439 \u043b\u043e\u0441\u044c\u043e\u043d (236\u043c\u043b) Limited Edition Royal Garden Fragrance Lotion<\/span><\/p>\n<p><strong>Nectar Drip <\/strong><span style=\"font-weight: 400;\">\u0422\u0438\u043f: \u0446\u0432\u0435\u0442\u043e\u0447\u043d\u044b\u0439 \u043c\u0443\u0441\u043a\u0443\u0441, <\/span><span style=\"font-weight: 400;\">\u041d\u043e\u0442\u044b: \u0441\u043b\u0438\u0432\u043e\u0447\u043d\u0430\u044f \u0433\u0430\u0440\u0434\u0435\u043d\u0438\u044f, \u0431\u0435\u0440\u0433\u0430\u043c\u043e\u0442, \u0441\u0430\u0445\u0430\u0440. \u0426\u0432\u0435\u0442\u0443\u0449\u0438\u0435 \u0446\u0432\u0435\u0442\u044b.<\/span><\/p>\n<p><strong>Floral Affair <\/strong><span style=\"font-weight: 400;\">\u0422\u0438\u043f: \u0421\u0432\u0435\u0436\u0438\u0439 \u0446\u0432\u0435\u0442\u043e\u0447\u043d\u044b\u0439,\u00a0 <\/span><span style=\"font-weight: 400;\">\u041d\u043e\u0442\u044b: \u0430\u0442\u043b\u0430\u0441\u043d\u044b\u0435 \u0433\u0440\u0430\u043d\u0430\u0442\u044b \u0441 \u043b\u0438\u043b\u0438\u0435\u0439 \u0438 \u043f\u0435\u0440\u0441\u0438\u043a\u043e\u043c. \u0421\u043e\u0431\u043b\u0430\u0437\u043d\u0438\u0442\u0435\u043b\u044c\u043d\u044b\u0435 \u043b\u0435\u043f\u0435\u0441\u0442\u043a\u0438.<\/span><\/p>\n<p><strong>Garden Daydream <\/strong><span style=\"font-weight: 400;\">\u0422\u0438\u043f: \u0446\u0432\u0435\u0442\u043e\u0447\u043d\u044b\u0439 \u043c\u0443\u0441\u043a\u0443\u0441, <\/span><span style=\"font-weight: 400;\">\u041d\u043e\u0442\u044b: \u0441\u043b\u0438\u0432\u043e\u0447\u043d\u0430\u044f \u0433\u0430\u0440\u0434\u0435\u043d\u0438\u044f \u0441 \u0431\u0435\u0440\u0433\u0430\u043c\u043e\u0442\u043e\u043c \u0438 \u0441\u0430\u0445\u0430\u0440\u043e\u043c. \u0426\u0432\u0435\u0442\u0443\u0449\u0438\u0435 \u0446\u0432\u0435\u0442\u044b.<\/span><\/p>\n<p><strong>NB! \u041f\u0440\u0438 \u043f\u043e\u043a\u0443\u043f\u043a\u0435 \u043a\u043e\u0441\u043c\u0435\u0442\u0438\u043a\u0438 \u0432\u044b\u0431\u0435\u0440\u0438\u0442\u0435 \u043f\u043e\u0436\u0430\u043b\u0443\u0439\u0441\u0442\u0430 Smartpost \u0434\u043e\u0441\u0442\u0430\u0432\u043a\u0443!<\/strong><\/p>\n<p><span style=\"font-weight: 400;\">\ud83c\uddfa\ud83c\uddf8 Victoria\u2019s Secret Fragrance Lotion (236ml)<\/span><\/p>\n<p><strong>Nectar Drip <\/strong><span style=\"font-weight: 400;\">Type: Floral Musk,\u00a0 <\/span><span style=\"font-weight: 400;\">Notes: autumn jasmine, praline musk, citrus nectar<\/span><\/p>\n<p><strong>Floral Affair <\/strong><span style=\"font-weight: 400;\">Type: Fresh Floral, <\/span><span style=\"font-weight: 400;\">Notes: Satin pomegranates flirts with lily and peach. Alluring petals.<\/span><\/p>\n<p><strong>Garden Daydream <\/strong><span style=\"font-weight: 400;\">Type: Floral Musk, <\/span><span style=\"font-weight: 400;\">Notes: Creamy gardenia, bergamot, sugar. Flourishing florals.<\/span><\/p>\n<p><strong>NB! When buying cosmetics, please choose a Smartpos delivery!<\/strong><\/p>\n","protected":false},"featured_media":13154,"template":"","meta":{"jetpack_publicize_message":"","jetpack_publicize_feature_enabled":true,"jetpack_social_post_already_shared":false,"jetpack_social_options":{"image_generator_settings":{"template":"highway","default_image_id":0,"font":"","enabled":false},"version":2}},"product_brand":[],"product_cat":[341],"product_tag":[],"class_list":{"0":"post-7284","1":"product","2":"type-product","3":"status-publish","4":"has-post-thumbnail","6":"product_cat-victorias-secret","7":"pa_lohn-floral-affair","8":"pa_lohn-garden-daydream","9":"pa_lohn-nectar-drip","11":"first","12":"outofstock","13":"sale","14":"shipping-taxable","15":"product-type-variable"},"jetpack_publicize_connections":[],"jetpack_sharing_enabled":true,"jetpack_likes_enabled":true,"_links":{"self":[{"href":"https:\/\/superstore.ee\/index.php\/wp-json\/wp\/v2\/product\/7284","targetHints":{"allow":["GET"]}}],"collection":[{"href":"https:\/\/superstore.ee\/index.php\/wp-json\/wp\/v2\/product"}],"about":[{"href":"https:\/\/superstore.ee\/index.php\/wp-json\/wp\/v2\/types\/product"}],"wp:featuredmedia":[{"embeddable":true,"href":"https:\/\/superstore.ee\/index.php\/wp-json\/wp\/v2\/media\/13154"}],"wp:attachment":[{"href":"https:\/\/superstore.ee\/index.php\/wp-json\/wp\/v2\/media?parent=7284"}],"wp:term":[{"taxonomy":"product_brand","embeddable":true,"href":"https:\/\/superstore.ee\/index.php\/wp-json\/wp\/v2\/product_brand?post=7284"},{"taxonomy":"product_cat","embeddable":true,"href":"https:\/\/superstore.ee\/index.php\/wp-json\/wp\/v2\/product_cat?post=7284"},{"taxonomy":"product_tag","embeddable":true,"href":"https:\/\/superstore.ee\/index.php\/wp-json\/wp\/v2\/product_tag?post=7284"}],"curies":[{"name":"wp","href":"https:\/\/api.w.org\/{rel}","templated":true}]}}