{"id":7378,"date":"2023-01-22T11:46:33","date_gmt":"2023-01-22T09:46:33","guid":{"rendered":"https:\/\/superstore.ee\/?post_type=product&#038;p=7378"},"modified":"2023-04-09T13:37:47","modified_gmt":"2023-04-09T11:37:47","slug":"victorias-secret-coconut-passion-dusigeel-300-ml","status":"publish","type":"product","link":"https:\/\/superstore.ee\/index.php\/toode\/victorias-secret-coconut-passion-dusigeel-300-ml\/","title":{"rendered":"Victoria&#8217;s Secret Coconut Passion parf\u00fcmeeritud du\u0161igeel (300 ml)"},"content":{"rendered":"","protected":false},"excerpt":{"rendered":"<p><span style=\"font-weight: 400;\">\ud83c\uddea\ud83c\uddea <\/span><span style=\"font-weight: 400;\">Victoria\u2019s Secret Coconut Passion parf\u00fcmeeritud du\u0161igeel(300 ml)<\/span><br \/>\n<span style=\"font-weight: 400;\">V\u00e4rskendav du\u0161igeel aaloega. K\u00f5ige kauem kestva l\u00f5hna saavutamiseks kasutage sobivat losjooni ja kehaspreit.<\/span><br \/>\n<span style=\"font-weight: 400;\"><strong>L\u00f5hnastiil<\/strong>: gurmaan, magus kookos<\/span><br \/>\n<span style=\"font-weight: 400;\">Kookosesaar. Soojad liivarannad. Rannap\u00e4evad.<\/span><\/p>\n<p><strong>NB! Kosmeetika ostmisel palun valige tarneviisiks Smartpost!<\/strong><\/p>\n<p><span style=\"font-weight: 400;\">\ud83c\uddf7\ud83c\uddfa <\/span>\u041f\u0430\u0440\u0444\u044e\u043c\u0438\u0440\u043e\u0432\u0430\u043d\u043d\u044b\u0439 <span style=\"font-weight: 400;\">\u0433\u0435\u043b\u044c \u0434\u043b\u044f \u0434\u0443\u0448\u0430 \u043e\u0442 Victoria\u2019s Secret Coconut Passion (300\u043c\u043b)<\/span><br \/>\n<span style=\"font-weight: 400;\">\u041e\u0441\u0432\u0435\u0436\u0430\u044e\u0449\u0430\u044f \u0444\u043e\u0440\u043c\u0443\u043b\u0430 \u0441 \u0430\u043b\u043e\u044d. \u0414\u043b\u044f \u043d\u0430\u0438\u0431\u043e\u043b\u0435\u0435 \u0441\u0442\u043e\u0439\u043a\u043e\u0433\u043e \u0430\u0440\u043e\u043c\u0430\u0442\u0430 \u0438\u0441\u043f\u043e\u043b\u044c\u0437\u0443\u0439\u0442\u0435 \u0441\u043e\u043e\u0442\u0432\u0435\u0442\u0441\u0442\u0432\u0443\u044e\u0449\u0438\u0439 \u043b\u043e\u0441\u044c\u043e\u043d \u0438 \u0441\u043f\u0440\u0435\u0439.<\/span><br \/>\n<span style=\"font-weight: 400;\"><strong>\u0421\u0442\u0438\u043b\u044c \u0430\u0440\u043e\u043c\u0430\u0442\u0430<\/strong>: \u0433\u0443\u0440\u043c\u0430\u043d\u0441\u043a\u0438\u0439, \u0441\u043b\u0430\u0434\u043a\u0438\u0439 \u043a\u043e\u043a\u043e\u0441<\/span><br \/>\n<span style=\"font-weight: 400;\">\u041a\u043e\u043a\u043e\u0441\u043e\u0432\u044b\u0439 \u043e\u0441\u0442\u0440\u043e\u0432. \u0422\u0435\u043f\u043b\u044b\u0435 \u043f\u0435\u0441\u043a\u0438. \u041f\u043b\u044f\u0436\u043d\u044b\u0435 \u0434\u043d\u0438.<\/span><\/p>\n<p><strong>NB! \u041f\u0440\u0438 \u043f\u043e\u043a\u0443\u043f\u043a\u0435 \u043a\u043e\u0441\u043c\u0435\u0442\u0438\u043a\u0438 \u0432\u044b\u0431\u0435\u0440\u0438\u0442\u0435 \u043f\u043e\u0436\u0430\u043b\u0443\u0439\u0441\u0442\u0430 Smartpost \u0434\u043e\u0441\u0442\u0430\u0432\u043a\u0443!<\/strong><\/p>\n<p><span style=\"font-weight: 400;\">\ud83c\uddfa\ud83c\uddf8 Victoria\u2019s Secret <\/span><span style=\"font-weight: 400;\">Refreshing Gel Body Wash Coconut Passion (300ml)<\/span><br \/>\n<span style=\"font-weight: 400;\">Refreshing gel formula with skin-loving Aloe. For the most lasting fragrance experience, follow with matching lotion and mist.<\/span><br \/>\n<span style=\"font-weight: 400;\"><strong>Fragrance Style<\/strong>: Gourmand, sweet coconut<\/span><br \/>\n<span style=\"font-weight: 400;\">Island Coconut. Warm Sands. Beach days forever.<\/span><\/p>\n<p><strong>NB! When buying cosmetics, please choose a Smartpos delivery!<\/strong><\/p>\n","protected":false},"featured_media":7395,"template":"","meta":{"jetpack_publicize_message":"","jetpack_publicize_feature_enabled":true,"jetpack_social_post_already_shared":false,"jetpack_social_options":{"image_generator_settings":{"template":"highway","default_image_id":0,"font":"","enabled":false},"version":2}},"product_brand":[],"product_cat":[341],"product_tag":[],"class_list":{"0":"post-7378","1":"product","2":"type-product","3":"status-publish","4":"has-post-thumbnail","6":"product_cat-victorias-secret","8":"first","9":"outofstock","10":"sale","11":"shipping-taxable","12":"purchasable","13":"product-type-simple"},"jetpack_publicize_connections":[],"jetpack_sharing_enabled":true,"jetpack_likes_enabled":true,"_links":{"self":[{"href":"https:\/\/superstore.ee\/index.php\/wp-json\/wp\/v2\/product\/7378","targetHints":{"allow":["GET"]}}],"collection":[{"href":"https:\/\/superstore.ee\/index.php\/wp-json\/wp\/v2\/product"}],"about":[{"href":"https:\/\/superstore.ee\/index.php\/wp-json\/wp\/v2\/types\/product"}],"wp:featuredmedia":[{"embeddable":true,"href":"https:\/\/superstore.ee\/index.php\/wp-json\/wp\/v2\/media\/7395"}],"wp:attachment":[{"href":"https:\/\/superstore.ee\/index.php\/wp-json\/wp\/v2\/media?parent=7378"}],"wp:term":[{"taxonomy":"product_brand","embeddable":true,"href":"https:\/\/superstore.ee\/index.php\/wp-json\/wp\/v2\/product_brand?post=7378"},{"taxonomy":"product_cat","embeddable":true,"href":"https:\/\/superstore.ee\/index.php\/wp-json\/wp\/v2\/product_cat?post=7378"},{"taxonomy":"product_tag","embeddable":true,"href":"https:\/\/superstore.ee\/index.php\/wp-json\/wp\/v2\/product_tag?post=7378"}],"curies":[{"name":"wp","href":"https:\/\/api.w.org\/{rel}","templated":true}]}}