{"id":7380,"date":"2023-01-22T12:15:03","date_gmt":"2023-01-22T10:15:03","guid":{"rendered":"https:\/\/superstore.ee\/?post_type=product&#038;p=7380"},"modified":"2023-12-17T15:49:21","modified_gmt":"2023-12-17T13:49:21","slug":"victorias-secret-parfumeeritud-kehalosjoon-236ml-limited-edition-highly-spirited","status":"publish","type":"product","link":"https:\/\/superstore.ee\/index.php\/toode\/victorias-secret-parfumeeritud-kehalosjoon-236ml-limited-edition-highly-spirited\/","title":{"rendered":"Victoria\u2019s Secret parf\u00fcmeeritud kehalosjoon (236ml) Limited Edition Highly Spirited"},"content":{"rendered":"","protected":false},"excerpt":{"rendered":"<p><span style=\"font-weight: 400;\">\ud83c\uddea\ud83c\uddeaVictoria\u2019s Secret parf\u00fcmeeritud kehalosjoon (236ml) <\/span><span style=\"font-weight: 400;\">Limited Edition Highly Spirited Fragrance Lotion<\/span><\/p>\n<p><b>Flower Sorbet<\/b> <span style=\"font-weight: 400;\">T\u00fc\u00fcp: puuviljane lilleline, Noodid: musts\u00f5straj\u00e4\u00e4, suhkrustatud pojeng, s\u00e4rav liilia\u00a0<\/span><\/p>\n<p><b>Sparkling Cr\u00e8me<\/b> <span style=\"font-weight: 400;\">T\u00fc\u00fcp: lilleline gurmaan, Noodid: kookosp\u00e4hkel, pehme vahukomm, gardeenia<\/span><\/p>\n<p><b>Amaretto Fizz<\/b> <span style=\"font-weight: 400;\">T\u00fc\u00fcp: V\u00e4rske soe, Noodid: mandlikohv, apelsini\u00f5is, karamelli tilk<\/span><\/p>\n<p><strong>NB! Kosmeetika ostmisel palun valige tarneviisiks Smartpost!<\/strong><\/p>\n<p><span style=\"font-weight: 400;\">\u00a0<\/span><\/p>\n<p><span style=\"font-weight: 400;\">\ud83c\uddf7\ud83c\uddfa Victoria\u2019s Secret \u043f\u0430\u0440\u0444\u044e\u043c\u0438\u0440\u043e\u0432\u0430\u043d\u043d\u044b\u0439 \u043b\u043e\u0441\u044c\u043e\u043d (236\u043c\u043bl) <\/span><span style=\"font-weight: 400;\">Limited Edition Highly Spirited Fragrance Lotion<\/span><\/p>\n<p><b>Flower Sorbet<\/b> <span style=\"font-weight: 400;\">\u0422\u0438\u043f: \u0444\u0440\u0443\u043a\u0442\u043e\u0432\u043e-\u0446\u0432\u0435\u0442\u043e\u0447\u043d\u044b\u0439, \u041d\u043e\u0442\u044b: \u043b\u0435\u0434 \u0438\u0437 \u0447\u0435\u0440\u043d\u043e\u0439 \u0441\u043c\u043e\u0440\u043e\u0434\u0438\u043d\u044b, \u0437\u0430\u0441\u0430\u0445\u0430\u0440\u0435\u043d\u043d\u044b\u0439 \u043f\u0438\u043e\u043d, \u044f\u0440\u043a\u0430\u044f \u043b\u0438\u043b\u0438\u044f<\/span><\/p>\n<p><b>Sparkling Cr\u00e8me<\/b> <span style=\"font-weight: 400;\">\u0422\u0438\u043f: \u0446\u0432\u0435\u0442\u043e\u0447\u043d\u044b\u0439 \u0433\u0443\u0440\u043c\u0430\u043d, \u041d\u043e\u0442\u044b: \u043a\u043e\u043a\u043e\u0441, \u043c\u044f\u0433\u043a\u0438\u0439 \u0437\u0435\u0444\u0438\u0440, \u0437\u0430\u043c\u043e\u0440\u043e\u0436\u0435\u043d\u043d\u0430\u044f \u0433\u0430\u0440\u0434\u0435\u043d\u0438\u044f\u00a0<\/span><\/p>\n<p><b>Amaretto Fizz<\/b> <span style=\"font-weight: 400;\">\u0422\u0438\u043f: \u0441\u0432\u0435\u0436\u0438\u0439 \u0442\u0435\u043f\u043b\u044b\u0439, \u041d\u043e\u0442\u044b: \u043c\u0438\u043d\u0434\u0430\u043b\u044c\u043d\u044b\u0439 \u043a\u043e\u0444\u0435, \u0430\u043f\u0435\u043b\u044c\u0441\u0438\u043d\u043e\u0432\u044b\u0439 \u0446\u0432\u0435\u0442, \u043a\u0430\u0440\u0430\u043c\u0435\u043b\u044c\u043d\u0430\u044f \u043a\u0430\u043f\u0435\u043b\u044c\u043a\u0430.\u00a0<\/span><\/p>\n<p><strong>NB! \u041f\u0440\u0438 \u043f\u043e\u043a\u0443\u043f\u043a\u0435 \u043a\u043e\u0441\u043c\u0435\u0442\u0438\u043a\u0438 \u0432\u044b\u0431\u0435\u0440\u0438\u0442\u0435 \u043f\u043e\u0436\u0430\u043b\u0443\u0439\u0441\u0442\u0430 Smartpost \u0434\u043e\u0441\u0442\u0430\u0432\u043a\u0443!<\/strong><\/p>\n<p>&nbsp;<\/p>\n<p><span style=\"font-weight: 400;\">\ud83c\uddfa\ud83c\uddf8 Victoria\u2019s Secret <\/span><span style=\"font-weight: 400;\">Limited Edition Highly Spirited Fragrance Lotion<\/span><span style=\"font-weight: 400;\"> (236ml)\u00a0<\/span><\/p>\n<p><b>Flower Sorbet<\/b> <span style=\"font-weight: 400;\">Type: Fruity Floral,Notes: blackcurrant ice, sugared peony, bright lily<\/span><\/p>\n<p><b>Sparkling Cr\u00e8me<\/b> <span style=\"font-weight: 400;\">Type: Floral Gourmand, Notes: glistening coconut, soft marshmallow, frosted gardenia\u00a0<\/span><\/p>\n<p><b>Amaretto Fizz<\/b> <span style=\"font-weight: 400;\">Type: Fresh Warm, Notes: almond coffee, orange blossom, caramel drizzle<\/span><\/p>\n<p><strong>NB! When buying cosmetics, please choose a Smartpos delivery!<\/strong><\/p>\n","protected":false},"featured_media":13155,"template":"","meta":{"jetpack_publicize_message":"","jetpack_publicize_feature_enabled":true,"jetpack_social_post_already_shared":false,"jetpack_social_options":{"image_generator_settings":{"template":"highway","default_image_id":0,"font":"","enabled":false},"version":2}},"product_brand":[],"product_cat":[341],"product_tag":[],"class_list":{"0":"post-7380","1":"product","2":"type-product","3":"status-publish","4":"has-post-thumbnail","6":"product_cat-victorias-secret","7":"pa_lohn-amaretto-fizz","8":"pa_lohn-flower-sorbet","9":"pa_lohn-sparkling-creme","11":"first","12":"outofstock","13":"sale","14":"shipping-taxable","15":"product-type-variable"},"jetpack_publicize_connections":[],"jetpack_sharing_enabled":true,"jetpack_likes_enabled":true,"_links":{"self":[{"href":"https:\/\/superstore.ee\/index.php\/wp-json\/wp\/v2\/product\/7380","targetHints":{"allow":["GET"]}}],"collection":[{"href":"https:\/\/superstore.ee\/index.php\/wp-json\/wp\/v2\/product"}],"about":[{"href":"https:\/\/superstore.ee\/index.php\/wp-json\/wp\/v2\/types\/product"}],"wp:featuredmedia":[{"embeddable":true,"href":"https:\/\/superstore.ee\/index.php\/wp-json\/wp\/v2\/media\/13155"}],"wp:attachment":[{"href":"https:\/\/superstore.ee\/index.php\/wp-json\/wp\/v2\/media?parent=7380"}],"wp:term":[{"taxonomy":"product_brand","embeddable":true,"href":"https:\/\/superstore.ee\/index.php\/wp-json\/wp\/v2\/product_brand?post=7380"},{"taxonomy":"product_cat","embeddable":true,"href":"https:\/\/superstore.ee\/index.php\/wp-json\/wp\/v2\/product_cat?post=7380"},{"taxonomy":"product_tag","embeddable":true,"href":"https:\/\/superstore.ee\/index.php\/wp-json\/wp\/v2\/product_tag?post=7380"}],"curies":[{"name":"wp","href":"https:\/\/api.w.org\/{rel}","templated":true}]}}