{"id":7500,"date":"2023-01-26T19:47:13","date_gmt":"2023-01-26T17:47:13","guid":{"rendered":"https:\/\/superstore.ee\/?post_type=product&#038;p=7500"},"modified":"2023-04-09T13:37:18","modified_gmt":"2023-04-09T11:37:18","slug":"victorias-secret-kosmeetikakott-2in1","status":"publish","type":"product","link":"https:\/\/superstore.ee\/index.php\/toode\/victorias-secret-kosmeetikakott-2in1\/","title":{"rendered":"Victoria\u2019s Secret kosmeetikakott 2in1"},"content":{"rendered":"","protected":false},"excerpt":{"rendered":"<p><span style=\"font-weight: 400;\">\ud83c\uddea\ud83c\uddea <\/span>Victoria\u2019s Secret kosmeetikakott 2in1<\/p>\n<p>Komplektis on suur kosmeetikakott (isikliku h\u00fcgieeni esemete ja du\u0161i jaoks) ja v\u00e4ike (kosmeetika jaoks).<\/p>\n<p><span style=\"font-weight: 400;\">\ud83c\uddf7\ud83c\uddfa <\/span>\u041a\u043e\u0441\u043c\u0435\u0442\u0438\u0447\u043a\u0430 Victoria\u2019s Secret 2\u04321<\/p>\n<p>\u0412 \u043a\u043e\u043c\u043f\u043b\u0435\u043a\u0442\u0435 \u0431\u043e\u043b\u044c\u0448\u0430\u044f \u043a\u043e\u0441\u043c\u0435\u0442\u0438\u0447\u043a\u0430 (\u0434\u043b\u044f \u043f\u0440\u0435\u0434\u043c\u0435\u0442\u043e\u0432 \u043f\u0435\u0440\u0432\u043e\u0439 \u043d\u0435\u043e\u0431\u0445\u043e\u0434\u0438\u043c\u043e\u0441\u0442\u0438, \u0434\u043b\u044f \u0434\u0443\u0448\u0430) \u0438 \u043c\u0430\u043b\u0435\u043d\u044c\u043a\u0430\u044f (\u0434\u043b\u044f \u043a\u043e\u0441\u043c\u0435\u0442\u0438\u043a\u0438).<\/p>\n<p>&nbsp;<\/p>\n<p><span style=\"font-weight: 400;\">\ud83c\uddfa\ud83c\uddf8 <\/span>Victoria\u2019s Secret Beauty Bag Duo 2in1<\/p>\n<p>The kit includes an exterior bag that fits shower and hair essentials and an Interior pouch that is meant for cosmetics.<\/p>\n","protected":false},"featured_media":8004,"template":"","meta":{"jetpack_publicize_message":"","jetpack_publicize_feature_enabled":true,"jetpack_social_post_already_shared":false,"jetpack_social_options":{"image_generator_settings":{"template":"highway","default_image_id":0,"font":"","enabled":false},"version":2}},"product_brand":[],"product_cat":[342,341],"product_tag":[],"class_list":{"0":"post-7500","1":"product","2":"type-product","3":"status-publish","4":"has-post-thumbnail","6":"product_cat-komplektid-victorias-secret","7":"product_cat-victorias-secret","9":"first","10":"outofstock","11":"sale","12":"shipping-taxable","13":"purchasable","14":"product-type-simple"},"jetpack_publicize_connections":[],"jetpack_sharing_enabled":true,"jetpack_likes_enabled":true,"_links":{"self":[{"href":"https:\/\/superstore.ee\/index.php\/wp-json\/wp\/v2\/product\/7500","targetHints":{"allow":["GET"]}}],"collection":[{"href":"https:\/\/superstore.ee\/index.php\/wp-json\/wp\/v2\/product"}],"about":[{"href":"https:\/\/superstore.ee\/index.php\/wp-json\/wp\/v2\/types\/product"}],"wp:featuredmedia":[{"embeddable":true,"href":"https:\/\/superstore.ee\/index.php\/wp-json\/wp\/v2\/media\/8004"}],"wp:attachment":[{"href":"https:\/\/superstore.ee\/index.php\/wp-json\/wp\/v2\/media?parent=7500"}],"wp:term":[{"taxonomy":"product_brand","embeddable":true,"href":"https:\/\/superstore.ee\/index.php\/wp-json\/wp\/v2\/product_brand?post=7500"},{"taxonomy":"product_cat","embeddable":true,"href":"https:\/\/superstore.ee\/index.php\/wp-json\/wp\/v2\/product_cat?post=7500"},{"taxonomy":"product_tag","embeddable":true,"href":"https:\/\/superstore.ee\/index.php\/wp-json\/wp\/v2\/product_tag?post=7500"}],"curies":[{"name":"wp","href":"https:\/\/api.w.org\/{rel}","templated":true}]}}