{"id":7655,"date":"2023-01-30T21:30:22","date_gmt":"2023-01-30T19:30:22","guid":{"rendered":"https:\/\/superstore.ee\/?post_type=product&#038;p=7655"},"modified":"2023-04-09T13:36:57","modified_gmt":"2023-04-09T11:36:57","slug":"victorias-secret-komplekt-kehasprei-250ml-kehalosjoon-236ml-3","status":"publish","type":"product","link":"https:\/\/superstore.ee\/index.php\/toode\/victorias-secret-komplekt-kehasprei-250ml-kehalosjoon-236ml-3\/","title":{"rendered":"Victoria\u2019s Secret komplekt Kehasprei (250ml) + Kehalosjoon (236ml)"},"content":{"rendered":"","protected":false},"excerpt":{"rendered":"<p><span style=\"font-weight: 400;\">\ud83c\uddea\ud83c\uddeaVictoria\u2019s Secret komplekt (Kehasprei 250ml +\u00a0 Parf\u00fcmeeritud Kehalosjoon 236ml) Velvet Petals Luxe<\/span><\/p>\n<p><span style=\"font-weight: 400;\">T\u00fc\u00fcp: Lillelised, h\u00f5rk Noodid: t\u00e4helill, pat\u0161uli, jasmiin\u00a0\u00a0<\/span><\/p>\n<p><strong>NB! Kosmeetika ostmisel palun valige tarneviisiks Smartpost!<\/strong><\/p>\n<p>&nbsp;<\/p>\n<p><span style=\"font-weight: 400;\">\ud83c\uddf7\ud83c\uddfa Victoria\u2019s Secret \u043a\u043e\u043c\u043f\u043b\u0435\u043a\u0442 (\u0421\u043f\u0440\u0435\u0439 \u0434\u043b\u044f \u0442\u0435\u043b\u0430 250ml + \u041f\u0430\u0440\u0444\u044e\u043c\u0438\u0440\u043e\u0432\u0430\u043d\u043d\u044b\u0439 \u043b\u043e\u0441\u044c\u043e\u043d 236ml) Velvet Petals Luxe<\/span><\/p>\n<p><span style=\"font-weight: 400;\">\u0422\u0438\u043f: \u0446\u0432\u0435\u0442\u043e\u0447\u043d\u044b\u0439, \u0432\u043a\u0443\u0441\u043d\u044b\u0439 \u041d\u043e\u0442\u044b: \u0446\u0432\u0435\u0442\u044b \u0437\u0432\u0435\u0437\u0434\u043e\u0447\u043a\u0438, \u043f\u0430\u0447\u0443\u043b\u0438, \u0436\u0430\u0441\u043c\u0438\u043d.<\/span><\/p>\n<p><strong>NB! \u041f\u0440\u0438 \u043f\u043e\u043a\u0443\u043f\u043a\u0435 \u043a\u043e\u0441\u043c\u0435\u0442\u0438\u043a\u0438 \u0432\u044b\u0431\u0435\u0440\u0438\u0442\u0435 \u043f\u043e\u0436\u0430\u043b\u0443\u0439\u0441\u0442\u0430 Smartpost \u0434\u043e\u0441\u0442\u0430\u0432\u043a\u0443!<\/strong><\/p>\n<p>&nbsp;<\/p>\n<p><span style=\"font-weight: 400;\">\ud83c\uddfa\ud83c\uddf8 Victoria\u2019s Secret Velvet Petals Luxe Fragrance Set (Mist 250ml + Lotion 236ml)<\/span><\/p>\n<p><span style=\"font-weight: 400;\">Type: Floral Woody\u00a0 Notes: lavish starflower, patchouli woods, dazzling jasmine<\/span><\/p>\n<p><strong>NB! When buying cosmetics, please choose a Smartpost delivery!<\/strong><\/p>\n","protected":false},"featured_media":7674,"template":"","meta":{"jetpack_publicize_message":"","jetpack_publicize_feature_enabled":true,"jetpack_social_post_already_shared":false,"jetpack_social_options":{"image_generator_settings":{"template":"highway","default_image_id":0,"font":"","enabled":false},"version":2}},"product_brand":[],"product_cat":[341],"product_tag":[],"class_list":{"0":"post-7655","1":"product","2":"type-product","3":"status-publish","4":"has-post-thumbnail","6":"product_cat-victorias-secret","7":"pa_lohn-velvet-petals","9":"first","10":"outofstock","11":"sale","12":"shipping-taxable","13":"product-type-variable"},"jetpack_publicize_connections":[],"jetpack_sharing_enabled":true,"jetpack_likes_enabled":true,"_links":{"self":[{"href":"https:\/\/superstore.ee\/index.php\/wp-json\/wp\/v2\/product\/7655","targetHints":{"allow":["GET"]}}],"collection":[{"href":"https:\/\/superstore.ee\/index.php\/wp-json\/wp\/v2\/product"}],"about":[{"href":"https:\/\/superstore.ee\/index.php\/wp-json\/wp\/v2\/types\/product"}],"wp:featuredmedia":[{"embeddable":true,"href":"https:\/\/superstore.ee\/index.php\/wp-json\/wp\/v2\/media\/7674"}],"wp:attachment":[{"href":"https:\/\/superstore.ee\/index.php\/wp-json\/wp\/v2\/media?parent=7655"}],"wp:term":[{"taxonomy":"product_brand","embeddable":true,"href":"https:\/\/superstore.ee\/index.php\/wp-json\/wp\/v2\/product_brand?post=7655"},{"taxonomy":"product_cat","embeddable":true,"href":"https:\/\/superstore.ee\/index.php\/wp-json\/wp\/v2\/product_cat?post=7655"},{"taxonomy":"product_tag","embeddable":true,"href":"https:\/\/superstore.ee\/index.php\/wp-json\/wp\/v2\/product_tag?post=7655"}],"curies":[{"name":"wp","href":"https:\/\/api.w.org\/{rel}","templated":true}]}}