{"id":767,"date":"2021-12-23T14:41:17","date_gmt":"2021-12-23T12:41:17","guid":{"rendered":"https:\/\/superstore.ee\/?post_type=product&#038;p=767"},"modified":"2022-03-18T23:15:07","modified_gmt":"2022-03-18T21:15:07","slug":"naiste-calvin-klein-kostuum-puksid-pusa","status":"publish","type":"product","link":"https:\/\/superstore.ee\/index.php\/toode\/naiste-calvin-klein-kostuum-puksid-pusa\/","title":{"rendered":"Naiste Calvin Klein kost\u00fc\u00fcm p\u00fcksid + pusa"},"content":{"rendered":"","protected":false},"excerpt":{"rendered":"<p><span style=\"font-weight: 400;\">\ud83c\uddea\ud83c\uddea Uus originaalne naiste Calvin Klein kost\u00fc\u00fcm p\u00fcksid + pusa<\/span><\/p>\n<p><span style=\"font-weight: 400;\">Suurus: S<\/span><\/p>\n<p><strong>NB! Pusa on oversize ja sobib S-L suurusele, p\u00fcksid sobivad S-M suurusele<\/strong><\/p>\n<p><span style=\"font-weight: 400;\">Materjal: 58% puuvill 39% taaskasutatud pol\u00fcester 3% elastaan<\/span><\/p>\n<p>&nbsp;<\/p>\n<p><span style=\"font-weight: 400;\">\ud83c\uddf7\ud83c\uddfa\u00a0\u041d\u043e\u0432\u044b\u0439 \u043e\u0440\u0438\u0433\u0438\u043d\u0430\u043b\u044c\u043d\u044b\u0439 \u0436\u0435\u043d\u0441\u043a\u0438\u0439 \u043a\u043e\u0441\u0442\u044e\u043c Calvin Klein \u0448\u0442\u0430\u043d\u044b +\u00a0 \u0445\u0443\u0434\u0438\u00a0<\/span><\/p>\n<p><span style=\"font-weight: 400;\">\u0420\u0430\u0437\u043c\u0435\u0440: S<\/span><\/p>\n<p><strong>NB! \u041a\u043e\u0444\u0442\u0430 oversize \u0438 \u043f\u043e\u0434\u043e\u0439\u0434\u0435\u0442 \u043d\u0430 \u0440\u0430\u0437\u043c\u0435\u0440 S-L, \u0448\u0442\u0430\u043d\u044b \u043d\u0430 S-M<\/strong><\/p>\n<p><span style=\"font-weight: 400;\">\u041c\u0430\u0442\u0435\u0440\u0438\u0430\u043b: 58% \u0445\u043b\u043e\u043f\u043e\u043a 39% \u043f\u0435\u0440\u0435\u0440\u0430\u0431\u043e\u0442\u0430\u043d\u043d\u044b\u0439 \u043f\u043e\u043b\u0438\u044d\u0441\u0442\u0435\u0440 3% \u044d\u043b\u0430\u0441\u0442\u0430\u043d<\/span><\/p>\n<p>&nbsp;<\/p>\n<p><span style=\"font-weight: 400;\">\ud83c\uddfa\ud83c\uddf8 New Women&#8217;s Calvin Klein loungewear set pants &amp; hoodie<\/span><\/p>\n<p><span style=\"font-weight: 400;\">Size: S (oversize)<\/span><\/p>\n<p><span style=\"font-weight: 400;\">Material: 58% cotton 39% recycled polyester 3% elastane<\/span><\/p>\n","protected":false},"featured_media":991,"template":"","meta":{"jetpack_publicize_message":"","jetpack_publicize_feature_enabled":true,"jetpack_social_post_already_shared":false,"jetpack_social_options":{"image_generator_settings":{"template":"highway","default_image_id":0,"font":"","enabled":false},"version":2}},"product_brand":[],"product_cat":[15],"product_tag":[53,33,43],"class_list":{"0":"post-767","1":"product","2":"type-product","3":"status-publish","4":"has-post-thumbnail","6":"product_cat-maaramata","7":"product_tag-komplektid","8":"product_tag-naised","9":"product_tag-riided","10":"pa_varv-lilla","11":"pa_varv-must","13":"first","14":"outofstock","15":"sale","16":"shipping-taxable","17":"purchasable","18":"product-type-variable"},"jetpack_publicize_connections":[],"jetpack_sharing_enabled":true,"jetpack_likes_enabled":true,"_links":{"self":[{"href":"https:\/\/superstore.ee\/index.php\/wp-json\/wp\/v2\/product\/767","targetHints":{"allow":["GET"]}}],"collection":[{"href":"https:\/\/superstore.ee\/index.php\/wp-json\/wp\/v2\/product"}],"about":[{"href":"https:\/\/superstore.ee\/index.php\/wp-json\/wp\/v2\/types\/product"}],"wp:featuredmedia":[{"embeddable":true,"href":"https:\/\/superstore.ee\/index.php\/wp-json\/wp\/v2\/media\/991"}],"wp:attachment":[{"href":"https:\/\/superstore.ee\/index.php\/wp-json\/wp\/v2\/media?parent=767"}],"wp:term":[{"taxonomy":"product_brand","embeddable":true,"href":"https:\/\/superstore.ee\/index.php\/wp-json\/wp\/v2\/product_brand?post=767"},{"taxonomy":"product_cat","embeddable":true,"href":"https:\/\/superstore.ee\/index.php\/wp-json\/wp\/v2\/product_cat?post=767"},{"taxonomy":"product_tag","embeddable":true,"href":"https:\/\/superstore.ee\/index.php\/wp-json\/wp\/v2\/product_tag?post=767"}],"curies":[{"name":"wp","href":"https:\/\/api.w.org\/{rel}","templated":true}]}}