{"id":7675,"date":"2023-02-01T19:58:37","date_gmt":"2023-02-01T17:58:37","guid":{"rendered":"https:\/\/superstore.ee\/?post_type=product&#038;p=7675"},"modified":"2023-09-28T13:05:48","modified_gmt":"2023-09-28T11:05:48","slug":"victorias-secret-parfumeeritud-kehalosjoon-236ml-moon-spiced-apple","status":"publish","type":"product","link":"https:\/\/superstore.ee\/index.php\/toode\/victorias-secret-parfumeeritud-kehalosjoon-236ml-moon-spiced-apple\/","title":{"rendered":"Victoria\u2019s Secret parf\u00fcmeeritud kehalosjoon (236ml) Moon Spiced Apple \u00a0"},"content":{"rendered":"","protected":false},"excerpt":{"rendered":"<p><span style=\"font-weight: 400;\">\ud83c\uddea\ud83c\uddeaVictoria\u2019s Secret Parf\u00fcmeeritud Kehalosjoon (236ml) <em><strong>Moon Spiced Apple<\/strong><\/em> \u00a0<\/span><\/p>\n<p>T\u00fc\u00fcp: puuviljane, magus. Noodid: \u00f5un, soe vahtrasuhkur, ingver<\/p>\n<p><strong>NB! Kosmeetika ostmisel palun valige tarneviisiks Smartpost!<\/strong><\/p>\n<p><span style=\"font-weight: 400;\">\ud83c\uddf7\ud83c\uddfa Victoria\u2019s Secret \u043f\u0430\u0440\u0444\u044e\u043c\u0438\u0440\u043e\u0432\u0430\u043d\u043d\u044b\u0439 \u043b\u043e\u0441\u044c\u043e\u043d \u0434\u043b\u044f \u0442\u0435\u043b\u0430 (236ml) <em><strong>Moon Spiced Apple<\/strong><\/em><\/span><\/p>\n<p>\u0422\u0438\u043f: \u0446\u0432\u0435\u0442\u043e\u0447\u043d\u044b\u0439, \u0432\u043a\u0443\u0441\u043d\u044b\u0439. \u041d\u043e\u0442\u044b: \u0440\u0443\u0431\u0438\u043d\u043e\u0432\u043e\u0435 \u044f\u0431\u043b\u043e\u043a\u043e, \u0442\u0435\u043f\u043b\u044b\u0439 \u043a\u043b\u0435\u043d\u043e\u0432\u044b\u0439 \u0441\u0430\u0445\u0430\u0440, \u0438\u043c\u0431\u0438\u0440\u044c<\/p>\n<p><strong>NB! \u041f\u0440\u0438 \u043f\u043e\u043a\u0443\u043f\u043a\u0435 \u043a\u043e\u0441\u043c\u0435\u0442\u0438\u043a\u0438 \u0432\u044b\u0431\u0435\u0440\u0438\u0442\u0435 \u043f\u043e\u0436\u0430\u043b\u0443\u0439\u0441\u0442\u0430 Smartpost \u0434\u043e\u0441\u0442\u0430\u0432\u043a\u0443!<\/strong><\/p>\n<p><span style=\"font-weight: 400;\">\ud83c\uddfa\ud83c\uddf8 Victoria\u2019s Secret sky blooming fruit Fragrance Lotion (236ml) <em><strong>Moon Spiced Apple<\/strong><\/em> \u00a0<\/span><\/p>\n<p>Type: Fruity Gourmand Notes: ruby apple, warm maple sugar, ginger<\/p>\n<p><strong>NB! When buying cosmetics, please choose a Smartpost delivery!<\/strong><\/p>\n","protected":false},"featured_media":8205,"template":"","meta":{"jetpack_publicize_message":"","jetpack_publicize_feature_enabled":true,"jetpack_social_post_already_shared":false,"jetpack_social_options":{"image_generator_settings":{"template":"highway","default_image_id":0,"font":"","enabled":false},"version":2}},"product_brand":[],"product_cat":[341],"product_tag":[],"class_list":{"0":"post-7675","1":"product","2":"type-product","3":"status-publish","4":"has-post-thumbnail","6":"product_cat-victorias-secret","8":"first","9":"outofstock","10":"sale","11":"shipping-taxable","12":"purchasable","13":"product-type-simple"},"jetpack_publicize_connections":[],"jetpack_sharing_enabled":true,"jetpack_likes_enabled":true,"_links":{"self":[{"href":"https:\/\/superstore.ee\/index.php\/wp-json\/wp\/v2\/product\/7675","targetHints":{"allow":["GET"]}}],"collection":[{"href":"https:\/\/superstore.ee\/index.php\/wp-json\/wp\/v2\/product"}],"about":[{"href":"https:\/\/superstore.ee\/index.php\/wp-json\/wp\/v2\/types\/product"}],"wp:featuredmedia":[{"embeddable":true,"href":"https:\/\/superstore.ee\/index.php\/wp-json\/wp\/v2\/media\/8205"}],"wp:attachment":[{"href":"https:\/\/superstore.ee\/index.php\/wp-json\/wp\/v2\/media?parent=7675"}],"wp:term":[{"taxonomy":"product_brand","embeddable":true,"href":"https:\/\/superstore.ee\/index.php\/wp-json\/wp\/v2\/product_brand?post=7675"},{"taxonomy":"product_cat","embeddable":true,"href":"https:\/\/superstore.ee\/index.php\/wp-json\/wp\/v2\/product_cat?post=7675"},{"taxonomy":"product_tag","embeddable":true,"href":"https:\/\/superstore.ee\/index.php\/wp-json\/wp\/v2\/product_tag?post=7675"}],"curies":[{"name":"wp","href":"https:\/\/api.w.org\/{rel}","templated":true}]}}