{"id":7795,"date":"2023-02-04T22:46:59","date_gmt":"2023-02-04T20:46:59","guid":{"rendered":"https:\/\/superstore.ee\/?post_type=product&#038;p=7795"},"modified":"2023-04-09T13:36:37","modified_gmt":"2023-04-09T11:36:37","slug":"victorias-secret-kehasprei-250ml-berry-haute-fragrance-mist","status":"publish","type":"product","link":"https:\/\/superstore.ee\/index.php\/toode\/victorias-secret-kehasprei-250ml-berry-haute-fragrance-mist\/","title":{"rendered":"Victoria\u2019s Secret Kehasprei (250ml) Berry Haute Fragrance Mist"},"content":{"rendered":"","protected":false},"excerpt":{"rendered":"<p><span style=\"font-weight: 400;\">\ud83c\uddea\ud83c\uddeaVictoria\u2019s Secret Kehasprei (250ml) Berry Haute Fragrance Mist<\/span><\/p>\n<ul>\n<li><em><strong>Merlot Pear<\/strong><\/em> \u2013 L\u00f5hnastiil: lille-puuviljane, noodid: murakas, pirn, satiinpuu<\/li>\n<li><b><i>Berry Santal <\/i><\/b>\u2013 L\u00f5hnastiil: puuviljane. noodid: must musts\u00f5star, sandlipuu, bergamot<\/li>\n<li><b><i>Ruby Rose <\/i><\/b>\u2013 L\u00f5hnastiil: puuviljane-lilleline, noodid: roos, punane ploom, vaarikas<\/li>\n<\/ul>\n<p>Kauakestva l\u00f5hnaelamuse saamiseks \u00fchendage sobiva l\u00f5hnakreemiga.<\/p>\n<p><strong>NB! Kosmeetika ostmisel palun valige tarneviisiks Smartpost!<\/strong><\/p>\n<p>&nbsp;<\/p>\n<p><span style=\"font-weight: 400;\">\ud83c\uddf7\ud83c\uddfa Victoria\u2019s Secret \u0421\u043f\u0440\u0435\u0439 \u0434\u043b\u044f \u0442\u0435\u043b\u0430 (250ml ) Berry Haute Fragrance Mist<\/span><\/p>\n<ul>\n<li aria-level=\"1\"><em><strong>Merlot Pear<\/strong> <\/em>\u2013 \u0421\u0442\u0438\u043b\u044c \u0430\u0440\u043e\u043c\u0430\u0442\u0430: \u0446\u0432\u0435\u0442\u043e\u0447\u043d\u043e-\u0444\u0440\u0443\u043a\u0442\u043e\u0432\u044b\u0439, \u043d\u043e\u0442\u044b: \u0435\u0436\u0435\u0432\u0438\u043a\u0430, \u0433\u0440\u0443\u0448\u0430, \u0430\u0442\u043b\u0430\u0441\u043d\u0430\u044f \u0434\u0440\u0435\u0432\u0435\u0441\u0438\u043d\u0430.<\/li>\n<li aria-level=\"1\"><b><i>Berry Santal\u00a0 <\/i><\/b>\u2013 \u0421\u0442\u0438\u043b\u044c \u0430\u0440\u043e\u043c\u0430\u0442\u0430: \u0444\u0440\u0443\u043a\u0442\u043e\u0432\u044b\u0439. \u041d\u043e\u0442\u044b: \u0447\u0435\u0440\u043d\u0430\u044f \u0441\u043c\u043e\u0440\u043e\u0434\u0438\u043d\u0430, \u0441\u0430\u043d\u0434\u0430\u043b\u043e\u0432\u043e\u0435 \u0434\u0435\u0440\u0435\u0432\u043e, \u0431\u0435\u0440\u0433\u0430\u043c\u043e\u0442.<\/li>\n<li><b><i>Ruby Rose <\/i><\/b>\u2013 \u0422\u0438\u043f: \u0424\u0440\u0443\u043a\u0442\u043e\u0432\u043e-\u0446\u0432\u0435\u0442\u043e\u0447\u043d\u044b\u0439, \u041d\u043e\u0442\u044b: \u0440\u043e\u0437\u0430, \u043a\u0440\u0430\u0441\u043d\u0430\u044f \u0441\u043b\u0438\u0432\u0430, \u043c\u0430\u043b\u0438\u043d\u0430<\/li>\n<\/ul>\n<p>\u0421\u043e\u0447\u0435\u0442\u0430\u0439\u0442\u0435 \u0441 \u0441\u043e\u043e\u0442\u0432\u0435\u0442\u0441\u0442\u0432\u0443\u044e\u0449\u0438\u043c \u043b\u043e\u0441\u044c\u043e\u043d\u043e\u043c Fragrance Lotion \u0434\u043b\u044f \u0434\u043b\u0438\u0442\u0435\u043b\u044c\u043d\u043e\u0433\u043e \u043e\u0449\u0443\u0449\u0435\u043d\u0438\u044f \u0430\u0440\u043e\u043c\u0430\u0442\u0430.<\/p>\n<p><strong>NB! \u041f\u0440\u0438 \u043f\u043e\u043a\u0443\u043f\u043a\u0435 \u043a\u043e\u0441\u043c\u0435\u0442\u0438\u043a\u0438 \u0432\u044b\u0431\u0435\u0440\u0438\u0442\u0435 \u043f\u043e\u0436\u0430\u043b\u0443\u0439\u0441\u0442\u0430 Smartpost \u0434\u043e\u0441\u0442\u0430\u0432\u043a\u0443!<\/strong><\/p>\n<p>&nbsp;<\/p>\n<p><span style=\"font-weight: 400;\">\ud83c\uddfa\ud83c\uddf8 Victoria\u2019s Secret Berry Haute Fragrance Mist (250ml)<\/span><\/p>\n<ul>\n<li aria-level=\"1\"><em><strong>Merlot Pear<\/strong><\/em> \u2013 Fragrance Style: Floral Fruity, Notes: lush blackberry, crisp pear, satin woods<\/li>\n<li aria-level=\"1\"><b><i>Berry Santal <\/i><\/b> \u2013 Fragrance Style: Fruity,\u00a0Notes: juicy blackcurrant, soft sandalwood, fresh bergamot<\/li>\n<li><b><i>Ruby Rose <\/i><\/b>\u2013\u00a0Type: Fruity Floral, Notes: sparkling raspberry, velvet rose, red plum<\/li>\n<\/ul>\n<p>Pair with matching Fragrance Lotion for a long-lasting fragrance experience.<\/p>\n<p><strong>NB! When buying cosmetics, please choose a Smartpost delivery.<\/strong><\/p>\n","protected":false},"featured_media":7810,"template":"","meta":{"jetpack_publicize_message":"","jetpack_publicize_feature_enabled":true,"jetpack_social_post_already_shared":false,"jetpack_social_options":{"image_generator_settings":{"template":"highway","default_image_id":0,"font":"","enabled":false},"version":2}},"product_brand":[],"product_cat":[341],"product_tag":[],"class_list":{"0":"post-7795","1":"product","2":"type-product","3":"status-publish","4":"has-post-thumbnail","6":"product_cat-victorias-secret","7":"pa_lohn-berry-santal","8":"pa_lohn-merlot-pear","9":"pa_lohn-ruby-rose","11":"first","12":"outofstock","13":"sale","14":"shipping-taxable","15":"product-type-variable"},"jetpack_publicize_connections":[],"jetpack_sharing_enabled":true,"jetpack_likes_enabled":true,"_links":{"self":[{"href":"https:\/\/superstore.ee\/index.php\/wp-json\/wp\/v2\/product\/7795","targetHints":{"allow":["GET"]}}],"collection":[{"href":"https:\/\/superstore.ee\/index.php\/wp-json\/wp\/v2\/product"}],"about":[{"href":"https:\/\/superstore.ee\/index.php\/wp-json\/wp\/v2\/types\/product"}],"wp:featuredmedia":[{"embeddable":true,"href":"https:\/\/superstore.ee\/index.php\/wp-json\/wp\/v2\/media\/7810"}],"wp:attachment":[{"href":"https:\/\/superstore.ee\/index.php\/wp-json\/wp\/v2\/media?parent=7795"}],"wp:term":[{"taxonomy":"product_brand","embeddable":true,"href":"https:\/\/superstore.ee\/index.php\/wp-json\/wp\/v2\/product_brand?post=7795"},{"taxonomy":"product_cat","embeddable":true,"href":"https:\/\/superstore.ee\/index.php\/wp-json\/wp\/v2\/product_cat?post=7795"},{"taxonomy":"product_tag","embeddable":true,"href":"https:\/\/superstore.ee\/index.php\/wp-json\/wp\/v2\/product_tag?post=7795"}],"curies":[{"name":"wp","href":"https:\/\/api.w.org\/{rel}","templated":true}]}}