{"id":787,"date":"2021-12-23T21:51:58","date_gmt":"2021-12-23T19:51:58","guid":{"rendered":"https:\/\/superstore.ee\/?post_type=product&#038;p=787"},"modified":"2022-08-15T17:00:05","modified_gmt":"2022-08-15T15:00:05","slug":"naiste-calvin-klein-komplekt-retuusid-pluus-pusa","status":"publish","type":"product","link":"https:\/\/superstore.ee\/index.php\/toode\/naiste-calvin-klein-komplekt-retuusid-pluus-pusa\/","title":{"rendered":"Naiste Calvin Klein komplekt retuusid + pl\u00fc\u00fcs pusa"},"content":{"rendered":"","protected":false},"excerpt":{"rendered":"<p><span style=\"font-weight: 400;\">\ud83c\uddea\ud83c\uddea Uus originaalne laste Calvin Klein komplekt retuusid + pl\u00fc\u00fcs pusa<\/span><\/p>\n<p><span style=\"font-weight: 400;\">Suurus: 14-16a (sobib XS suurusele ja pikkusele kuni 165 cm)<\/span><\/p>\n<p><span style=\"font-weight: 400;\">Materjal: pl\u00fc\u00fcs pusa (100% pol\u00fcester), retuusid (95% puuvill, 5% spandeks)<\/span><\/p>\n<p>&nbsp;<\/p>\n<p><span style=\"font-weight: 400;\">\ud83c\uddf7\ud83c\uddfa \u041d\u043e\u0432\u044b\u0439 \u043e\u0440\u0438\u0433\u0438\u043d\u0430\u043b\u044c\u043d\u044b\u0439 \u0434\u0435\u0442\u0441\u043a\u0438\u0439 \u043a\u043e\u043c\u043f\u043b\u0435\u043a\u0442 Calvin Klein \u043b\u0435\u0433\u0433\u0438\u043d\u0441\u044b +\u00a0 \u043f\u043b\u044e\u0448\u0435\u0432\u0430\u044f \u0445\u0443\u0434\u0438<\/span><\/p>\n<p><span style=\"font-weight: 400;\">\u0420\u0430\u0437\u043c\u0435\u0440: 14-16 \u043b\u0435\u0442 (\u043f\u043e\u0434\u043e\u0439\u0434\u0435\u0442 \u043d\u0430 \u0440\u0430\u0437\u043c\u0435\u0440 XS \u0438 \u0432\u044b\u0441\u043e\u0442\u0443 \u0434\u043e 165 \u0441\u043c)<\/span><\/p>\n<p><span style=\"font-weight: 400;\">\u041c\u0430\u0442\u0435\u0440\u0438\u0430\u043b: \u043f\u043b\u044e\u0448\u0435\u0432\u044b\u0439 \u0441\u0432\u0438\u0442\u0435\u0440 (100% \u043f\u043e\u043b\u0438\u044d\u0441\u0442\u0435\u0440), \u043b\u0435\u0433\u0433\u0438\u043d\u0441\u044b (95% \u0445\u043b\u043e\u043f\u043e\u043a, 5% \u0441\u043f\u0430\u043d\u0434\u0435\u043a\u0441)<\/span><\/p>\n<p>&nbsp;<\/p>\n<p><span style=\"font-weight: 400;\">\ud83c\uddfa\ud83c\uddf8 New Calvin Klein Kids Leggings &amp; Plush Hoodie Set<\/span><\/p>\n<p><span style=\"font-weight: 400;\">Size: 14\/16 years old (suitable for size XS and height up to 165 cm)<\/span><\/p>\n<p><span style=\"font-weight: 400;\">Material: plush sweater (100% polyester), leggings (95% cotton, 5% spandex)<\/span><\/p>\n","protected":false},"featured_media":798,"template":"","meta":{"jetpack_publicize_message":"","jetpack_publicize_feature_enabled":true,"jetpack_social_post_already_shared":false,"jetpack_social_options":{"image_generator_settings":{"template":"highway","default_image_id":0,"font":"","enabled":false},"version":2}},"product_brand":[],"product_cat":[15],"product_tag":[53,55,43],"class_list":{"0":"post-787","1":"product","2":"type-product","3":"status-publish","4":"has-post-thumbnail","6":"product_cat-maaramata","7":"product_tag-komplektid","8":"product_tag-lapsed","9":"product_tag-riided","11":"first","12":"outofstock","13":"sale","14":"shipping-taxable","15":"purchasable","16":"product-type-simple"},"jetpack_publicize_connections":[],"jetpack_sharing_enabled":true,"jetpack_likes_enabled":true,"_links":{"self":[{"href":"https:\/\/superstore.ee\/index.php\/wp-json\/wp\/v2\/product\/787","targetHints":{"allow":["GET"]}}],"collection":[{"href":"https:\/\/superstore.ee\/index.php\/wp-json\/wp\/v2\/product"}],"about":[{"href":"https:\/\/superstore.ee\/index.php\/wp-json\/wp\/v2\/types\/product"}],"wp:featuredmedia":[{"embeddable":true,"href":"https:\/\/superstore.ee\/index.php\/wp-json\/wp\/v2\/media\/798"}],"wp:attachment":[{"href":"https:\/\/superstore.ee\/index.php\/wp-json\/wp\/v2\/media?parent=787"}],"wp:term":[{"taxonomy":"product_brand","embeddable":true,"href":"https:\/\/superstore.ee\/index.php\/wp-json\/wp\/v2\/product_brand?post=787"},{"taxonomy":"product_cat","embeddable":true,"href":"https:\/\/superstore.ee\/index.php\/wp-json\/wp\/v2\/product_cat?post=787"},{"taxonomy":"product_tag","embeddable":true,"href":"https:\/\/superstore.ee\/index.php\/wp-json\/wp\/v2\/product_tag?post=787"}],"curies":[{"name":"wp","href":"https:\/\/api.w.org\/{rel}","templated":true}]}}