{"id":7931,"date":"2023-02-08T19:16:23","date_gmt":"2023-02-08T17:16:23","guid":{"rendered":"https:\/\/superstore.ee\/?post_type=product&#038;p=7931"},"modified":"2023-12-16T23:15:32","modified_gmt":"2023-12-16T21:15:32","slug":"victorias-secret-parfumeeritud-kehalosjoon-250ml-fine-fragrance-lotion","status":"publish","type":"product","link":"https:\/\/superstore.ee\/index.php\/toode\/victorias-secret-parfumeeritud-kehalosjoon-250ml-fine-fragrance-lotion\/","title":{"rendered":"Victoria\u2019s Secret parf\u00fcmeeritud kehalosjoon (250ml) Fine Fragrance Lotion"},"content":{"rendered":"","protected":false},"excerpt":{"rendered":"<p><span style=\"font-weight: 400;\">\ud83c\uddea\ud83c\uddea Victoria\u2019s Secret parf\u00fcmeeritud kehalosjoon<\/span><span style=\"font-weight: 400;\"> (250ml) Fine Fragrance Lotion<\/span><\/p>\n<ul>\n<li><em><strong>Tease Sugar Fleur<\/strong><\/em> &#8211; L\u00f5hna t\u00fc\u00fcp: lilleline, puuviljane, h\u00f5rk Noodid: v\u00e4rske \u00f5un, jasmiini pungad, roosa karamell<\/li>\n<li><em><strong>Bombshell Magic<\/strong><\/em> &#8211; T\u00fc\u00fcp: lilleline, puuviljane, Noodid: p\u00f5ldmarja eliksiir, s\u00e4rav pojeng, vanilje, pat\u0161uli<\/li>\n<\/ul>\n<p>N\u00e4pun\u00e4ide: kauakestva l\u00f5hnaelamuse saamiseks \u00fchendage sobiva parf\u00fc\u00fcmiga v\u00f5i kehaspreiga.<\/p>\n<p><strong>NB! Kosmeetika ostmisel palun valige tarneviisiks Smartpost!<\/strong><\/p>\n<p><span style=\"font-weight: 400;\">\ud83c\uddf7\ud83c\uddfa <\/span><span style=\"font-weight: 400;\">Victoria\u2019s Secret \u043f\u0430\u0440\u0444\u044e\u043c\u0438\u0440\u043e\u0432\u0430\u043d\u043d\u044b\u0439 \u043b\u043e\u0441\u044c\u043e\u043d (250ml) Fine Fragrance Lotion<\/span><\/p>\n<ul>\n<li><em><strong>Tease Sugar Fleur<\/strong><\/em> &#8211; \u0422\u0438\u043f \u0430\u0440\u043e\u043c\u0430\u0442\u0430: \u0446\u0432\u0435\u0442\u043e\u0447\u043d\u044b\u0439, \u0441\u043b\u0430\u0434\u043a\u0438\u0439 \u041d\u043e\u0442\u044b: \u0441\u0432\u0435\u0436\u0435\u0435 \u044f\u0431\u043b\u043e\u043a\u043e, \u0431\u0443\u0442\u043e\u043d\u044b \u0436\u0430\u0441\u043c\u0438\u043d\u0430, \u0440\u043e\u0437\u043e\u0432\u0430\u044f \u043a\u0430\u0440\u0430\u043c\u0435\u043b\u044c<\/li>\n<li><em><strong>Bombshell Magic<\/strong><\/em> &#8211; \u0422\u0438\u043f \u0430\u0440\u043e\u043c\u0430\u0442\u0430: \u0446\u0432\u0435\u0442\u043e\u0447\u043d\u043e-\u0444\u0440\u0443\u043a\u0442\u043e\u0432\u044b\u0439 \u041d\u043e\u0442\u044b: \u0435\u0436\u0435\u0432\u0438\u0447\u043d\u044b\u0439 \u044d\u043b\u0438\u043a\u0441\u0438\u0440, \u0441\u0432\u0435\u0440\u043a\u0430\u044e\u0449\u0438\u0439 \u043f\u0438\u043e\u043d, \u0432\u0430\u043d\u0438\u043b\u044c, \u043f\u0430\u0447\u0443\u043b\u0438.<\/li>\n<\/ul>\n<p>\u0421\u043e\u0432\u0435\u0442: \u0447\u0442\u043e\u0431\u044b \u0430\u0440\u043e\u043c\u0430\u0442 \u043e\u0441\u0442\u0430\u0432\u0430\u043b\u0441\u044f \u0441\u0442\u043e\u0439\u043a\u0438\u043c, \u0441\u043e\u0447\u0435\u0442\u0430\u0439\u0442\u0435 \u0435\u0433\u043e \u0441 \u043f\u043e\u0434\u0445\u043e\u0434\u044f\u0449\u0438\u043c \u0441\u043f\u0440\u0435\u0435\u043c \u0438\u043b\u0438 \u043f\u0430\u0440\u0444\u044e\u043c\u043e\u043c.<\/p>\n<p><strong>NB! \u041f\u0440\u0438 \u043f\u043e\u043a\u0443\u043f\u043a\u0435 \u043a\u043e\u0441\u043c\u0435\u0442\u0438\u043a\u0438 \u0432\u044b\u0431\u0435\u0440\u0438\u0442\u0435 \u043f\u043e\u0436\u0430\u043b\u0443\u0439\u0441\u0442\u0430 Smartpost \u0434\u043e\u0441\u0442\u0430\u0432\u043a\u0443!<\/strong><\/p>\n<p><span style=\"font-weight: 400;\">\ud83c\uddfa\ud83c\uddf8 Victoria\u2019s Secret Fine Fragrance Lotion(250ml)<\/span><\/p>\n<ul>\n<li><em><strong>Tease Sugar Fleur<\/strong><\/em> &#8211; Fragrance type: Floral Gourmand Notes: fresh apple, jasmine buds, pink caramel<\/li>\n<li><em><strong>Bombshell Magic<\/strong><\/em> &#8211; Fragrance type: Floral Fruity Chypre, Notes: blackberry elixir, sparkling star peony, vanilla patchouli<\/li>\n<\/ul>\n<p>Tip: For a long-lasting fragrance experience, pair with matching Eau de Parfum or Fine Fragrance Mist.<\/p>\n<p><strong>NB! When buying cosmetics, please choose a Smartpost delivery!<\/strong><\/p>\n","protected":false},"featured_media":7934,"template":"","meta":{"jetpack_publicize_message":"","jetpack_publicize_feature_enabled":true,"jetpack_social_post_already_shared":false,"jetpack_social_options":{"image_generator_settings":{"template":"highway","default_image_id":0,"font":"","enabled":false},"version":2}},"product_brand":[],"product_cat":[341],"product_tag":[],"class_list":{"0":"post-7931","1":"product","2":"type-product","3":"status-publish","4":"has-post-thumbnail","6":"product_cat-victorias-secret","7":"pa_lohn-bombshell-magic","8":"pa_lohn-tease-sugar-fleur","10":"first","11":"outofstock","12":"sale","13":"shipping-taxable","14":"product-type-variable"},"jetpack_publicize_connections":[],"jetpack_sharing_enabled":true,"jetpack_likes_enabled":true,"_links":{"self":[{"href":"https:\/\/superstore.ee\/index.php\/wp-json\/wp\/v2\/product\/7931","targetHints":{"allow":["GET"]}}],"collection":[{"href":"https:\/\/superstore.ee\/index.php\/wp-json\/wp\/v2\/product"}],"about":[{"href":"https:\/\/superstore.ee\/index.php\/wp-json\/wp\/v2\/types\/product"}],"wp:featuredmedia":[{"embeddable":true,"href":"https:\/\/superstore.ee\/index.php\/wp-json\/wp\/v2\/media\/7934"}],"wp:attachment":[{"href":"https:\/\/superstore.ee\/index.php\/wp-json\/wp\/v2\/media?parent=7931"}],"wp:term":[{"taxonomy":"product_brand","embeddable":true,"href":"https:\/\/superstore.ee\/index.php\/wp-json\/wp\/v2\/product_brand?post=7931"},{"taxonomy":"product_cat","embeddable":true,"href":"https:\/\/superstore.ee\/index.php\/wp-json\/wp\/v2\/product_cat?post=7931"},{"taxonomy":"product_tag","embeddable":true,"href":"https:\/\/superstore.ee\/index.php\/wp-json\/wp\/v2\/product_tag?post=7931"}],"curies":[{"name":"wp","href":"https:\/\/api.w.org\/{rel}","templated":true}]}}