{"id":8183,"date":"2023-02-13T12:54:36","date_gmt":"2023-02-13T10:54:36","guid":{"rendered":"https:\/\/superstore.ee\/?post_type=product&#038;p=8183"},"modified":"2023-04-09T13:35:26","modified_gmt":"2023-04-09T11:35:26","slug":"victorias-secret-komplekt-kehasprei-250ml-kehalosjoon-236ml-4","status":"publish","type":"product","link":"https:\/\/superstore.ee\/index.php\/toode\/victorias-secret-komplekt-kehasprei-250ml-kehalosjoon-236ml-4\/","title":{"rendered":"Victoria\u2019s Secret komplekt Kehasprei (250ml) + Kehalosjoon (236ml)"},"content":{"rendered":"<blockquote><p>&nbsp;<\/p><\/blockquote>\n","protected":false},"excerpt":{"rendered":"<p><span style=\"font-weight: 400;\">\ud83c\uddea\ud83c\uddeaVictoria\u2019s Secret komplekt (Kehasprei 250ml +\u00a0 Parf\u00fcmeeritud Kehalosjoon 236ml) Sky blooming fruit\u00a0<\/span><\/p>\n<p>Komplektis on <span style=\"font-weight: 400;\">Cosmic Botanical Fragrance Mist ja <\/span><span style=\"font-weight: 400;\">Cosmic Botanical Fragrance Lotion<\/span><\/p>\n<p><strong>T\u00fc\u00fcp<\/strong>: Puuviljane ja v\u00e4rske. <strong>Noodid<\/strong>: \u00f5unapuu\u00f5is, v\u00e4rske salvei, pehme sammal<\/p>\n<p><strong>NB! Kosmeetika ostmisel palun valige tarneviisiks Smartpost!<\/strong><\/p>\n<p>&nbsp;<\/p>\n<p><span style=\"font-weight: 400;\">\ud83c\uddf7\ud83c\uddfa Victoria\u2019s Secret \u043a\u043e\u043c\u043f\u043b\u0435\u043a\u0442 (\u0421\u043f\u0440\u0435\u0439 \u0434\u043b\u044f \u0442\u0435\u043b\u0430 250ml + \u041f\u0430\u0440\u0444\u044e\u043c\u0438\u0440\u043e\u0432\u0430\u043d\u043d\u044b\u0439 \u043b\u043e\u0441\u044c\u043e\u043d 236ml) Sky blooming fruit\u00a0<\/span><\/p>\n<p>\u0412 \u043a\u043e\u043c\u043f\u043b\u0435\u043a\u0442 \u0432\u0445\u043e\u0434\u044f\u0442 <span style=\"font-weight: 400;\">Cosmic Botanical Fragrance Mist \u0438 <\/span><span style=\"font-weight: 400;\">Cosmic Botanical Fragrance Lotion<\/span><\/p>\n<p><strong>\u0422\u0438\u043f<\/strong>: \u0424\u0440\u0443\u043a\u0442\u043e\u0432\u044b\u0439, \u0441\u043b\u0430\u0434\u043a\u0438\u0439. <strong>H\u043e\u0442\u044b<\/strong>: \u044f\u0431\u043b\u043e\u043d\u0435\u0432\u044b\u0439 \u0446\u0432\u0435\u0442, \u0441\u0432\u0435\u0436\u0438\u0439 \u0448\u0430\u043b\u0444\u0435\u0439, \u043c\u044f\u0433\u043a\u0438\u0439 \u043c\u043e\u0445<\/p>\n<p><strong>NB! \u041f\u0440\u0438 \u043f\u043e\u043a\u0443\u043f\u043a\u0435 \u043a\u043e\u0441\u043c\u0435\u0442\u0438\u043a\u0438 \u0432\u044b\u0431\u0435\u0440\u0438\u0442\u0435 \u043f\u043e\u0436\u0430\u043b\u0443\u0439\u0441\u0442\u0430 Smartpost \u0434\u043e\u0441\u0442\u0430\u0432\u043a\u0443!<\/strong><\/p>\n<p>&nbsp;<\/p>\n<p><span style=\"font-weight: 400;\">\ud83c\uddfa\ud83c\uddf8 Victoria\u2019s Secret sky blooming fruit Fragrance Set (Mist 250ml + Lotion 236ml)<\/span><\/p>\n<p><span style=\"font-weight: 400;\">Set includes Cosmic Botanical Fragrance Mist and <\/span><span style=\"font-weight: 400;\">Cosmic Botanical Fragrance Lotion<\/span><\/p>\n<p><strong>Type<\/strong>: Fruity and fresh Woody. <strong>Notes<\/strong>: apple blossom, fresh sage, soft moss<\/p>\n<p><strong>NB! When buying cosmetics, please choose a Smartpost delivery!<\/strong><\/p>\n","protected":false},"featured_media":8186,"template":"","meta":{"jetpack_publicize_message":"","jetpack_publicize_feature_enabled":true,"jetpack_social_post_already_shared":false,"jetpack_social_options":{"image_generator_settings":{"template":"highway","default_image_id":0,"font":"","enabled":false},"version":2}},"product_brand":[],"product_cat":[342,341],"product_tag":[],"class_list":{"0":"post-8183","1":"product","2":"type-product","3":"status-publish","4":"has-post-thumbnail","6":"product_cat-komplektid-victorias-secret","7":"product_cat-victorias-secret","8":"pa_lohn-velvet-petals","10":"first","11":"outofstock","12":"sale","13":"shipping-taxable","14":"purchasable","15":"product-type-simple"},"jetpack_publicize_connections":[],"jetpack_sharing_enabled":true,"jetpack_likes_enabled":true,"_links":{"self":[{"href":"https:\/\/superstore.ee\/index.php\/wp-json\/wp\/v2\/product\/8183","targetHints":{"allow":["GET"]}}],"collection":[{"href":"https:\/\/superstore.ee\/index.php\/wp-json\/wp\/v2\/product"}],"about":[{"href":"https:\/\/superstore.ee\/index.php\/wp-json\/wp\/v2\/types\/product"}],"wp:featuredmedia":[{"embeddable":true,"href":"https:\/\/superstore.ee\/index.php\/wp-json\/wp\/v2\/media\/8186"}],"wp:attachment":[{"href":"https:\/\/superstore.ee\/index.php\/wp-json\/wp\/v2\/media?parent=8183"}],"wp:term":[{"taxonomy":"product_brand","embeddable":true,"href":"https:\/\/superstore.ee\/index.php\/wp-json\/wp\/v2\/product_brand?post=8183"},{"taxonomy":"product_cat","embeddable":true,"href":"https:\/\/superstore.ee\/index.php\/wp-json\/wp\/v2\/product_cat?post=8183"},{"taxonomy":"product_tag","embeddable":true,"href":"https:\/\/superstore.ee\/index.php\/wp-json\/wp\/v2\/product_tag?post=8183"}],"curies":[{"name":"wp","href":"https:\/\/api.w.org\/{rel}","templated":true}]}}