{"id":8254,"date":"2023-02-19T13:05:55","date_gmt":"2023-02-19T11:05:55","guid":{"rendered":"https:\/\/superstore.ee\/?post_type=product&#038;p=8254"},"modified":"2023-05-03T12:37:31","modified_gmt":"2023-05-03T10:37:31","slug":"victorias-secret-pink-kehalosjoon-mee-ja-ingveriga-414ml","status":"publish","type":"product","link":"https:\/\/superstore.ee\/index.php\/toode\/victorias-secret-pink-kehalosjoon-mee-ja-ingveriga-414ml\/","title":{"rendered":"Victoria\u2019s Secret PINK kehalosjoon Mee ja Ingveriga (414ml)"},"content":{"rendered":"<p>\u0421\u043e\u0434\u0435\u0440\u0436\u0438\u0442 \u043c\u0435\u0434, \u044d\u043a\u0441\u0442\u0440\u0430\u043a\u0442\u0443 \u0438\u043c\u0431\u0438\u0440\u044f \u0438 \u043a\u0440\u0438\u0441\u0442\u0430\u043b\u043b\u044b \u0441\u0430\u0445\u0430\u0440\u0430. \u041f\u0440\u044f\u043d\u044b\u0439 \u043a\u043e\u0440\u0435\u043d\u044c \u0438\u043c\u0431\u0438\u0440\u044f \u043e\u043c\u043e\u043b\u0430\u0436\u0438\u0432\u0430\u0435\u0442 \u043a\u043e\u0436\u0443 \u0438 \u0441\u043f\u043e\u0441\u043e\u0431\u0441\u0442\u0432\u0443\u0435\u0442 \u0445\u043e\u0440\u043e\u0448\u0435\u043c\u0443 \u0441\u0430\u043c\u043e\u0447\u0443\u0432\u0441\u0442\u0432\u0438\u044e. \u0421\u043e\u0447\u0435\u0442\u0430\u0439\u0442\u0435 \u0441 \u043f\u043e\u0434\u0445\u043e\u0434\u044f\u0449\u0438\u043c \u0433\u0435\u043b\u0435\u043c \u0434\u043b\u044f \u0434\u0443\u0448\u0430, \u043b\u043e\u0441\u044c\u043e\u043d\u043e\u043c \u0434\u043b\u044f \u0442\u0435\u043b\u0430 \u0438\u043b\u0438 \u0443\u0432\u043b\u0430\u0436\u043d\u044f\u044e\u0449\u0438\u043c \u043c\u0430\u0441\u043b\u043e\u043c \u0434\u043b\u044f \u0442\u0435\u043b\u0430.<\/p>\n","protected":false},"excerpt":{"rendered":"<p><span style=\"font-weight: 400;\">\ud83c\uddea\ud83c\uddeaVictoria\u2019s Secret PINK kehalosjoon Mee ja Ingveriga. Suur pudel pumbaga! (414ml)<\/span><\/p>\n<p>Sisaldab mett ja ingveri ekstrakti. V\u00fcrtsikas ingverijuur noorendab nahka ja soodustab heaolutunnet. Kombineeri sobiva du\u0161igeeli, kehakoorija v\u00f5i niisutava keha\u00f5liga.<\/p>\n<p><strong>NB! Kosmeetika ostmisel palun valige tarneviisiks Smartpost!<\/strong><br \/>\n<span style=\"font-weight: 400;\">\ud83c\uddf7\ud83c\uddfa Victoria\u2019s Secret PINK \u043c\u0435\u0434\u043e\u0432\u043e-\u0438\u043c\u0431\u0438\u0440\u043d\u044b\u0439 \u043b\u043e\u0441\u044c\u043e\u043d \u0434\u043b\u044f \u0442\u0435\u043b\u0430. \u0411\u043e\u043b\u044c\u0448\u0430\u044f \u0431\u0443\u0442\u044b\u043b\u043a\u0430 \u0441 \u0434\u043e\u0437\u0430\u0442\u043e\u0440\u043e\u043c! (414 ml)<\/span><\/p>\n<p>\u0421\u043e\u0434\u0435\u0440\u0436\u0438\u0442 \u043c\u0435\u0434 \u0438 \u044d\u043a\u0441\u0442\u0440\u0430\u043a\u0442 \u0438\u043c\u0431\u0438\u0440\u044f. \u041f\u0440\u044f\u043d\u044b\u0439 \u043a\u043e\u0440\u0435\u043d\u044c \u0438\u043c\u0431\u0438\u0440\u044f \u043e\u043c\u043e\u043b\u0430\u0436\u0438\u0432\u0430\u0435\u0442 \u043a\u043e\u0436\u0443 \u0438 \u0441\u043f\u043e\u0441\u043e\u0431\u0441\u0442\u0432\u0443\u0435\u0442 \u0445\u043e\u0440\u043e\u0448\u0435\u043c\u0443 \u0441\u0430\u043c\u043e\u0447\u0443\u0432\u0441\u0442\u0432\u0438\u044e. \u0421\u043e\u0447\u0435\u0442\u0430\u0439\u0442\u0435 \u0441 \u043f\u043e\u0434\u0445\u043e\u0434\u044f\u0449\u0438\u043c \u0433\u0435\u043b\u0435\u043c \u0434\u043b\u044f \u0434\u0443\u0448\u0430, \u0441\u043a\u0440\u0430\u0431\u043e\u043c \u0434\u043b\u044f \u0442\u0435\u043b\u0430 \u0438\u043b\u0438 \u0443\u0432\u043b\u0430\u0436\u043d\u044f\u044e\u0449\u0438\u043c \u043c\u0430\u0441\u043b\u043e\u043c \u0434\u043b\u044f \u0442\u0435\u043b\u0430.<\/p>\n<p><strong>NB! \u041f\u0440\u0438 \u043f\u043e\u043a\u0443\u043f\u043a\u0435 \u043a\u043e\u0441\u043c\u0435\u0442\u0438\u043a\u0438 \u0432\u044b\u0431\u0435\u0440\u0438\u0442\u0435 \u043f\u043e\u0436\u0430\u043b\u0443\u0439\u0441\u0442\u0430 Smartpost \u0434\u043e\u0441\u0442\u0430\u0432\u043a\u0443!<\/strong><br \/>\n<span style=\"font-weight: 400;\">\ud83c\uddfa\ud83c\uddf8 Victoria\u2019s Secret PINK Honey Ginger Lotion. A big bottle with a pump! (414 ml)<\/span><\/p>\n<p>It contains honey and ginger extract. Spicy ginger root rejuvenates the skin and promotes well-being. To maximize your scent benefit, pair with matching Fragrance Body Scrub, Body Oil, and Body Wash.<\/p>\n<p><strong>NB! When buying cosmetics, please choose a Smartpost delivery!<\/strong><\/p>\n","protected":false},"featured_media":8255,"template":"","meta":{"jetpack_publicize_message":"","jetpack_publicize_feature_enabled":true,"jetpack_social_post_already_shared":false,"jetpack_social_options":{"image_generator_settings":{"template":"highway","default_image_id":0,"font":"","enabled":false},"version":2}},"product_brand":[],"product_cat":[341],"product_tag":[],"class_list":{"0":"post-8254","1":"product","2":"type-product","3":"status-publish","4":"has-post-thumbnail","6":"product_cat-victorias-secret","8":"first","9":"outofstock","10":"sale","11":"shipping-taxable","12":"purchasable","13":"product-type-simple"},"jetpack_publicize_connections":[],"jetpack_sharing_enabled":true,"jetpack_likes_enabled":true,"_links":{"self":[{"href":"https:\/\/superstore.ee\/index.php\/wp-json\/wp\/v2\/product\/8254","targetHints":{"allow":["GET"]}}],"collection":[{"href":"https:\/\/superstore.ee\/index.php\/wp-json\/wp\/v2\/product"}],"about":[{"href":"https:\/\/superstore.ee\/index.php\/wp-json\/wp\/v2\/types\/product"}],"wp:featuredmedia":[{"embeddable":true,"href":"https:\/\/superstore.ee\/index.php\/wp-json\/wp\/v2\/media\/8255"}],"wp:attachment":[{"href":"https:\/\/superstore.ee\/index.php\/wp-json\/wp\/v2\/media?parent=8254"}],"wp:term":[{"taxonomy":"product_brand","embeddable":true,"href":"https:\/\/superstore.ee\/index.php\/wp-json\/wp\/v2\/product_brand?post=8254"},{"taxonomy":"product_cat","embeddable":true,"href":"https:\/\/superstore.ee\/index.php\/wp-json\/wp\/v2\/product_cat?post=8254"},{"taxonomy":"product_tag","embeddable":true,"href":"https:\/\/superstore.ee\/index.php\/wp-json\/wp\/v2\/product_tag?post=8254"}],"curies":[{"name":"wp","href":"https:\/\/api.w.org\/{rel}","templated":true}]}}