{"id":8269,"date":"2023-02-19T15:11:29","date_gmt":"2023-02-19T13:11:29","guid":{"rendered":"https:\/\/superstore.ee\/?post_type=product&#038;p=8269"},"modified":"2023-04-09T13:33:56","modified_gmt":"2023-04-09T11:33:56","slug":"victorias-secret-labipaistev-huulelaige-piparmundioliga","status":"publish","type":"product","link":"https:\/\/superstore.ee\/index.php\/toode\/victorias-secret-labipaistev-huulelaige-piparmundioliga\/","title":{"rendered":"Victoria&#8217;s Secret l\u00e4bipaistev huulel\u00e4ige piparm\u00fcndi\u00f5liga"},"content":{"rendered":"","protected":false},"excerpt":{"rendered":"<p><span style=\"font-weight: 400;\">\ud83c\uddea\ud83c\uddea <\/span><span style=\"font-weight: 400;\">Victoria\u2019s Secret <strong>v<\/strong><\/span><strong>\u00e4rskendav huulel\u00e4ige piparm\u00fcndi\u00f5liga (<\/strong>Minty Shine Refreshing Lip Gloss ).<\/p>\n<p>Piparm\u00fcndi koostis annab huultele jahutava efekti, j\u00e4ttes need s\u00e4ravaks ja siledaks.<\/p>\n<p>V\u00e4rv &#8211; l\u00e4bipaistev.<\/p>\n<p><span style=\"font-weight: 400;\">\ud83c\uddf7\ud83c\uddfa <\/span><span style=\"font-weight: 400;\">Victoria\u2019s Secret \u043f\u0440\u043e\u0437\u0440\u0430\u0447\u043d\u044b\u0439 \u043c\u044f\u0442\u043d\u044b\u0439 \u0431\u043b\u0435\u0441\u043a<\/span> \u0434\u043b\u044f \u0433\u0443\u0431 Minty Shine<\/p>\n<p>\u0421\u043e\u0434\u0435\u0440\u0436\u0438\u0442 \u043c\u044f\u0442\u043d\u043e\u0435 \u043c\u0430\u0441\u043b\u043e. \u041c\u044f\u0442\u043d\u0430\u044f \u0444\u043e\u0440\u043c\u0443\u043b\u0430 \u043f\u0440\u0438\u0434\u0430\u0435\u0442 \u0433\u0443\u0431\u0430\u043c \u043e\u0445\u043b\u0430\u0436\u0434\u0430\u044e\u0449\u0438\u0439 \u044d\u0444\u0444\u0435\u043a\u0442, \u043f\u0440\u0438\u0434\u0430\u0432\u0430\u044f \u0438\u043c \u0441\u0438\u044f\u044e\u0449\u0438\u0439 \u0438 \u0433\u043b\u0430\u0434\u043a\u0438\u0439 \u0432\u0438\u0434.<\/p>\n<p><span style=\"font-weight: 400;\">\ud83c\uddfa\ud83c\uddf8 <\/span><span style=\"font-weight: 400;\">Victoria\u2019s Secret <strong>Minty Shine Refreshing Lip Gloss<\/strong><\/span><\/p>\n<p>Minty-fresh formula gives lips a cooling buzz for a glistening, smooth finish. Containes Peppermint Oil.<\/p>\n","protected":false},"featured_media":7185,"template":"","meta":{"jetpack_publicize_message":"","jetpack_publicize_feature_enabled":true,"jetpack_social_post_already_shared":false,"jetpack_social_options":{"image_generator_settings":{"template":"highway","default_image_id":0,"font":"","enabled":false},"version":2}},"product_brand":[],"product_cat":[341],"product_tag":[],"class_list":{"0":"post-8269","1":"product","2":"type-product","3":"status-publish","4":"has-post-thumbnail","6":"product_cat-victorias-secret","7":"pa_varv-huulekoorija-smooth-scrub-exfoliating-lip-polish","8":"pa_varv-huulelaige-minty-shine-refreshing-lip-gloss","9":"pa_varv-huulemask-lip-mask-nourishing-lip-treatment","10":"pa_varv-huulepalsam-moisture-balm-hydrating-lip-balm","12":"first","13":"outofstock","14":"sale","15":"shipping-taxable","16":"purchasable","17":"product-type-simple"},"jetpack_publicize_connections":[],"jetpack_sharing_enabled":true,"jetpack_likes_enabled":true,"_links":{"self":[{"href":"https:\/\/superstore.ee\/index.php\/wp-json\/wp\/v2\/product\/8269","targetHints":{"allow":["GET"]}}],"collection":[{"href":"https:\/\/superstore.ee\/index.php\/wp-json\/wp\/v2\/product"}],"about":[{"href":"https:\/\/superstore.ee\/index.php\/wp-json\/wp\/v2\/types\/product"}],"wp:featuredmedia":[{"embeddable":true,"href":"https:\/\/superstore.ee\/index.php\/wp-json\/wp\/v2\/media\/7185"}],"wp:attachment":[{"href":"https:\/\/superstore.ee\/index.php\/wp-json\/wp\/v2\/media?parent=8269"}],"wp:term":[{"taxonomy":"product_brand","embeddable":true,"href":"https:\/\/superstore.ee\/index.php\/wp-json\/wp\/v2\/product_brand?post=8269"},{"taxonomy":"product_cat","embeddable":true,"href":"https:\/\/superstore.ee\/index.php\/wp-json\/wp\/v2\/product_cat?post=8269"},{"taxonomy":"product_tag","embeddable":true,"href":"https:\/\/superstore.ee\/index.php\/wp-json\/wp\/v2\/product_tag?post=8269"}],"curies":[{"name":"wp","href":"https:\/\/api.w.org\/{rel}","templated":true}]}}