{"id":8496,"date":"2023-03-07T13:46:42","date_gmt":"2023-03-07T11:46:42","guid":{"rendered":"https:\/\/superstore.ee\/?post_type=product&#038;p=8496"},"modified":"2024-01-14T19:01:05","modified_gmt":"2024-01-14T17:01:05","slug":"victorias-secret-parfumeeritud-kehalosjoon-236ml-limited-edition-spring-daze","status":"publish","type":"product","link":"https:\/\/superstore.ee\/index.php\/toode\/victorias-secret-parfumeeritud-kehalosjoon-236ml-limited-edition-spring-daze\/","title":{"rendered":"Victoria\u2019s Secret parf\u00fcmeeritud kehalosjoon (236ml) Limited Edition Spring Daze"},"content":{"rendered":"","protected":false},"excerpt":{"rendered":"<p><span style=\"font-weight: 400;\">\ud83c\uddea\ud83c\uddeaVictoria\u2019s Secret parf\u00fcmeeritud kehalosjoon (236ml) Limited Edition Spring Daze<\/span><\/p>\n<ul>\n<li><strong>Petal High<\/strong> \u2022T\u00fc\u00fcp: Lilleline, Puuviljane \u2022Vahukomm, leedri nektar, apelsin<\/li>\n<li><strong>Sunshine Haze <\/strong>\u2022T\u00fc\u00fcp: V\u00e4rske lilleline \u2022 Kuslapuu. Jasmiini muskus. Maikelluke.<\/li>\n<\/ul>\n<p><strong>NB! Kosmeetika ostmisel palun valige tarneviisiks Smartpost!<\/strong><\/p>\n<p><span style=\"font-weight: 400;\">\ud83c\uddf7\ud83c\uddfa Victoria\u2019s Secret \u043f\u0430\u0440\u0444\u044e\u043c\u0438\u0440\u043e\u0432\u0430\u043d\u043d\u044b\u0439 \u043b\u043e\u0441\u044c\u043e\u043d \u0434\u043b\u044f \u0442\u0435\u043b\u0430 (236ml )Limited Edition Spring Daze\u00a0<\/span><\/p>\n<ul>\n<li aria-level=\"1\"><strong>Petal High<\/strong> \u2022\u0422\u0438\u043f: \u0426\u0432\u0435\u0442\u043e\u0447\u043d\u043e-\u0424\u0440\u0443\u043a\u0442\u043e\u0432\u044b\u0439 \u2022 \u0417\u0435\u0444\u0438\u0440, \u041d\u0435\u043a\u0442\u0430\u0440 \u0431\u0443\u0437\u0438\u043d\u044b, \u0410\u043f\u0435\u043b\u044c\u0441\u0438\u043d<\/li>\n<li><strong>Sunshine Haze<\/strong> \u2022\u0422\u0438\u043f: \u0421\u0432\u0435\u0436\u0438\u0439 \u0446\u0432\u0435\u0442\u043e\u0447\u043d\u044b\u0439\u2022 \u0416\u0438\u043c\u043e\u043b\u043e\u0441\u0442\u044c. \u0416\u0430\u0441\u043c\u0438\u043d\u043e\u0432\u044b\u0439 \u043c\u0443\u0441\u043a\u0443\u0441. \u041b\u0430\u043d\u0434\u044b\u0448.<\/li>\n<\/ul>\n<p><strong>NB! \u041f\u0440\u0438 \u043f\u043e\u043a\u0443\u043f\u043a\u0435 \u043a\u043e\u0441\u043c\u0435\u0442\u0438\u043a\u0438 \u0432\u044b\u0431\u0435\u0440\u0438\u0442\u0435 \u043f\u043e\u0436\u0430\u043b\u0443\u0439\u0441\u0442\u0430 Smartpost \u0434\u043e\u0441\u0442\u0430\u0432\u043a\u0443!<\/strong><\/p>\n<p><span style=\"font-weight: 400;\">\ud83c\uddfa\ud83c\uddf8 Victoria\u2019s Secret Limited Edition Spring Daze Fragrance Lotion (236ml)<\/span><\/p>\n<ul>\n<li><strong>Petal High <\/strong>\u2022Type: Floral Fruity \u2022Marshmallow flower. Elderberry nectar. Orange blossom. Dancing with the breeze.<\/li>\n<li><span style=\"font-weight: 400;\"><strong>Sunshine Haze<\/strong> <\/span>\u2022Type: Fresh Floral. \u2022\u00a0Airy honeysuckle. Jasmine musk. Lily of the valley.<\/li>\n<\/ul>\n<p><strong>NB! When buying cosmetics, please choose a Smartpost delivery.<\/strong><\/p>\n","protected":false},"featured_media":8524,"template":"","meta":{"jetpack_publicize_message":"","jetpack_publicize_feature_enabled":true,"jetpack_social_post_already_shared":false,"jetpack_social_options":{"image_generator_settings":{"template":"highway","default_image_id":0,"font":"","enabled":false},"version":2}},"product_brand":[],"product_cat":[341],"product_tag":[],"class_list":{"0":"post-8496","1":"product","2":"type-product","3":"status-publish","4":"has-post-thumbnail","6":"product_cat-victorias-secret","7":"pa_lohn-petal-high","8":"pa_lohn-sunshine-haze","10":"first","11":"outofstock","12":"sale","13":"shipping-taxable","14":"product-type-variable"},"jetpack_publicize_connections":[],"jetpack_sharing_enabled":true,"jetpack_likes_enabled":true,"_links":{"self":[{"href":"https:\/\/superstore.ee\/index.php\/wp-json\/wp\/v2\/product\/8496","targetHints":{"allow":["GET"]}}],"collection":[{"href":"https:\/\/superstore.ee\/index.php\/wp-json\/wp\/v2\/product"}],"about":[{"href":"https:\/\/superstore.ee\/index.php\/wp-json\/wp\/v2\/types\/product"}],"wp:featuredmedia":[{"embeddable":true,"href":"https:\/\/superstore.ee\/index.php\/wp-json\/wp\/v2\/media\/8524"}],"wp:attachment":[{"href":"https:\/\/superstore.ee\/index.php\/wp-json\/wp\/v2\/media?parent=8496"}],"wp:term":[{"taxonomy":"product_brand","embeddable":true,"href":"https:\/\/superstore.ee\/index.php\/wp-json\/wp\/v2\/product_brand?post=8496"},{"taxonomy":"product_cat","embeddable":true,"href":"https:\/\/superstore.ee\/index.php\/wp-json\/wp\/v2\/product_cat?post=8496"},{"taxonomy":"product_tag","embeddable":true,"href":"https:\/\/superstore.ee\/index.php\/wp-json\/wp\/v2\/product_tag?post=8496"}],"curies":[{"name":"wp","href":"https:\/\/api.w.org\/{rel}","templated":true}]}}