{"id":8872,"date":"2023-03-19T17:37:56","date_gmt":"2023-03-19T15:37:56","guid":{"rendered":"https:\/\/superstore.ee\/?post_type=product&#038;p=8872"},"modified":"2023-08-17T13:59:29","modified_gmt":"2023-08-17T11:59:29","slug":"victorias-secret-komplekt-kehasprei-250ml-kehalosjoon-236ml-apple","status":"publish","type":"product","link":"https:\/\/superstore.ee\/index.php\/toode\/victorias-secret-komplekt-kehasprei-250ml-kehalosjoon-236ml-apple\/","title":{"rendered":"Victoria\u2019s Secret komplekt Kehasprei (250ml) + Kehalosjoon (236ml) Apple"},"content":{"rendered":"","protected":false},"excerpt":{"rendered":"<p><span style=\"font-weight: 400;\">\ud83c\uddea\ud83c\uddeaVictoria\u2019s Secret komplekt (PINK Kehasprei 250ml + Parf\u00fcmeeritud Kehalosjoon 236ml)<\/span><\/p>\n<p>Komplektis on <strong>Moon Spiced Apple<\/strong> parf\u00fcmeeritud kehalosjoon<span style=\"font-weight: 400;\">\u00a0ja Victoria&#8217;s Secret PINK <strong>Basic Apple<\/strong><\/span><span style=\"font-weight: 400;\"> Kehasprei<\/span><\/p>\n<ul>\n<li><span style=\"font-weight: 400;\"><strong>Basic Apple<\/strong><\/span><span style=\"font-weight: 400;\"> Kehasprei: T\u00fc\u00fcp: Soe puuviljane \u2022 \u00d5un, mesi \u2022 Eeterlike \u00f5lidega<\/span><\/li>\n<li><strong>Moon Spiced Apple<\/strong> kehalosjoon: T\u00fc\u00fcp: puuviljane, magus. Noodid: \u00f5un, soe vahtrasuhkur, ingver<\/li>\n<\/ul>\n<p><strong>NB! Kosmeetika ostmisel palun valige tarneviisiks Smartpost!<\/strong><\/p>\n<p>&nbsp;<\/p>\n<p><span style=\"font-weight: 400;\">\ud83c\uddf7\ud83c\uddfa Victoria\u2019s Secret \u043a\u043e\u043c\u043f\u043b\u0435\u043a\u0442 (PINK \u0421\u043f\u0440\u0435\u0439 \u0434\u043b\u044f \u0442\u0435\u043b\u0430 250ml + \u041f\u0430\u0440\u0444\u044e\u043c\u0438\u0440\u043e\u0432\u0430\u043d\u043d\u044b\u0439 \u043b\u043e\u0441\u044c\u043e\u043d 236ml)<\/span><\/p>\n<p>\u0412 \u043a\u043e\u043c\u043f\u043b\u0435\u043a\u0442 \u0432\u0445\u043e\u0434\u044f\u0442 <span style=\"font-weight: 400;\"><strong>Basic Apple<\/strong><\/span><span style=\"font-weight: 400;\"> \u041c\u0438\u0441\u0442 \u0438 <strong>Moon Spiced Apple <\/strong>\u043f\u0430\u0440\u0444\u044e\u043c\u0438\u0440\u043e\u0432\u0430\u043d\u043d\u044b\u0439 \u043b\u043e\u0441\u044c\u043e\u043d \u0434\u043b\u044f \u0442\u0435\u043b\u0430<\/span><\/p>\n<ul>\n<li><span style=\"font-weight: 400;\"><strong>Basic Apple<\/strong><\/span><span style=\"font-weight: 400;\"> \u041c\u0438\u0441\u0442: \u0422\u0438\u043f: \u0422\u0435\u043f\u043b\u044b\u0439 \u0444\u0440\u0443\u043a\u0442\u043e\u0432\u044b\u0439 \u2022 \u042f\u0431\u043b\u043e\u0447\u043d\u044b\u0439, \u043c\u0435\u0434\u043e\u0432\u044b\u0439 \u2022 \u0421 \u044d\u0444\u0438\u0440\u043d\u044b\u043c\u0438 \u043c\u0430\u0441\u043b\u0430\u043c\u0438<\/span><\/li>\n<li><strong>Moon Spiced Apple<\/strong> <span style=\"font-weight: 400;\">\u043f\u0430\u0440\u0444\u044e\u043c\u0438\u0440\u043e\u0432\u0430\u043d\u043d\u044b\u0439 \u043b\u043e\u0441\u044c\u043e\u043d<\/span>: \u0422\u0438\u043f: \u0444\u0440\u0443\u043a\u0442\u043e\u0432\u044b\u0439, \u0441\u043b\u0430\u0434\u043a\u0438\u0439. \u041d\u043e\u0442\u044b: \u044f\u0431\u043b\u043e\u043a\u043e, \u0442\u0435\u043f\u043b\u044b\u0439 \u043a\u043b\u0435\u043d\u043e\u0432\u044b\u0439 \u0441\u0430\u0445\u0430\u0440, \u0438\u043c\u0431\u0438\u0440\u044c.<\/li>\n<\/ul>\n<p><strong>NB! \u041f\u0440\u0438 \u043f\u043e\u043a\u0443\u043f\u043a\u0435 \u043a\u043e\u0441\u043c\u0435\u0442\u0438\u043a\u0438 \u0432\u044b\u0431\u0435\u0440\u0438\u0442\u0435 \u043f\u043e\u0436\u0430\u043b\u0443\u0439\u0441\u0442\u0430 Smartpost \u0434\u043e\u0441\u0442\u0430\u0432\u043a\u0443!<\/strong><\/p>\n<p><span style=\"font-weight: 400;\">\ud83c\uddfa\ud83c\uddf8 Victoria\u2019s Secret Fragrance Set (PINK Mist 250ml + Fragarance Lotion 236ml)<\/span><\/p>\n<p><span style=\"font-weight: 400;\">Set includes <strong>Basic Apple<\/strong> Mist and <strong>Moon Spiced Apple<\/strong><\/span><span style=\"font-weight: 400;\">\u00a0Fragrance Lotion<\/span><\/p>\n<ul>\n<li><span style=\"font-weight: 400;\"><strong>Basic Apple<\/strong><\/span><span style=\"font-weight: 400;\"> Type: Warm fruity \u2022 Apple, honey \u2022 With essential oils<\/span><\/li>\n<li><strong>Moon Spiced Apple<\/strong> Type: fruity, sweet. Notes: apple, warm maple sugar, ginger<\/li>\n<\/ul>\n<p><strong>NB! When buying cosmetics, please choose a Smartpost delivery!<\/strong><\/p>\n","protected":false},"featured_media":8879,"template":"","meta":{"jetpack_publicize_message":"","jetpack_publicize_feature_enabled":true,"jetpack_social_post_already_shared":false,"jetpack_social_options":{"image_generator_settings":{"template":"highway","default_image_id":0,"font":"","enabled":false},"version":2}},"product_brand":[],"product_cat":[342,341],"product_tag":[],"class_list":{"0":"post-8872","1":"product","2":"type-product","3":"status-publish","4":"has-post-thumbnail","6":"product_cat-komplektid-victorias-secret","7":"product_cat-victorias-secret","9":"first","10":"outofstock","11":"sale","12":"shipping-taxable","13":"purchasable","14":"product-type-simple"},"jetpack_publicize_connections":[],"jetpack_sharing_enabled":true,"jetpack_likes_enabled":true,"_links":{"self":[{"href":"https:\/\/superstore.ee\/index.php\/wp-json\/wp\/v2\/product\/8872","targetHints":{"allow":["GET"]}}],"collection":[{"href":"https:\/\/superstore.ee\/index.php\/wp-json\/wp\/v2\/product"}],"about":[{"href":"https:\/\/superstore.ee\/index.php\/wp-json\/wp\/v2\/types\/product"}],"wp:featuredmedia":[{"embeddable":true,"href":"https:\/\/superstore.ee\/index.php\/wp-json\/wp\/v2\/media\/8879"}],"wp:attachment":[{"href":"https:\/\/superstore.ee\/index.php\/wp-json\/wp\/v2\/media?parent=8872"}],"wp:term":[{"taxonomy":"product_brand","embeddable":true,"href":"https:\/\/superstore.ee\/index.php\/wp-json\/wp\/v2\/product_brand?post=8872"},{"taxonomy":"product_cat","embeddable":true,"href":"https:\/\/superstore.ee\/index.php\/wp-json\/wp\/v2\/product_cat?post=8872"},{"taxonomy":"product_tag","embeddable":true,"href":"https:\/\/superstore.ee\/index.php\/wp-json\/wp\/v2\/product_tag?post=8872"}],"curies":[{"name":"wp","href":"https:\/\/api.w.org\/{rel}","templated":true}]}}