{"id":9004,"date":"2023-03-26T16:37:35","date_gmt":"2023-03-26T14:37:35","guid":{"rendered":"https:\/\/superstore.ee\/?post_type=product&#038;p=9004"},"modified":"2024-06-03T07:00:39","modified_gmt":"2024-06-03T05:00:39","slug":"victorias-secret-parfumeeritud-kehalosjoon-236ml-hand-and-body-lotion","status":"publish","type":"product","link":"https:\/\/superstore.ee\/index.php\/toode\/victorias-secret-parfumeeritud-kehalosjoon-236ml-hand-and-body-lotion\/","title":{"rendered":"Victoria\u2019s Secret parf\u00fcmeeritud kehalosjoon (236ml) Hand and Body Lotion"},"content":{"rendered":"","protected":false},"excerpt":{"rendered":"<p><span style=\"font-weight: 400;\">\ud83c\uddea\ud83c\uddea<\/span>Victoria\u2019s Secret parf\u00fcmeeritud kehalosjoon (236ml). Limited Edition Serene Escape Nourishing Hand and Body Lotion<\/p>\n<ul>\n<li><span style=\"font-weight: 400;\"><strong>Horizon In Bloom<\/strong> &#8211; T\u00fc\u00fcp: Puuviljane Lilleline \u2022 Roosa kaktus. Virsiku nektar. Metslilled.<\/span><\/li>\n<li><span style=\"font-weight: 400;\"><strong>Early Morning Sun<\/strong> &#8211; T\u00fc\u00fcp: Soe lilleline \u2022 Apelsini\u00f5is. Valge j\u00f5uluvana. Mets.<\/span><\/li>\n<li><span style=\"font-weight: 400;\"><strong>Beneath The Palms<\/strong> &#8211; T\u00fc\u00fcp: V\u00e4rske lilleline \u2022 Valge paju. Aloe Vera. M\u00e4gi\u00f5hk.<\/span><\/li>\n<\/ul>\n<p><strong>NB! Kosmeetika ostmisel palun valige tarneviisiks Smartpost!<\/strong><\/p>\n<p><span style=\"font-weight: 400;\">\ud83c\uddf7\ud83c\uddfa Victoria\u2019s Secret \u043f\u0430\u0440\u0444\u044e\u043c\u0438\u0440\u043e\u0432\u0430\u043d\u043d\u044b\u0439 \u043b\u043e\u0441\u044c\u043e\u043d (236\u043c\u043bl). Limited Edition Serene Escape Nourishing Hand and Body Lotion<\/span><\/p>\n<ul>\n<li><span style=\"font-weight: 400;\"><strong>Horizon In Bloom<\/strong> &#8211; \u0422\u0438\u043f: \u0424\u0440\u0443\u043a\u0442\u043e\u0432\u043e-\u0446\u0432\u0435\u0442\u043e\u0447\u043d\u044b\u0439 \u2022 \u0420\u043e\u0437\u043e\u0432\u044b\u0439 \u043a\u0430\u043a\u0442\u0443\u0441. \u041f\u0435\u0440\u0441\u0438\u043a\u043e\u0432\u044b\u0439 \u043d\u0435\u043a\u0442\u0430\u0440. \u0412\u0434\u0430\u043b\u0435\u043a\u0435 \u043c\u0435\u0440\u0446\u0430\u044e\u0442 \u043f\u043e\u043b\u0435\u0432\u044b\u0435 \u0446\u0432\u0435\u0442\u044b.<\/span><\/li>\n<li><span style=\"font-weight: 400;\"><strong>Early Morning Sun<\/strong> &#8211; \u0422\u0438\u043f: \u0422\u0435\u043f\u043b\u044b\u0439 \u0446\u0432\u0435\u0442\u043e\u0447\u043d\u044b\u0439 \u2022 \u0410\u043f\u0435\u043b\u044c\u0441\u0438\u043d\u043e\u0432\u044b\u0439 \u0446\u0432\u0435\u0442. \u0411\u0435\u043b\u044b\u0439 \u0421\u0430\u043d\u0442\u0430\u043b. \u041b\u0435\u0441, \u0441\u043e\u0433\u0440\u0435\u0442\u044b\u0439 \u043e\u0442\u0431\u043b\u0435\u0441\u043a\u043e\u043c \u0441\u0432\u0435\u0442\u0430.<\/span><\/li>\n<li><span style=\"font-weight: 400;\"><strong>Beneath The Palms<\/strong> &#8211; \u0422\u0438\u043f: \u0421\u0432\u0435\u0436\u0438\u0439 \u0446\u0432\u0435\u0442\u043e\u0447\u043d\u044b\u0439 \u2022 \u0411\u0435\u043b\u0430\u044f \u0438\u0432\u0430. \u0410\u043b\u043e\u044d \u0432\u0435\u0440\u0430. \u0413\u043e\u0440\u043d\u044b\u0439 \u0432\u043e\u0437\u0434\u0443\u0445.<\/span><\/li>\n<\/ul>\n<p><strong>NB! \u041f\u0440\u0438 \u043f\u043e\u043a\u0443\u043f\u043a\u0435 \u043a\u043e\u0441\u043c\u0435\u0442\u0438\u043a\u0438 \u0432\u044b\u0431\u0435\u0440\u0438\u0442\u0435 \u043f\u043e\u0436\u0430\u043b\u0443\u0439\u0441\u0442\u0430 Smartpost \u0434\u043e\u0441\u0442\u0430\u0432\u043a\u0443!<\/strong><\/p>\n<p><span style=\"font-weight: 400;\">\ud83c\uddfa\ud83c\uddf8Victoria\u2019s Secret Limited Edition Serene Escape Nourishing Hand and Body Lotion(236ml)<\/span><\/p>\n<ul>\n<li><span style=\"font-weight: 400;\"><strong>Horizon In Bloom<\/strong> &#8211; Type: Fruity Floral \u2022 Pink Cactus. Peach Nectar. Wildflowers shimmer in the distance.<\/span><\/li>\n<li><span style=\"font-weight: 400;\"><strong>Early Morning Sun<\/strong> &#8211; Type: Warm Floral \u2022 Orange Blossom. White Santal. Woods warmed by the glow of light.<\/span><\/li>\n<li><span style=\"font-weight: 400;\"><strong>Beneath The Palms<\/strong> &#8211; Type: Fresh Floral \u2022 White Willow. Aloe Vera. Mountain Air.<\/span><\/li>\n<\/ul>\n<p><strong>NB! When buying cosmetics, please choose a Smartpost delivery!<\/strong><\/p>\n","protected":false},"featured_media":13156,"template":"","meta":{"jetpack_publicize_message":"","jetpack_publicize_feature_enabled":true,"jetpack_social_post_already_shared":false,"jetpack_social_options":{"image_generator_settings":{"template":"highway","default_image_id":0,"font":"","enabled":false},"version":2}},"product_brand":[],"product_cat":[631,341],"product_tag":[],"class_list":{"0":"post-9004","1":"product","2":"type-product","3":"status-publish","4":"has-post-thumbnail","6":"product_cat-sale","7":"product_cat-victorias-secret","8":"pa_lohn-beneath-the-palms","9":"pa_lohn-early-morning-sun","10":"pa_lohn-horizon-in-bloom","12":"first","13":"outofstock","14":"sale","15":"shipping-taxable","16":"product-type-variable"},"jetpack_publicize_connections":[],"jetpack_sharing_enabled":true,"jetpack_likes_enabled":true,"_links":{"self":[{"href":"https:\/\/superstore.ee\/index.php\/wp-json\/wp\/v2\/product\/9004","targetHints":{"allow":["GET"]}}],"collection":[{"href":"https:\/\/superstore.ee\/index.php\/wp-json\/wp\/v2\/product"}],"about":[{"href":"https:\/\/superstore.ee\/index.php\/wp-json\/wp\/v2\/types\/product"}],"wp:featuredmedia":[{"embeddable":true,"href":"https:\/\/superstore.ee\/index.php\/wp-json\/wp\/v2\/media\/13156"}],"wp:attachment":[{"href":"https:\/\/superstore.ee\/index.php\/wp-json\/wp\/v2\/media?parent=9004"}],"wp:term":[{"taxonomy":"product_brand","embeddable":true,"href":"https:\/\/superstore.ee\/index.php\/wp-json\/wp\/v2\/product_brand?post=9004"},{"taxonomy":"product_cat","embeddable":true,"href":"https:\/\/superstore.ee\/index.php\/wp-json\/wp\/v2\/product_cat?post=9004"},{"taxonomy":"product_tag","embeddable":true,"href":"https:\/\/superstore.ee\/index.php\/wp-json\/wp\/v2\/product_tag?post=9004"}],"curies":[{"name":"wp","href":"https:\/\/api.w.org\/{rel}","templated":true}]}}