{"id":943,"date":"2022-01-15T18:11:26","date_gmt":"2022-01-15T16:11:26","guid":{"rendered":"https:\/\/superstore.ee\/index.php\/toode\/toode-2\/"},"modified":"2022-07-01T12:56:25","modified_gmt":"2022-07-01T10:56:25","slug":"toode-2","status":"publish","type":"product","link":"https:\/\/superstore.ee\/index.php\/toode\/toode-2\/","title":{"rendered":"Naiste Calvin Klein dressikleit"},"content":{"rendered":"","protected":false},"excerpt":{"rendered":"<p>\ud83c\uddea\ud83c\uddea Uus originaalne naiste Calvin Klein dressikleit<br \/>\nSuurus: 16a, sobib S suurusele<br \/>\nM\u00f5\u00f5tmed: rind 106cm, pusa 96cm, \u00fcldpikkus 97cm<br \/>\nMaterjal: 100% orgaaniline puuvill<\/p>\n<p>\ud83c\uddf7\ud83c\uddfa \u041d\u043e\u0432\u043e\u0435 \u043e\u0440\u0438\u0433\u0438\u043d\u0430\u043b\u044c\u043d\u043e\u0435 \u0436\u0435\u043d\u0441\u043a\u043e\u0435 \u043f\u043b\u0430\u0442\u044c\u0435 \u0441\u0432\u0438\u0442\u0448\u043e\u0442 Calvin Klein<br \/>\n\u0420\u0430\u0437\u043c\u0435\u0440: 16\u043b\u0435\u0442, \u043f\u043e\u0434\u043e\u0439\u0434\u0451\u0442 \u043d\u0430 S<br \/>\n\u041f\u0430\u0440\u0430\u043c\u0435\u0442\u0440\u044b: \u0433\u0440\u0443\u0434\u044c 106\u0441\u043c, \u0431\u0435\u0434\u0440\u0430 96\u0441\u043c, \u043e\u0431\u0449\u0430\u044f \u0434\u043b\u0438\u043d\u0430 97\u0441\u043c<br \/>\n\u041c\u0430\u0442\u0435\u0440\u0438\u0430\u043b: 100% \u043e\u0440\u0433\u0430\u043d\u0438\u0447\u0435\u0441\u043a\u0438\u0439 \u0445\u043b\u043e\u043f\u043e\u043a<\/p>\n<p>\ud83c\uddfa\ud83c\uddf8 Women&#8217;s Calvin Klein sweatshirt dress<br \/>\nSize: 16y, fits S<br \/>\nParameters: chest 106cm, hips 96cm, total length 97cm<br \/>\nMaterial: 100% organic cotton<\/p>\n","protected":false},"featured_media":934,"template":"","meta":{"jetpack_publicize_message":"","jetpack_publicize_feature_enabled":true,"jetpack_social_post_already_shared":true,"jetpack_social_options":{"image_generator_settings":{"template":"highway","default_image_id":0,"font":"","enabled":false},"version":2}},"product_brand":[],"product_cat":[15],"product_tag":[],"class_list":{"0":"post-943","1":"product","2":"type-product","3":"status-publish","4":"has-post-thumbnail","6":"product_cat-maaramata","8":"first","9":"outofstock","10":"sale","11":"shipping-taxable","12":"purchasable","13":"product-type-simple"},"jetpack_publicize_connections":[],"jetpack_sharing_enabled":true,"jetpack_likes_enabled":true,"_links":{"self":[{"href":"https:\/\/superstore.ee\/index.php\/wp-json\/wp\/v2\/product\/943","targetHints":{"allow":["GET"]}}],"collection":[{"href":"https:\/\/superstore.ee\/index.php\/wp-json\/wp\/v2\/product"}],"about":[{"href":"https:\/\/superstore.ee\/index.php\/wp-json\/wp\/v2\/types\/product"}],"wp:featuredmedia":[{"embeddable":true,"href":"https:\/\/superstore.ee\/index.php\/wp-json\/wp\/v2\/media\/934"}],"wp:attachment":[{"href":"https:\/\/superstore.ee\/index.php\/wp-json\/wp\/v2\/media?parent=943"}],"wp:term":[{"taxonomy":"product_brand","embeddable":true,"href":"https:\/\/superstore.ee\/index.php\/wp-json\/wp\/v2\/product_brand?post=943"},{"taxonomy":"product_cat","embeddable":true,"href":"https:\/\/superstore.ee\/index.php\/wp-json\/wp\/v2\/product_cat?post=943"},{"taxonomy":"product_tag","embeddable":true,"href":"https:\/\/superstore.ee\/index.php\/wp-json\/wp\/v2\/product_tag?post=943"}],"curies":[{"name":"wp","href":"https:\/\/api.w.org\/{rel}","templated":true}]}}