{"id":9622,"date":"2023-04-12T18:49:19","date_gmt":"2023-04-12T16:49:19","guid":{"rendered":"https:\/\/superstore.ee\/?post_type=product&#038;p=9622"},"modified":"2023-12-06T17:17:43","modified_gmt":"2023-12-06T15:17:43","slug":"kiko-milano-joyful-holiday-oh-oh-oh-my-lips-kit","status":"publish","type":"product","link":"https:\/\/superstore.ee\/index.php\/toode\/kiko-milano-joyful-holiday-oh-oh-oh-my-lips-kit\/","title":{"rendered":"KIKO Milano komplekt (huulepulk + n\u00e4htamatu huulelainer + kosmeetikakott)"},"content":{"rendered":"","protected":false},"excerpt":{"rendered":"<div class=\"ProductDetails__Name visible-md\">\n<div class=\"ProductDetails__Description visible-md\" role=\"heading\" data-size=\"medium\" aria-level=\"1\">\n<div class=\"woocommerce-product-details__short-description\">\n<p>\ud83c\uddea\ud83c\uddea KIKO Milano komplekt (n\u00e4htamatu huulelainer + kosmeetikakott +\u00a0huulepulk)<\/p>\n<ol>\n<li>\u00dclimatt vedel huulepulk (06 Poppy red)<\/li>\n<li>N\u00e4htamatu huulelainer. Loob v\u00e4rvitu barj\u00e4\u00e4ri, mis hoiab \u00e4ra l\u00e4igete ja huulepulkade kihistumise.<\/li>\n<li>Kosmeetikakott (20 x 15 cm)<\/li>\n<\/ol>\n<\/div>\n<div class=\"woocommerce-product-details__short-description\">\n<p>\ud83c\uddf7\ud83c\uddfa \u041d\u0430\u0431\u043e\u0440 KIKO Milano (\u0431\u0435\u0441\u0446\u0432\u0435\u0442\u043d\u0430\u044f \u043f\u043e\u0434\u0432\u043e\u0434\u043a\u0430 \u0434\u043b\u044f \u0433\u0443\u0431 + \u043a\u043e\u0441\u043c\u0435\u0442\u0438\u0447\u043a\u0430 + \u043f\u043e\u043c\u0430\u0434\u0430)<\/p>\n<ol>\n<li>\u0423\u043b\u044c\u0442\u0440\u0430\u043c\u0430\u0442\u043e\u0432\u0430\u044f \u0436\u0438\u0434\u043a\u0430\u044f \u043f\u043e\u043c\u0430\u0434\u0430 \u0441 \u0431\u0430\u0440\u0445\u0430\u0442\u0438\u0441\u0442\u043e\u0439 \u0442\u0435\u043a\u0441\u0442\u0443\u0440\u043e\u0439 (06 Poppy red)<\/li>\n<li>\u0411\u0435\u0441\u0446\u0432\u0435\u0442\u043d\u044b\u0439 \u043a\u0430\u0440\u0430\u043d\u0434\u0430\u0448 \u0434\u043b\u044f \u0433\u0443\u0431. C\u043e\u0437\u0434\u0430\u0435\u0442 \u0431\u0435\u0441\u0446\u0432\u0435\u0442\u043d\u044b\u0439 \u0431\u0430\u0440\u044c\u0435\u0440, \u043f\u0440\u0435\u043f\u044f\u0442\u0441\u0442\u0432\u0443\u044e\u0449\u0438\u0439 \u0440\u0430\u0441\u0442\u0435\u043a\u0430\u043d\u0438\u044e \u043f\u043e\u043c\u0430\u0434\u044b.<\/li>\n<li>\u041a\u043e\u0441\u043c\u0435\u0442\u0438\u0447\u043a\u0430 (20 x 15 cm)<\/li>\n<\/ol>\n<p>\ud83c\uddfa\ud83c\uddf8 KIKO Milano Joyful Holiday Oh Oh Oh My Lips Kit<\/p>\n<\/div>\n<\/div>\n<ol>\n<li>Instant Colour Matte Liquid Lip Colours (06 Poppy red)<\/li>\n<li>Invisible Lip Liner<\/li>\n<li>Make-up and accessories pouch<\/li>\n<\/ol>\n<\/div>\n<div class=\"ReviewIndicator__Points\" data-value=\"5\" data-component=\"ReviewIndicator\" data-boilerplate-active=\"true\">\n<div class=\"StarWrapper\"><\/div>\n<div class=\"StarWrapper\"><\/div>\n<div class=\"StarWrapper\"><\/div>\n<div class=\"StarWrapper\"><\/div>\n<div class=\"StarWrapper\"><\/div>\n<\/div>\n","protected":false},"featured_media":9628,"template":"","meta":{"jetpack_publicize_message":"","jetpack_publicize_feature_enabled":true,"jetpack_social_post_already_shared":false,"jetpack_social_options":{"image_generator_settings":{"template":"highway","default_image_id":0,"font":"","enabled":false},"version":2}},"product_brand":[],"product_cat":[340],"product_tag":[],"class_list":{"0":"post-9622","1":"product","2":"type-product","3":"status-publish","4":"has-post-thumbnail","6":"product_cat-kiko-milano","8":"first","9":"outofstock","10":"shipping-taxable","11":"purchasable","12":"product-type-simple"},"jetpack_publicize_connections":[],"jetpack_sharing_enabled":true,"jetpack_likes_enabled":true,"_links":{"self":[{"href":"https:\/\/superstore.ee\/index.php\/wp-json\/wp\/v2\/product\/9622","targetHints":{"allow":["GET"]}}],"collection":[{"href":"https:\/\/superstore.ee\/index.php\/wp-json\/wp\/v2\/product"}],"about":[{"href":"https:\/\/superstore.ee\/index.php\/wp-json\/wp\/v2\/types\/product"}],"wp:featuredmedia":[{"embeddable":true,"href":"https:\/\/superstore.ee\/index.php\/wp-json\/wp\/v2\/media\/9628"}],"wp:attachment":[{"href":"https:\/\/superstore.ee\/index.php\/wp-json\/wp\/v2\/media?parent=9622"}],"wp:term":[{"taxonomy":"product_brand","embeddable":true,"href":"https:\/\/superstore.ee\/index.php\/wp-json\/wp\/v2\/product_brand?post=9622"},{"taxonomy":"product_cat","embeddable":true,"href":"https:\/\/superstore.ee\/index.php\/wp-json\/wp\/v2\/product_cat?post=9622"},{"taxonomy":"product_tag","embeddable":true,"href":"https:\/\/superstore.ee\/index.php\/wp-json\/wp\/v2\/product_tag?post=9622"}],"curies":[{"name":"wp","href":"https:\/\/api.w.org\/{rel}","templated":true}]}}