{"id":9679,"date":"2023-04-13T13:47:07","date_gmt":"2023-04-13T11:47:07","guid":{"rendered":"https:\/\/superstore.ee\/?post_type=product&#038;p=9679"},"modified":"2024-06-13T10:43:25","modified_gmt":"2024-06-13T08:43:25","slug":"kiko-milano-invisible-lip-liner","status":"publish","type":"product","link":"https:\/\/superstore.ee\/index.php\/toode\/kiko-milano-invisible-lip-liner\/","title":{"rendered":"N\u00e4htamatu huulelainer KIKO Milano Invisible Lip Liner"},"content":{"rendered":"","protected":false},"excerpt":{"rendered":"<div class=\"woocommerce-product-details__short-description\">\ud83c\uddea\ud83c\uddea N\u00e4htamatu huulepliiats KIKO Milano. Loob v\u00e4rvitu barj\u00e4\u00e4ri, mis hoiab \u00e4ra l\u00e4igete ja huulepulkade kihistumise. V\u00f5ib kasutada mis tahes tooni huulepulga v\u00f5i l\u00e4ikega. T\u00e4nu oma pehmele tekstuurile libiseb see pingutuseta ega ole kunagi kleepuv.<\/div>\n<div class=\"woocommerce-product-details__short-description\">\n<p>\ud83c\uddf7\ud83c\uddfa \u0411\u0435\u0441\u0446\u0432\u0435\u0442\u043d\u044b\u0439 \u043a\u0430\u0440\u0430\u043d\u0434\u0430\u0448 \u0434\u043b\u044f \u0433\u0443\u0431 KIKO Milano. C\u043e\u0437\u0434\u0430\u0435\u0442 \u0431\u0435\u0441\u0446\u0432\u0435\u0442\u043d\u044b\u0439 \u0431\u0430\u0440\u044c\u0435\u0440, \u043f\u0440\u0435\u043f\u044f\u0442\u0441\u0442\u0432\u0443\u044e\u0449\u0438\u0439 \u0440\u0430\u0441\u0442\u0435\u043a\u0430\u043d\u0438\u044e \u0431\u043b\u0435\u0441\u043a\u043e\u0432 \u0438 \u043f\u043e\u043c\u0430\u0434. \u041c\u043e\u0436\u043d\u043e \u0438\u0441\u043f\u043e\u043b\u044c\u0437\u043e\u0432\u0430\u0442\u044c \u0441 \u043b\u044e\u0431\u044b\u043c \u043e\u0442\u0442\u0435\u043d\u043a\u043e\u043c \u043f\u043e\u043c\u0430\u0434. \u0411\u043b\u0430\u0433\u043e\u0434\u0430\u0440\u044f \u0441\u0432\u043e\u0435\u0439 \u043c\u044f\u0433\u043a\u043e\u0439 \u0442\u0435\u043a\u0441\u0442\u0443\u0440\u0435 \u043e\u043d \u043b\u0435\u0433\u043a\u043e \u0441\u043a\u043e\u043b\u044c\u0437\u0438\u0442 \u043f\u043e \u043a\u043e\u0436\u0435 \u0438 \u043d\u0438\u043a\u043e\u0433\u0434\u0430 \u043d\u0435 \u043e\u0441\u0442\u0430\u0435\u0442\u0441\u044f \u043b\u0438\u043f\u043a\u0438\u043c.<\/p>\n<p>\ud83c\uddfa\ud83c\uddf8 KIKO Milano Invisible Lip Liner. Clear lip pencil that creates a colourless barrier which prevents glosses and lipsticks from feathering. Can be used with any shade of lipstick or gloss. Thanks to its soft texture, it glides on effortlessly and is never sticky.<\/p>\n<\/div>\n","protected":false},"featured_media":9684,"template":"","meta":{"jetpack_publicize_message":"","jetpack_publicize_feature_enabled":true,"jetpack_social_post_already_shared":false,"jetpack_social_options":{"image_generator_settings":{"template":"highway","default_image_id":0,"font":"","enabled":false},"version":2}},"product_brand":[],"product_cat":[340,631],"product_tag":[],"class_list":{"0":"post-9679","1":"product","2":"type-product","3":"status-publish","4":"has-post-thumbnail","6":"product_cat-kiko-milano","7":"product_cat-sale","9":"first","10":"outofstock","11":"sale","12":"shipping-taxable","13":"purchasable","14":"product-type-simple"},"jetpack_publicize_connections":[],"jetpack_sharing_enabled":true,"jetpack_likes_enabled":true,"_links":{"self":[{"href":"https:\/\/superstore.ee\/index.php\/wp-json\/wp\/v2\/product\/9679","targetHints":{"allow":["GET"]}}],"collection":[{"href":"https:\/\/superstore.ee\/index.php\/wp-json\/wp\/v2\/product"}],"about":[{"href":"https:\/\/superstore.ee\/index.php\/wp-json\/wp\/v2\/types\/product"}],"wp:featuredmedia":[{"embeddable":true,"href":"https:\/\/superstore.ee\/index.php\/wp-json\/wp\/v2\/media\/9684"}],"wp:attachment":[{"href":"https:\/\/superstore.ee\/index.php\/wp-json\/wp\/v2\/media?parent=9679"}],"wp:term":[{"taxonomy":"product_brand","embeddable":true,"href":"https:\/\/superstore.ee\/index.php\/wp-json\/wp\/v2\/product_brand?post=9679"},{"taxonomy":"product_cat","embeddable":true,"href":"https:\/\/superstore.ee\/index.php\/wp-json\/wp\/v2\/product_cat?post=9679"},{"taxonomy":"product_tag","embeddable":true,"href":"https:\/\/superstore.ee\/index.php\/wp-json\/wp\/v2\/product_tag?post=9679"}],"curies":[{"name":"wp","href":"https:\/\/api.w.org\/{rel}","templated":true}]}}