{"id":9698,"date":"2023-04-13T15:16:25","date_gmt":"2023-04-13T13:16:25","guid":{"rendered":"https:\/\/superstore.ee\/?post_type=product&#038;p=9698"},"modified":"2023-12-30T14:56:52","modified_gmt":"2023-12-30T12:56:52","slug":"kiko-milano-lost-in-amalfi-24h-lasting-click-mascara","status":"publish","type":"product","link":"https:\/\/superstore.ee\/index.php\/toode\/kiko-milano-lost-in-amalfi-24h-lasting-click-mascara\/","title":{"rendered":"Vol\u00fc\u00fcmi andev ripsmetu\u0161\u0161 KIKO Milano Lost In Amalfi 24h Lasting Click Mascara"},"content":{"rendered":"","protected":false},"excerpt":{"rendered":"<div class=\"ProductDetails__Sub hidden-md\">\n<p>\ud83c\uddea\ud83c\uddea Vol\u00fc\u00fcmi andev ripsmetu\u0161\u0161 KIKO Milano (must). P\u00fcsib kuni 24 tundi.<\/p>\n<ul>\n<li>Harja disain tagab \u00fchtlase jaotumise kogu ripsmete pikkuses, ilma t\u00fckkide ja plekkideta.<\/li>\n<li>Rikastatud saialille ekstraktiga.<\/li>\n<\/ul>\n<p>\ud83c\uddf7\ud83c\uddfa \u041f\u0440\u0438\u0434\u0430\u044e\u0449\u0430\u044f \u043e\u0431\u044a\u0435\u043c \u0442\u0443\u0448\u044c \u0434\u043b\u044f \u0440\u0435\u0441\u043d\u0438\u0446 KIKO Milano \u0441 \u044d\u043a\u0441\u0442\u0440\u0435\u043c\u0430\u043b\u044c\u043d\u043e\u0439 24-\u0447\u0430\u0441\u043e\u0432\u043e\u0439 \u0444\u0438\u043a\u0441\u0430\u0446\u0438\u0435\u0439 (\u0447\u0435\u0440\u043d\u0430\u044f)<\/p>\n<ul>\n<li>\u041a\u043e\u043d\u0441\u0442\u0440\u0443\u043a\u0446\u0438\u044f \u0449\u0435\u0442\u043e\u0447\u043a\u0438 \u043e\u0431\u0435\u0441\u043f\u0435\u0447\u0438\u0432\u0430\u0435\u0442 \u0440\u0430\u0432\u043d\u043e\u043c\u0435\u0440\u043d\u043e\u0435 \u0440\u0430\u0441\u043f\u0440\u0435\u0434\u0435\u043b\u0435\u043d\u0438\u0435 \u043f\u043e \u0432\u0441\u0435\u0439 \u0434\u043b\u0438\u043d\u0435 \u0440\u0435\u0441\u043d\u0438\u0446, \u0431\u0435\u0437 \u043a\u043e\u043c\u043e\u0447\u043a\u043e\u0432 \u0438 \u043f\u044f\u0442\u0435\u043d<\/li>\n<li>\u041e\u0431\u043e\u0433\u0430\u0449\u0435\u043d\u0430 \u044d\u043a\u0441\u0442\u0440\u0430\u043a\u0442\u043e\u043c \u043a\u0430\u043b\u0435\u043d\u0434\u0443\u043b\u044b.<\/li>\n<\/ul>\n<p>\ud83c\uddfa\ud83c\uddf8 KIKO Milano Lost In Amalfi 24h Lasting Click Mascara (black). Volume-enhancing extreme 24-hour hold mascara.<\/p>\n<ul>\n<li>The design of the fibre brush enables even distribution along the full length of the lashes, without clumps or smudges;<\/li>\n<li>The formula, with a blend of waxes and polymers, ensures up to 24-hour hold*;<\/li>\n<li>It\u2019s enriched with marigold extract.<\/li>\n<\/ul>\n<\/div>\n","protected":false},"featured_media":9722,"template":"","meta":{"jetpack_publicize_message":"","jetpack_publicize_feature_enabled":true,"jetpack_social_post_already_shared":false,"jetpack_social_options":{"image_generator_settings":{"template":"highway","default_image_id":0,"font":"","enabled":false},"version":2}},"product_brand":[],"product_cat":[340],"product_tag":[],"class_list":{"0":"post-9698","1":"product","2":"type-product","3":"status-publish","4":"has-post-thumbnail","6":"product_cat-kiko-milano","8":"first","9":"outofstock","10":"shipping-taxable","11":"purchasable","12":"product-type-simple"},"jetpack_publicize_connections":[],"jetpack_sharing_enabled":true,"jetpack_likes_enabled":true,"_links":{"self":[{"href":"https:\/\/superstore.ee\/index.php\/wp-json\/wp\/v2\/product\/9698","targetHints":{"allow":["GET"]}}],"collection":[{"href":"https:\/\/superstore.ee\/index.php\/wp-json\/wp\/v2\/product"}],"about":[{"href":"https:\/\/superstore.ee\/index.php\/wp-json\/wp\/v2\/types\/product"}],"wp:featuredmedia":[{"embeddable":true,"href":"https:\/\/superstore.ee\/index.php\/wp-json\/wp\/v2\/media\/9722"}],"wp:attachment":[{"href":"https:\/\/superstore.ee\/index.php\/wp-json\/wp\/v2\/media?parent=9698"}],"wp:term":[{"taxonomy":"product_brand","embeddable":true,"href":"https:\/\/superstore.ee\/index.php\/wp-json\/wp\/v2\/product_brand?post=9698"},{"taxonomy":"product_cat","embeddable":true,"href":"https:\/\/superstore.ee\/index.php\/wp-json\/wp\/v2\/product_cat?post=9698"},{"taxonomy":"product_tag","embeddable":true,"href":"https:\/\/superstore.ee\/index.php\/wp-json\/wp\/v2\/product_tag?post=9698"}],"curies":[{"name":"wp","href":"https:\/\/api.w.org\/{rel}","templated":true}]}}