{"id":9702,"date":"2023-04-13T14:36:34","date_gmt":"2023-04-13T12:36:34","guid":{"rendered":"https:\/\/superstore.ee\/?post_type=product&#038;p=9702"},"modified":"2023-12-06T14:11:40","modified_gmt":"2023-12-06T12:11:40","slug":"kiko-milano-instant-colour-matte-liquid-lip-colour","status":"publish","type":"product","link":"https:\/\/superstore.ee\/index.php\/toode\/kiko-milano-instant-colour-matte-liquid-lip-colour\/","title":{"rendered":"\u00dclimatt vedel huulepulk KIKO Milano Instant Colour Matte Liquid Lip Colour"},"content":{"rendered":"","protected":false},"excerpt":{"rendered":"<div class=\"ProductDetails__Name visible-md\">\n<div class=\"ProductDetails__Description visible-md\" role=\"heading\" data-size=\"medium\" aria-level=\"1\">\ud83c\uddea\ud83c\uddea Vedel huulepulk KIKO Milano Instant Colour Matte Liquid Lip Colour (06 Poppy red)<\/div>\n<ul>\n<li class=\"ProductDetails__Description visible-md\" role=\"heading\" data-size=\"medium\" aria-level=\"1\">Vedela sametise tekstuuriga \u00fclimatt vedel huulepulk<\/li>\n<li class=\"ProductDetails__Description visible-md\" role=\"heading\" data-size=\"medium\" aria-level=\"1\">Selle taime\u00f5lidega rikastatud valem tagab kauakestva mugavustunde.<\/li>\n<li class=\"ProductDetails__Description visible-md\" role=\"heading\" data-size=\"medium\" aria-level=\"1\">T\u00e4nu uue p\u00f5lvkonna flokeeritud aplikaatorile kantakse v\u00e4rv huultele kauakestva mati ilme saamiseks.<\/li>\n<\/ul>\n<div role=\"heading\" data-size=\"medium\" aria-level=\"1\">\n<p>\ud83c\uddf7\ud83c\uddfa \u0423\u043b\u044c\u0442\u0440\u0430\u043c\u0430\u0442\u043e\u0432\u0430\u044f \u0436\u0438\u0434\u043a\u0430\u044f \u043f\u043e\u043c\u0430\u0434\u0430 KIKO Milano \u0441 \u0431\u0430\u0440\u0445\u0430\u0442\u0438\u0441\u0442\u043e\u0439 \u0442\u0435\u043a\u0441\u0442\u0443\u0440\u043e\u0439 (06 Poppy red)<\/p>\n<ul>\n<li>\u0427\u0438\u0441\u0442\u044b\u0439, \u043d\u0430\u0441\u044b\u0449\u0435\u043d\u043d\u044b\u0439 \u0446\u0432\u0435\u0442 \u0438 \u0441\u0442\u043e\u0439\u043a\u0438\u0439 \u043c\u0430\u0442\u043e\u0432\u044b\u0439 \u0432\u0438\u0434<\/li>\n<li>\u0411\u043b\u0430\u0433\u043e\u0434\u0430\u0440\u044f \u0430\u043f\u043f\u043b\u0438\u043a\u0430\u0442\u043e\u0440\u0443 \u043d\u043e\u0432\u043e\u0433\u043e \u043f\u043e\u043a\u043e\u043b\u0435\u043d\u0438\u044f \u0446\u0432\u0435\u0442 \u043d\u0430\u043d\u043e\u0441\u0438\u0442\u0441\u044f \u043d\u0430 \u0433\u0443\u0431\u044b \u0440\u0430\u0432\u043d\u043e\u043c\u0435\u0440\u043d\u043e \u0438 \u043b\u0435\u0433\u043a\u043e.<\/li>\n<li>\u041e\u0431\u043e\u0433\u0430\u0449\u0435\u043d\u0430 \u0440\u0430\u0441\u0442\u0438\u0442\u0435\u043b\u044c\u043d\u044b\u043c\u0438 \u043c\u0430\u0441\u043b\u0430\u043c\u0438, \u0447\u0442\u043e \u0433\u0430\u0440\u0430\u043d\u0442\u0438\u0440\u0443\u0435\u0442 \u0434\u043b\u0438\u0442\u0435\u043b\u044c\u043d\u043e\u0435 \u043e\u0449\u0443\u0449\u0435\u043d\u0438\u0435 \u043a\u043e\u043c\u0444\u043e\u0440\u0442\u0430.<\/li>\n<\/ul>\n<\/div>\n<div role=\"heading\" data-size=\"medium\" aria-level=\"1\">\ud83c\uddfa\ud83c\uddf8 KIKO Milano Instant Colour Matte Liquid Lip Colour (06 Poppy red)<\/div>\n<\/div>\n<div class=\"ReviewIndicator__Points\" data-value=\"4.5\" data-component=\"ReviewIndicator\" data-boilerplate-active=\"true\">\n<div class=\"StarWrapper\">\n<ul>\n<li>An ultra-matte liquid lipstick with a fluid, velvety texture, richly pigmented for pure, high-intensity colour.<\/li>\n<li>Its formula, enriched with vegetable oils, guarantees a long-lasting feeling of comfort.<\/li>\n<li>Thanks to the new-generation flocked applicator, the colour is set onto the lips for a long-lasting matte look.<\/li>\n<\/ul>\n<\/div>\n<div class=\"StarWrapper\"><\/div>\n<div class=\"StarWrapper\"><\/div>\n<div class=\"StarWrapper\"><\/div>\n<\/div>\n","protected":false},"featured_media":10765,"template":"","meta":{"jetpack_publicize_message":"","jetpack_publicize_feature_enabled":true,"jetpack_social_post_already_shared":false,"jetpack_social_options":{"image_generator_settings":{"template":"highway","default_image_id":0,"font":"","enabled":false},"version":2}},"product_brand":[],"product_cat":[340],"product_tag":[],"class_list":{"0":"post-9702","1":"product","2":"type-product","3":"status-publish","4":"has-post-thumbnail","6":"product_cat-kiko-milano","8":"first","9":"outofstock","10":"sale","11":"shipping-taxable","12":"purchasable","13":"product-type-simple"},"jetpack_publicize_connections":[],"jetpack_sharing_enabled":true,"jetpack_likes_enabled":true,"_links":{"self":[{"href":"https:\/\/superstore.ee\/index.php\/wp-json\/wp\/v2\/product\/9702","targetHints":{"allow":["GET"]}}],"collection":[{"href":"https:\/\/superstore.ee\/index.php\/wp-json\/wp\/v2\/product"}],"about":[{"href":"https:\/\/superstore.ee\/index.php\/wp-json\/wp\/v2\/types\/product"}],"wp:featuredmedia":[{"embeddable":true,"href":"https:\/\/superstore.ee\/index.php\/wp-json\/wp\/v2\/media\/10765"}],"wp:attachment":[{"href":"https:\/\/superstore.ee\/index.php\/wp-json\/wp\/v2\/media?parent=9702"}],"wp:term":[{"taxonomy":"product_brand","embeddable":true,"href":"https:\/\/superstore.ee\/index.php\/wp-json\/wp\/v2\/product_brand?post=9702"},{"taxonomy":"product_cat","embeddable":true,"href":"https:\/\/superstore.ee\/index.php\/wp-json\/wp\/v2\/product_cat?post=9702"},{"taxonomy":"product_tag","embeddable":true,"href":"https:\/\/superstore.ee\/index.php\/wp-json\/wp\/v2\/product_tag?post=9702"}],"curies":[{"name":"wp","href":"https:\/\/api.w.org\/{rel}","templated":true}]}}