{"id":9870,"date":"2023-04-14T10:17:43","date_gmt":"2023-04-14T08:17:43","guid":{"rendered":"https:\/\/superstore.ee\/?post_type=product&#038;p=9870"},"modified":"2023-07-29T17:22:44","modified_gmt":"2023-07-29T15:22:44","slug":"kiko-milano-komplekt-3d-huulelaige-ripsmetuss-lauvarv","status":"publish","type":"product","link":"https:\/\/superstore.ee\/index.php\/toode\/kiko-milano-komplekt-3d-huulelaige-ripsmetuss-lauvarv\/","title":{"rendered":"KIKO Milano Komplekt (3D huulel\u00e4ige + ripsmetu\u0161\u0161 + lauv\u00e4rv)"},"content":{"rendered":"","protected":false},"excerpt":{"rendered":"<p>\ud83c\uddea\ud83c\uddea KIKO Milano Komplekt (3D huulel\u00e4ige + ripsmetu\u0161\u0161 + lauv\u00e4rv)<\/p>\n<ol>\n<li>Ripsmeid kujundav<strong> ripsmetu\u0161\u0161 <\/strong>KIKO Milano<strong>.<\/strong>\u00a0Maxi aplikaator katab iga ripsme, suurendades neid vol\u00fc\u00fcmi. Sisaldab jojoba\u00f5li ja taimevaha ripsmete kaitsmiseks. (Luxurious Lashes Maxi Volume Brush Mascara).<\/li>\n<li>KIKO Milano<strong> lauv\u00e4rv <\/strong>millel on kohene v\u00e4rvivabastus ning kahekordne m\u00e4rg- ja kuivkasutus. Pehme kreemjas tekstuur annab s\u00e4ra ja kauakestva v\u00e4rvi (Water Eyeshadow 200: eyeshadow)<\/li>\n<li>KIKO Milano <strong>3D-efektiga pehmendav huulel\u00e4ige. <\/strong>Muudab huuled s\u00e4ravamaks ja t\u00e4idlasemaks (3D Hydra Lipgloss 017)<\/li>\n<\/ol>\n<p>\ud83c\uddf7\ud83c\uddfa KIKO Milano \u041a\u043e\u043c\u043f\u043b\u0435\u043a\u0442 (3D \u0431\u043b\u0435\u0441\u043a \u0434\u043b\u044f \u0433\u0443\u0431 + \u0442\u0443\u0448\u044c + \u0442\u0435\u043d\u0438)<\/p>\n<ol>\n<li>KIKO Milano <strong>\u0443\u0432\u043b\u0430\u0436\u043d\u044f\u044e\u0449\u0438\u0439 \u0431\u043b\u0435\u0441\u043a \u0434\u043b\u044f \u0433\u0443\u0431<\/strong> \u0441 \u044d\u0444\u0444\u0435\u043a\u0442\u043e\u043c 3D. \u0414\u0435\u043b\u0430\u0435\u0442 \u0433\u0443\u0431\u044b \u0441\u0438\u044f\u044e\u0449\u0438\u043c\u0438 \u0438 \u0431\u043e\u043b\u0435\u0435 \u043f\u0443\u0445\u043b\u044b\u043c\u0438.<\/li>\n<li><strong>\u0412\u043e\u0434\u043d\u044b\u0435 \u0442\u0435\u043d\u0438<\/strong> \u0434\u043b\u044f \u0432\u0435\u043a KIKO Milano \u0441 \u043c\u0433\u043d\u043e\u0432\u0435\u043d\u043d\u044b\u043c \u0432\u044b\u0434\u0435\u043b\u0435\u043d\u0438\u0435\u043c \u0446\u0432\u0435\u0442\u0430 \u0438 \u0432\u043e\u0437\u043c\u043e\u0436\u043d\u043e\u0441\u0442\u044c\u044e \u0434\u0432\u043e\u0439\u043d\u043e\u0433\u043e \u043d\u0430\u043d\u0435\u0441\u0435\u043d\u0438\u044f \u0441\u0443\u0445\u0438\u043c \u0438 \u0432\u043b\u0430\u0436\u043d\u044b\u043c \u0441\u043f\u043e\u0441\u043e\u0431\u043e\u043c. \u041c\u044f\u0433\u043a\u0430\u044f, \u043a\u0440\u0435\u043c\u043e\u0432\u0430\u044f \u0442\u0435\u043a\u0441\u0442\u0443\u0440\u0430 \u043f\u0440\u0438\u0434\u0430\u0435\u0442 \u0447\u0438\u0441\u0442\u043e\u0435 \u0441\u0438\u044f\u043d\u0438\u0435 \u0438 \u0441\u0442\u043e\u0439\u043a\u0438\u0439 \u0446\u0432\u0435\u0442. (\u0426\u0432\u0435\u0442 200 Champagne)<\/li>\n<li><strong>\u0422\u0443\u0448\u044c \u0434\u043b\u044f \u0440\u0435\u0441\u043d\u0438\u0446<\/strong> KIKO Milano, \u043f\u0440\u0435\u043e\u0431\u0440\u0430\u0436\u0430\u044e\u0449\u0430\u044f \u0440\u0435\u0441\u043d\u0438\u0446\u044b. \u041c\u0430\u043a\u0441\u0438-\u0430\u043f\u043f\u043b\u0438\u043a\u0430\u0442\u043e\u0440 \u043f\u043e\u043a\u0440\u044b\u0432\u0430\u0435\u0442 \u043a\u0430\u0436\u0434\u0443\u044e \u0440\u0435\u0441\u043d\u0438\u0447\u043a\u0443, \u043f\u0440\u0438\u0434\u0430\u0432\u0430\u044f \u043e\u0431\u044a\u0435\u043c \u0438 \u0447\u0435\u0442\u043a\u043e\u0441\u0442\u044c \u0447\u0435\u0442\u043a\u043e\u0441\u0442\u044c \u0440\u0435\u0441\u043d\u0438\u0446 \u043e\u0442 \u043e\u0441\u043d\u043e\u0432\u0430\u043d\u0438\u044f. \u0421\u043e\u0434\u0435\u0440\u0436\u0438\u0442 \u043c\u0430\u0441\u043b\u043e \u0436\u043e\u0436\u043e\u0431\u0430 \u0438 \u0440\u0430\u0441\u0442\u0438\u0442\u0435\u043b\u044c\u043d\u044b\u0439 \u0432\u043e\u0441\u043a, \u0447\u0442\u043e \u0437\u0430\u0449\u0438\u0449\u0430\u0435\u0442 \u0440\u0435\u0441\u043d\u0438\u0446\u044b.<\/li>\n<\/ol>\n<p>\ud83c\uddfa\ud83c\uddf8 KIKO Milano Joyful Holiday Queen Of The Ball Makeup Kit<\/p>\n<ol>\n<li>Luxurious Lashes Maxi Volume Brush Mascara<\/li>\n<li>Water Eyeshadow 200: eyeshadow<\/li>\n<li>3D Hydra Lipgloss 017<\/li>\n<\/ol>\n","protected":false},"featured_media":9867,"template":"","meta":{"jetpack_publicize_message":"","jetpack_publicize_feature_enabled":true,"jetpack_social_post_already_shared":false,"jetpack_social_options":{"image_generator_settings":{"template":"highway","default_image_id":0,"font":"","enabled":false},"version":2}},"product_brand":[],"product_cat":[340],"product_tag":[],"class_list":{"0":"post-9870","1":"product","2":"type-product","3":"status-publish","4":"has-post-thumbnail","6":"product_cat-kiko-milano","8":"first","9":"outofstock","10":"shipping-taxable","11":"purchasable","12":"product-type-simple"},"jetpack_publicize_connections":[],"jetpack_sharing_enabled":true,"jetpack_likes_enabled":true,"_links":{"self":[{"href":"https:\/\/superstore.ee\/index.php\/wp-json\/wp\/v2\/product\/9870","targetHints":{"allow":["GET"]}}],"collection":[{"href":"https:\/\/superstore.ee\/index.php\/wp-json\/wp\/v2\/product"}],"about":[{"href":"https:\/\/superstore.ee\/index.php\/wp-json\/wp\/v2\/types\/product"}],"wp:featuredmedia":[{"embeddable":true,"href":"https:\/\/superstore.ee\/index.php\/wp-json\/wp\/v2\/media\/9867"}],"wp:attachment":[{"href":"https:\/\/superstore.ee\/index.php\/wp-json\/wp\/v2\/media?parent=9870"}],"wp:term":[{"taxonomy":"product_brand","embeddable":true,"href":"https:\/\/superstore.ee\/index.php\/wp-json\/wp\/v2\/product_brand?post=9870"},{"taxonomy":"product_cat","embeddable":true,"href":"https:\/\/superstore.ee\/index.php\/wp-json\/wp\/v2\/product_cat?post=9870"},{"taxonomy":"product_tag","embeddable":true,"href":"https:\/\/superstore.ee\/index.php\/wp-json\/wp\/v2\/product_tag?post=9870"}],"curies":[{"name":"wp","href":"https:\/\/api.w.org\/{rel}","templated":true}]}}